{"id":4974,"date":"2024-01-11T12:03:03","date_gmt":"2024-01-11T11:03:03","guid":{"rendered":"https:\/\/marbera-studio.com\/?page_id=4974"},"modified":"2026-02-02T11:40:14","modified_gmt":"2026-02-02T10:40:14","slug":"about-us","status":"publish","type":"page","link":"https:\/\/marbera-studio.com\/fr\/about-us\/","title":{"rendered":"D\u00e9couvrez Marbera"},"content":{"rendered":"<div class=\"wpb-content-wrapper\"><div class=\"vc_row wpb_row row top-row swap-on-mobile vc_custom_1770027911195 vc_column-gap-30 vc_row-o-equal-height vc_row-o-content-top vc_row-flex wpb_custom_034b39d9bc6c6b310d69e39f0ccf274f\"><div class=\"vc_column_container col-md-5\"><div class=\"wpb_wrapper vc_column-inner\"><div class=\"porto-u-heading  wpb_custom_76bdd862991d410b997f19b0fcb07b7b porto-u-ad87e2eaf3f9c495180fe0156ddf3eb0\"><div class=\"porto-u-main-heading\"><h2   style=\"margin-bottom: 40px;\">A PROPOS<\/h2><\/div><div class=\"porto-u-sub-heading\" style=\"\">Fond\u00e9e par Cyril et Laura, MARBERA, bas\u00e9e \u00e0 Paris et fa\u00e7onn\u00e9e dans nos ateliers italiens, se sp\u00e9cialise dans la transformation des plus belles pierres du monde en meubles en marbre d&#8217;exception. Notre concentration sur le marbre, incluant des tables en marbre et des tables basses en marbre, est compl\u00e9t\u00e9e par une gamme vari\u00e9e de gemmes, source d&#8217;inspiration pour nos cr\u00e9ations.<\/p>\n<p>Cyril et Laura supervisent personnellement la cr\u00e9ation de chaque pi\u00e8ce unique, de la s\u00e9lection du meilleur marbre pour nos tables \u00e0 l&#8217;ex\u00e9cution finale. MARBERA est n\u00e9e d&#8217;une profonde admiration pour le marbre et l&#8217;onyx, avec pour mission de transformer ces pierres en meubles en marbre fonctionnels et intemporels, s&#8217;int\u00e9grant parfaitement dans vos espaces int\u00e9rieurs.<\/p>\n<p>Rejoignez Cyril et Laura pour vivre la passion et l&#8217;expertise infus\u00e9es dans chaque cr\u00e9ation MARBERA, o\u00f9 l&#8217;artisanat rencontre l&#8217;art, donnant vie \u00e0 l&#8217;attrait des plus belles pierres dans chaque meuble en marbre.<\/div><style>.porto-u-ad87e2eaf3f9c495180fe0156ddf3eb0.porto-u-heading{text-align:left}<\/style><\/div><div class=\"vc_empty_space\"   style=\"height: 50px\"><span class=\"vc_empty_space_inner\"><\/span><\/div><\/div><\/div><div class=\"vc_column_container col-md-1\"><div class=\"wpb_wrapper vc_column-inner\"><\/div><\/div><div class=\"vc_column_container col-md-6 vc_custom_1770027855694\"><div class=\"wpb_wrapper vc_column-inner\">\r\n\t<div class=\"wpb_single_image wpb_content_element vc_align_center wpb_content_element  wpb_custom_81a4f7ef9830bf958462581aa01150fb\"><div class=\"wpb_wrapper\">\r\n\t\t\t\r\n\t\t\t<div class=\"vc_single_image-wrapper   vc_box_border_grey\"><img decoding=\"async\" width=\"1621\" height=\"1920\" src=\"https:\/\/marbera-studio.com\/wp-content\/uploads\/2024\/07\/shoot-cyril-lolo-2-web.jpg\" class=\"vc_single_image-img attachment-full wvs-archive-product-image\" alt=\"\" title=\"shoot-cyril-lolo-2---web\" srcset=\"https:\/\/marbera-studio.com\/wp-content\/uploads\/2024\/07\/shoot-cyril-lolo-2-web.jpg 1621w, https:\/\/marbera-studio.com\/wp-content\/uploads\/2024\/07\/shoot-cyril-lolo-2-web-765x906.jpg 765w, https:\/\/marbera-studio.com\/wp-content\/uploads\/2024\/07\/shoot-cyril-lolo-2-web-865x1024.jpg 865w, https:\/\/marbera-studio.com\/wp-content\/uploads\/2024\/07\/shoot-cyril-lolo-2-web-768x910.jpg 768w, https:\/\/marbera-studio.com\/wp-content\/uploads\/2024\/07\/shoot-cyril-lolo-2-web-1297x1536.jpg 1297w, https:\/\/marbera-studio.com\/wp-content\/uploads\/2024\/07\/shoot-cyril-lolo-2-web-640x758.jpg 640w, https:\/\/marbera-studio.com\/wp-content\/uploads\/2024\/07\/shoot-cyril-lolo-2-web-400x474.jpg 400w\" sizes=\"(max-width: 1621px) 100vw, 1621px\" \/><\/div>\r\n\t\t<\/div>\r\n\t<\/div>\r\n<\/div><\/div><\/div><div class=\"vc_row wpb_row row top-row vc_column-gap-35 vc_row-o-equal-height vc_row-o-content-top vc_row-flex wpb_custom_034b39d9bc6c6b310d69e39f0ccf274f\"><div class=\"vc_column_container col-md-5\"><div class=\"wpb_wrapper vc_column-inner\"><div class=\"porto-u-heading  wpb_custom_76bdd862991d410b997f19b0fcb07b7b porto-u-ad87e2eaf3f9c495180fe0156ddf3eb0\"><div class=\"porto-u-main-heading\"><h2   style=\"margin-bottom: 40px;\">COLLECTION MARBERA<\/h2><\/div><div class=\"porto-u-sub-heading\" style=\"\">Explorez l&#8217;\u00e9l\u00e9gance fonctionnelle de la COLLECTION MARBERA, o\u00f9 chaque table en marbre, des tables rondes aux tables basses en marbre, est un t\u00e9moignage de design intemporel et d&#8217;artisanat in\u00e9gal\u00e9.<\/p>\n<p>Nos pi\u00e8ces, fa\u00e7onn\u00e9es \u00e0 partir de tranches de marbre et d&#8217;onyx soigneusement s\u00e9lectionn\u00e9es, sont choisies pour leur beaut\u00e9 et raret\u00e9. Notre engagement envers l&#8217;unicit\u00e9 va au-del\u00e0 de l&#8217;esth\u00e9tique, chaque meuble en marbre, y compris les tables, est con\u00e7u pour \u00e9quilibrer fonctionnalit\u00e9 et d\u00e9licatesse.<\/p>\n<p>L&#8217;individualit\u00e9 dans le design et les mat\u00e9riaux fait de chaque cr\u00e9ation MARBERA un chef-d&#8217;\u0153uvre unique, d\u00e9montrant notre d\u00e9vouement \u00e0 l&#8217;artisanat.<\/p>\n<p>Veuillez pr\u00e9voir un d\u00e9lai de 4 \u00e0 6 semaines pour la livraison de votre table en marbre ou meuble sur mesure, fabriqu\u00e9 avec pr\u00e9cision et soin.<\/div><style>.porto-u-ad87e2eaf3f9c495180fe0156ddf3eb0.porto-u-heading{text-align:left}<\/style><\/div><div class=\"vc_empty_space\"   style=\"height: 50px\"><span class=\"vc_empty_space_inner\"><\/span><\/div><\/div><\/div><div class=\"vc_column_container col-md-1\"><div class=\"wpb_wrapper vc_column-inner\"><\/div><\/div><div class=\"vc_column_container col-md-6 vc_custom_1770027846592\"><div class=\"wpb_wrapper vc_column-inner\">\r\n\t<div class=\"wpb_single_image wpb_content_element vc_align_left wpb_content_element  wpb_custom_81a4f7ef9830bf958462581aa01150fb\"><div class=\"wpb_wrapper\">\r\n\t\t\t\r\n\t\t\t<div class=\"vc_single_image-wrapper   vc_box_border_grey\"><img decoding=\"async\" width=\"1440\" height=\"1723\" src=\"https:\/\/marbera-studio.com\/wp-content\/uploads\/2025\/09\/gianni-carre-1.jpg\" class=\"vc_single_image-img attachment-full wvs-archive-product-image\" alt=\"\" title=\"gianni carre\" srcset=\"https:\/\/marbera-studio.com\/wp-content\/uploads\/2025\/09\/gianni-carre-1.jpg 1440w, https:\/\/marbera-studio.com\/wp-content\/uploads\/2025\/09\/gianni-carre-1-765x915.jpg 765w, https:\/\/marbera-studio.com\/wp-content\/uploads\/2025\/09\/gianni-carre-1-856x1024.jpg 856w, https:\/\/marbera-studio.com\/wp-content\/uploads\/2025\/09\/gianni-carre-1-768x919.jpg 768w, https:\/\/marbera-studio.com\/wp-content\/uploads\/2025\/09\/gianni-carre-1-1284x1536.jpg 1284w, https:\/\/marbera-studio.com\/wp-content\/uploads\/2025\/09\/gianni-carre-1-640x766.jpg 640w, https:\/\/marbera-studio.com\/wp-content\/uploads\/2025\/09\/gianni-carre-1-400x479.jpg 400w\" sizes=\"(max-width: 1440px) 100vw, 1440px\" \/><\/div>\r\n\t\t<\/div>\r\n\t<\/div>\r\n<\/div><\/div><\/div><div class=\"vc_row wpb_row row top-row swap-on-mobile vc_column-gap-30 vc_row-o-equal-height vc_row-o-content-top vc_row-flex wpb_custom_034b39d9bc6c6b310d69e39f0ccf274f\"><div class=\"vc_column_container col-md-5 text-left\"><div class=\"wpb_wrapper vc_column-inner\"><div class=\"porto-u-heading  wpb_custom_76bdd862991d410b997f19b0fcb07b7b porto-u-ad87e2eaf3f9c495180fe0156ddf3eb0\"><div class=\"porto-u-main-heading\"><h2   style=\"margin-bottom: 40px;\">PRODUCTION MARBERA<\/h2><\/div><div class=\"porto-u-sub-heading\" style=\"\">Nich\u00e9e en Italie, l&#8217;usine MARBERA se dresse comme un phare d&#8217;excellence artisanale. Ici, notre \u00e9quipe d&#8217;artisans infuse passion et comp\u00e9tence dans chaque cr\u00e9ation, y compris les tables et meubles en marbre.<\/p>\n<p>Alliant tradition et innovation, nous assurons que chaque table et meuble en marbre est un t\u00e9moignage \u00e0 la fois d&#8217;un artisanat ancestral et d&#8217;une pr\u00e9cision moderne. Notre attention m\u00e9ticuleuse aux d\u00e9tails est \u00e9vidente \u00e0 chaque \u00e9tape, de la s\u00e9lection du marbre pour nos tables aux finitions finales, refl\u00e9tant notre engagement envers une qualit\u00e9 irr\u00e9prochable.<\/p>\n<p>L&#8217;usine MARBERA est plus qu&#8217;un site de production ; c&#8217;est l\u00e0 o\u00f9 l&#8217;art et la technique se rejoignent pour donner vie \u00e0 chaque pi\u00e8ce de mobilier en marbre, transformant les mati\u00e8res premi\u00e8res en pi\u00e8ces intemporelles qui rehaussent vos espaces de vie avec beaut\u00e9 et fonctionnalit\u00e9.<\/div><style>.porto-u-ad87e2eaf3f9c495180fe0156ddf3eb0.porto-u-heading{text-align:left}<\/style><\/div><\/div><\/div><div class=\"vc_column_container col-md-1\"><div class=\"wpb_wrapper vc_column-inner\"><\/div><\/div><div class=\"vc_column_container col-md-6 vc_custom_1770027866320\"><div class=\"wpb_wrapper vc_column-inner\">\n\t<div class=\"wpb_raw_code wpb_raw_html wpb_content_element vc_custom_1770028008527\" >\n\t\t<div class=\"wpb_wrapper\">\n\t\t\t<video autoplay loop muted playsinline class=\"video-background\">\n  <source src=\"https:\/\/marbera-studio.com\/wp-content\/uploads\/2024\/11\/MARBERA.mp4\" type=\"video\/mp4\">\n<\/video>\n\t\t<\/div>\n\t<\/div>\n<\/div><\/div><\/div><div class=\"vc_row wpb_row row top-row wpb_custom_034b39d9bc6c6b310d69e39f0ccf274f\"><div class=\"vc_column_container col-md-12\"><div class=\"wpb_wrapper vc_column-inner\"><div class=\"vc_empty_space\"   style=\"height: 45px\"><span class=\"vc_empty_space_inner\"><\/span><\/div><\/div><\/div><\/div><div class=\"vc_row wpb_row row top-row wpb_custom_034b39d9bc6c6b310d69e39f0ccf274f\"><div class=\"vc_column_container col-md-12\"><div class=\"wpb_wrapper vc_column-inner\"><div class=\"porto-gallery has-ccols ccols-1 ccols-sm-2 wpb_custom_571fdadfaa9c5bb1d3e5ed3a822af551 porto-carousel owl-carousel align-items-center lightbox porto-ig-overlay\" data-plugin-options=\"{&quot;autoplay&quot;:true,&quot;autoplayHoverPause&quot;:true,&quot;autoplayTimeout&quot;:5000,&quot;items&quot;:2,&quot;xl&quot;:2,&quot;lg&quot;:2,&quot;md&quot;:2,&quot;sm&quot;:2,&quot;xs&quot;:1,&quot;nav&quot;:true,&quot;dots&quot;:false}\" data-lightbox-options=\"{&quot;delegate&quot;:&quot;a&quot;,&quot;mainClass&quot;:&quot;mfp-with-zoom&quot;,&quot;zoom&quot;:{&quot;enabled&quot;:true,&quot;duration&quot;:300},&quot;gallery&quot;:{&quot;enabled&quot;:true},&quot;type&quot;:&quot;image&quot;}\"><a href=\"https:\/\/marbera-studio.com\/wp-content\/uploads\/2024\/07\/Marbera_-factory-web-scaled.jpg\"><figure><img decoding=\"async\" width=\"2560\" height=\"1703\" src=\"https:\/\/marbera-studio.com\/wp-content\/uploads\/2024\/07\/Marbera_-factory-web-scaled.jpg\" class=\"attachment-full size-full wvs-archive-product-image\" alt=\"\" srcset=\"https:\/\/marbera-studio.com\/wp-content\/uploads\/2024\/07\/Marbera_-factory-web-scaled.jpg 2560w, https:\/\/marbera-studio.com\/wp-content\/uploads\/2024\/07\/Marbera_-factory-web-scaled-765x509.jpg 765w, https:\/\/marbera-studio.com\/wp-content\/uploads\/2024\/07\/Marbera_-factory-web-1024x681.jpg 1024w, https:\/\/marbera-studio.com\/wp-content\/uploads\/2024\/07\/Marbera_-factory-web-768x511.jpg 768w, https:\/\/marbera-studio.com\/wp-content\/uploads\/2024\/07\/Marbera_-factory-web-1536x1022.jpg 1536w, https:\/\/marbera-studio.com\/wp-content\/uploads\/2024\/07\/Marbera_-factory-web-2048x1362.jpg 2048w, https:\/\/marbera-studio.com\/wp-content\/uploads\/2024\/07\/Marbera_-factory-web-640x426.jpg 640w, https:\/\/marbera-studio.com\/wp-content\/uploads\/2024\/07\/Marbera_-factory-web-400x266.jpg 400w\" sizes=\"(max-width: 2560px) 100vw, 2560px\" \/><\/figure><\/a><a href=\"https:\/\/marbera-studio.com\/wp-content\/uploads\/2024\/07\/Marbera_factory-5-web-scaled.jpg\"><figure><img decoding=\"async\" width=\"2560\" height=\"1703\" src=\"https:\/\/marbera-studio.com\/wp-content\/uploads\/2024\/07\/Marbera_factory-5-web-scaled.jpg\" class=\"attachment-full size-full wvs-archive-product-image\" alt=\"\" srcset=\"https:\/\/marbera-studio.com\/wp-content\/uploads\/2024\/07\/Marbera_factory-5-web-scaled.jpg 2560w, https:\/\/marbera-studio.com\/wp-content\/uploads\/2024\/07\/Marbera_factory-5-web-scaled-765x509.jpg 765w, https:\/\/marbera-studio.com\/wp-content\/uploads\/2024\/07\/Marbera_factory-5-web-1024x681.jpg 1024w, https:\/\/marbera-studio.com\/wp-content\/uploads\/2024\/07\/Marbera_factory-5-web-768x511.jpg 768w, https:\/\/marbera-studio.com\/wp-content\/uploads\/2024\/07\/Marbera_factory-5-web-1536x1022.jpg 1536w, https:\/\/marbera-studio.com\/wp-content\/uploads\/2024\/07\/Marbera_factory-5-web-2048x1362.jpg 2048w, https:\/\/marbera-studio.com\/wp-content\/uploads\/2024\/07\/Marbera_factory-5-web-640x426.jpg 640w, https:\/\/marbera-studio.com\/wp-content\/uploads\/2024\/07\/Marbera_factory-5-web-400x266.jpg 400w\" sizes=\"(max-width: 2560px) 100vw, 2560px\" \/><\/figure><\/a><a href=\"https:\/\/marbera-studio.com\/wp-content\/uploads\/2024\/07\/Marbera_factory-4-scaled.jpg\"><figure><img decoding=\"async\" width=\"2560\" height=\"1703\" src=\"https:\/\/marbera-studio.com\/wp-content\/uploads\/2024\/07\/Marbera_factory-4-scaled.jpg\" class=\"attachment-full size-full wvs-archive-product-image\" alt=\"\" srcset=\"https:\/\/marbera-studio.com\/wp-content\/uploads\/2024\/07\/Marbera_factory-4-scaled.jpg 2560w, https:\/\/marbera-studio.com\/wp-content\/uploads\/2024\/07\/Marbera_factory-4-scaled-765x509.jpg 765w, https:\/\/marbera-studio.com\/wp-content\/uploads\/2024\/07\/Marbera_factory-4-1024x681.jpg 1024w, https:\/\/marbera-studio.com\/wp-content\/uploads\/2024\/07\/Marbera_factory-4-768x511.jpg 768w, https:\/\/marbera-studio.com\/wp-content\/uploads\/2024\/07\/Marbera_factory-4-1536x1022.jpg 1536w, https:\/\/marbera-studio.com\/wp-content\/uploads\/2024\/07\/Marbera_factory-4-2048x1362.jpg 2048w, https:\/\/marbera-studio.com\/wp-content\/uploads\/2024\/07\/Marbera_factory-4-640x426.jpg 640w, https:\/\/marbera-studio.com\/wp-content\/uploads\/2024\/07\/Marbera_factory-4-400x266.jpg 400w\" sizes=\"(max-width: 2560px) 100vw, 2560px\" \/><\/figure><\/a><a href=\"https:\/\/marbera-studio.com\/wp-content\/uploads\/2024\/07\/Marbera_factory-3-scaled.jpg\"><figure><img decoding=\"async\" width=\"2560\" height=\"1703\" src=\"https:\/\/marbera-studio.com\/wp-content\/uploads\/2024\/07\/Marbera_factory-3-scaled.jpg\" class=\"attachment-full size-full wvs-archive-product-image\" alt=\"\" srcset=\"https:\/\/marbera-studio.com\/wp-content\/uploads\/2024\/07\/Marbera_factory-3-scaled.jpg 2560w, https:\/\/marbera-studio.com\/wp-content\/uploads\/2024\/07\/Marbera_factory-3-scaled-765x509.jpg 765w, https:\/\/marbera-studio.com\/wp-content\/uploads\/2024\/07\/Marbera_factory-3-1024x681.jpg 1024w, https:\/\/marbera-studio.com\/wp-content\/uploads\/2024\/07\/Marbera_factory-3-768x511.jpg 768w, https:\/\/marbera-studio.com\/wp-content\/uploads\/2024\/07\/Marbera_factory-3-1536x1022.jpg 1536w, https:\/\/marbera-studio.com\/wp-content\/uploads\/2024\/07\/Marbera_factory-3-2048x1362.jpg 2048w, https:\/\/marbera-studio.com\/wp-content\/uploads\/2024\/07\/Marbera_factory-3-640x426.jpg 640w, https:\/\/marbera-studio.com\/wp-content\/uploads\/2024\/07\/Marbera_factory-3-400x266.jpg 400w\" sizes=\"(max-width: 2560px) 100vw, 2560px\" \/><\/figure><\/a><a href=\"https:\/\/marbera-studio.com\/wp-content\/uploads\/2024\/07\/Marbera-factory-web-6-scaled.jpg\"><figure><img decoding=\"async\" width=\"2560\" height=\"1709\" src=\"https:\/\/marbera-studio.com\/wp-content\/uploads\/2024\/07\/Marbera-factory-web-6-scaled.jpg\" class=\"attachment-full size-full wvs-archive-product-image\" alt=\"\" srcset=\"https:\/\/marbera-studio.com\/wp-content\/uploads\/2024\/07\/Marbera-factory-web-6-scaled.jpg 2560w, https:\/\/marbera-studio.com\/wp-content\/uploads\/2024\/07\/Marbera-factory-web-6-scaled-765x511.jpg 765w, https:\/\/marbera-studio.com\/wp-content\/uploads\/2024\/07\/Marbera-factory-web-6-1024x684.jpg 1024w, https:\/\/marbera-studio.com\/wp-content\/uploads\/2024\/07\/Marbera-factory-web-6-768x513.jpg 768w, https:\/\/marbera-studio.com\/wp-content\/uploads\/2024\/07\/Marbera-factory-web-6-1536x1025.jpg 1536w, https:\/\/marbera-studio.com\/wp-content\/uploads\/2024\/07\/Marbera-factory-web-6-2048x1367.jpg 2048w, https:\/\/marbera-studio.com\/wp-content\/uploads\/2024\/07\/Marbera-factory-web-6-640x427.jpg 640w, https:\/\/marbera-studio.com\/wp-content\/uploads\/2024\/07\/Marbera-factory-web-6-400x267.jpg 400w\" sizes=\"(max-width: 2560px) 100vw, 2560px\" \/><\/figure><\/a><\/div><div class=\"vc_empty_space\"   style=\"height: 50px\"><span class=\"vc_empty_space_inner\"><\/span><\/div><\/div><\/div><\/div>\n<\/div>","protected":false},"excerpt":{"rendered":"A PROPOSFond\u00e9e par Cyril et Laura, MARBERA, bas\u00e9e \u00e0 Paris et fa\u00e7onn\u00e9e dans nos ateliers italiens, se sp\u00e9cialise dans la transformation des plus belles pierres du monde en meubles en marbre d'exception. Notre concentration sur le marbre, incluant des tables en marbre et des tables basses en marbre, est compl\u00e9t\u00e9e par une gamme vari\u00e9e de [...]","protected":false},"author":1,"featured_media":0,"parent":0,"menu_order":0,"comment_status":"closed","ping_status":"closed","template":"","meta":{"footnotes":""},"class_list":["post-4974","page","type-page","status-publish","hentry"],"yoast_head":"<!-- This site is optimized with the Yoast SEO plugin v27.3 - https:\/\/yoast.com\/product\/yoast-seo-wordpress\/ -->\n<title>About us - Marbera<\/title>\n<meta name=\"robots\" content=\"index, follow, max-snippet:-1, max-image-preview:large, max-video-preview:-1\" \/>\n<link rel=\"canonical\" href=\"https:\/\/marbera-studio.com\/fr\/about-us\/\" \/>\n<meta property=\"og:locale\" content=\"fr_FR\" \/>\n<meta property=\"og:type\" content=\"article\" \/>\n<meta property=\"og:title\" content=\"About us - Marbera\" \/>\n<meta property=\"og:url\" content=\"https:\/\/marbera-studio.com\/fr\/about-us\/\" \/>\n<meta property=\"og:site_name\" content=\"Marbera\" \/>\n<meta property=\"article:modified_time\" content=\"2026-02-02T10:40:14+00:00\" \/>\n<meta property=\"og:image\" content=\"https:\/\/marbera-studio.com\/wp-content\/uploads\/2025\/07\/MARBERA-LOGO-2025-black.webp\" \/>\n\t<meta property=\"og:image:width\" content=\"500\" \/>\n\t<meta property=\"og:image:height\" content=\"62\" \/>\n\t<meta property=\"og:image:type\" content=\"image\/webp\" \/>\n<meta name=\"twitter:card\" content=\"summary_large_image\" \/>\n<meta name=\"twitter:label1\" content=\"Dur\u00e9e de lecture estim\u00e9e\" \/>\n\t<meta name=\"twitter:data1\" content=\"6 minutes\" \/>\n<script type=\"application\/ld+json\" class=\"yoast-schema-graph\">{\"@context\":\"https:\\\/\\\/schema.org\",\"@graph\":[{\"@type\":\"WebPage\",\"@id\":\"https:\\\/\\\/marbera-studio.com\\\/about-us\\\/\",\"url\":\"https:\\\/\\\/marbera-studio.com\\\/about-us\\\/\",\"name\":\"About us - Marbera\",\"isPartOf\":{\"@id\":\"https:\\\/\\\/marbera-studio.com\\\/#website\"},\"datePublished\":\"2024-01-11T11:03:03+00:00\",\"dateModified\":\"2026-02-02T10:40:14+00:00\",\"breadcrumb\":{\"@id\":\"https:\\\/\\\/marbera-studio.com\\\/about-us\\\/#breadcrumb\"},\"inLanguage\":\"fr-FR\",\"potentialAction\":[{\"@type\":\"ReadAction\",\"target\":[\"https:\\\/\\\/marbera-studio.com\\\/about-us\\\/\"]}]},{\"@type\":\"BreadcrumbList\",\"@id\":\"https:\\\/\\\/marbera-studio.com\\\/about-us\\\/#breadcrumb\",\"itemListElement\":[{\"@type\":\"ListItem\",\"position\":1,\"name\":\"Home\",\"item\":\"https:\\\/\\\/marbera-studio.com\\\/\"},{\"@type\":\"ListItem\",\"position\":2,\"name\":\"About us\"}]},{\"@type\":\"WebSite\",\"@id\":\"https:\\\/\\\/marbera-studio.com\\\/#website\",\"url\":\"https:\\\/\\\/marbera-studio.com\\\/\",\"name\":\"Marbera\",\"description\":\"Marbera cr\u00e9e du mobilier d\u2019art en marbre et onyx : tables design, pi\u00e8ces sur mesure, savoir-faire artisanal et livraison internationale.\",\"publisher\":{\"@id\":\"https:\\\/\\\/marbera-studio.com\\\/#organization\"},\"potentialAction\":[{\"@type\":\"SearchAction\",\"target\":{\"@type\":\"EntryPoint\",\"urlTemplate\":\"https:\\\/\\\/marbera-studio.com\\\/?s={search_term_string}\"},\"query-input\":{\"@type\":\"PropertyValueSpecification\",\"valueRequired\":true,\"valueName\":\"search_term_string\"}}],\"inLanguage\":\"fr-FR\"},{\"@type\":\"Organization\",\"@id\":\"https:\\\/\\\/marbera-studio.com\\\/#organization\",\"name\":\"Marbera\",\"url\":\"https:\\\/\\\/marbera-studio.com\\\/\",\"logo\":{\"@type\":\"ImageObject\",\"inLanguage\":\"fr-FR\",\"@id\":\"https:\\\/\\\/marbera-studio.com\\\/#\\\/schema\\\/logo\\\/image\\\/\",\"url\":\"https:\\\/\\\/marbera-studio.com\\\/wp-content\\\/uploads\\\/2025\\\/07\\\/MARBERA-LOGO-2025-black.webp\",\"contentUrl\":\"https:\\\/\\\/marbera-studio.com\\\/wp-content\\\/uploads\\\/2025\\\/07\\\/MARBERA-LOGO-2025-black.webp\",\"width\":500,\"height\":62,\"caption\":\"Marbera\"},\"image\":{\"@id\":\"https:\\\/\\\/marbera-studio.com\\\/#\\\/schema\\\/logo\\\/image\\\/\"},\"sameAs\":[\"https:\\\/\\\/www.instagram.com\\\/marbera_\\\/\"]}]}<\/script>\n<!-- \/ Yoast SEO plugin. -->","yoast_head_json":{"title":"About us - Marbera","robots":{"index":"index","follow":"follow","max-snippet":"max-snippet:-1","max-image-preview":"max-image-preview:large","max-video-preview":"max-video-preview:-1"},"canonical":"https:\/\/marbera-studio.com\/fr\/about-us\/","og_locale":"fr_FR","og_type":"article","og_title":"About us - Marbera","og_url":"https:\/\/marbera-studio.com\/fr\/about-us\/","og_site_name":"Marbera","article_modified_time":"2026-02-02T10:40:14+00:00","og_image":[{"width":500,"height":62,"url":"https:\/\/marbera-studio.com\/wp-content\/uploads\/2025\/07\/MARBERA-LOGO-2025-black.webp","type":"image\/webp"}],"twitter_card":"summary_large_image","twitter_misc":{"Dur\u00e9e de lecture estim\u00e9e":"6 minutes"},"schema":{"@context":"https:\/\/schema.org","@graph":[{"@type":"WebPage","@id":"https:\/\/marbera-studio.com\/about-us\/","url":"https:\/\/marbera-studio.com\/about-us\/","name":"About us - Marbera","isPartOf":{"@id":"https:\/\/marbera-studio.com\/#website"},"datePublished":"2024-01-11T11:03:03+00:00","dateModified":"2026-02-02T10:40:14+00:00","breadcrumb":{"@id":"https:\/\/marbera-studio.com\/about-us\/#breadcrumb"},"inLanguage":"fr-FR","potentialAction":[{"@type":"ReadAction","target":["https:\/\/marbera-studio.com\/about-us\/"]}]},{"@type":"BreadcrumbList","@id":"https:\/\/marbera-studio.com\/about-us\/#breadcrumb","itemListElement":[{"@type":"ListItem","position":1,"name":"Home","item":"https:\/\/marbera-studio.com\/"},{"@type":"ListItem","position":2,"name":"About us"}]},{"@type":"WebSite","@id":"https:\/\/marbera-studio.com\/#website","url":"https:\/\/marbera-studio.com\/","name":"Marbera","description":"Marbera cr\u00e9e du mobilier d\u2019art en marbre et onyx : tables design, pi\u00e8ces sur mesure, savoir-faire artisanal et livraison internationale.","publisher":{"@id":"https:\/\/marbera-studio.com\/#organization"},"potentialAction":[{"@type":"SearchAction","target":{"@type":"EntryPoint","urlTemplate":"https:\/\/marbera-studio.com\/?s={search_term_string}"},"query-input":{"@type":"PropertyValueSpecification","valueRequired":true,"valueName":"search_term_string"}}],"inLanguage":"fr-FR"},{"@type":"Organization","@id":"https:\/\/marbera-studio.com\/#organization","name":"Marbera","url":"https:\/\/marbera-studio.com\/","logo":{"@type":"ImageObject","inLanguage":"fr-FR","@id":"https:\/\/marbera-studio.com\/#\/schema\/logo\/image\/","url":"https:\/\/marbera-studio.com\/wp-content\/uploads\/2025\/07\/MARBERA-LOGO-2025-black.webp","contentUrl":"https:\/\/marbera-studio.com\/wp-content\/uploads\/2025\/07\/MARBERA-LOGO-2025-black.webp","width":500,"height":62,"caption":"Marbera"},"image":{"@id":"https:\/\/marbera-studio.com\/#\/schema\/logo\/image\/"},"sameAs":["https:\/\/www.instagram.com\/marbera_\/"]}]}},"jetpack_sharing_enabled":true,"_links":{"self":[{"href":"https:\/\/marbera-studio.com\/fr\/wp-json\/wp\/v2\/pages\/4974","targetHints":{"allow":["GET"]}}],"collection":[{"href":"https:\/\/marbera-studio.com\/fr\/wp-json\/wp\/v2\/pages"}],"about":[{"href":"https:\/\/marbera-studio.com\/fr\/wp-json\/wp\/v2\/types\/page"}],"author":[{"embeddable":true,"href":"https:\/\/marbera-studio.com\/fr\/wp-json\/wp\/v2\/users\/1"}],"replies":[{"embeddable":true,"href":"https:\/\/marbera-studio.com\/fr\/wp-json\/wp\/v2\/comments?post=4974"}],"version-history":[{"count":32,"href":"https:\/\/marbera-studio.com\/fr\/wp-json\/wp\/v2\/pages\/4974\/revisions"}],"predecessor-version":[{"id":9478,"href":"https:\/\/marbera-studio.com\/fr\/wp-json\/wp\/v2\/pages\/4974\/revisions\/9478"}],"wp:attachment":[{"href":"https:\/\/marbera-studio.com\/fr\/wp-json\/wp\/v2\/media?parent=4974"}],"curies":[{"name":"wp","href":"https:\/\/api.w.org\/{rel}","templated":true}]}}