{"id":5010,"date":"2024-01-12T11:38:24","date_gmt":"2024-01-12T10:38:24","guid":{"rendered":"https:\/\/marbera-studio.com\/?page_id=5010"},"modified":"2026-02-02T11:39:34","modified_gmt":"2026-02-02T10:39:34","slug":"sur-mesure","status":"publish","type":"page","link":"https:\/\/marbera-studio.com\/fr\/sur-mesure\/","title":{"rendered":"Sur-mesure"},"content":{"rendered":"<div class=\"wpb-content-wrapper\"><div class=\"vc_row wpb_row row top-row porto_stretch_css stretch_row_content_no_spaces_css wpb_custom_034b39d9bc6c6b310d69e39f0ccf274f\"><div class=\"vc_column_container col-md-6 vc_custom_1768223000306\"><div class=\"wpb_wrapper vc_column-inner\"><div class=\"porto-u-heading  wpb_custom_3ffbccf5ce8e5b82108bf66e937fa2ac porto-u-ad87e2eaf3f9c495180fe0156ddf3eb0\"><div class=\"porto-u-main-heading\"><h2   style=\"margin-bottom: 40px;\">LE MARBRE SUR MESURE<\/h2><\/div><div class=\"porto-u-sub-heading\" style=\"\">Entamez un voyage personnalis\u00e9 avec MARBERA, o\u00f9 votre vision unique pour le mobilier en marbre, y compris les tables en marbre, prend vie. Que vous r\u00eaviez d&#8217;une table en marbre sur mesure ou d&#8217;un meuble personnalis\u00e9, nous vous guidons \u00e0 chaque \u00e9tape. De la s\u00e9lection de la pierre parfaite aux finitions et coupes finales, notre \u00e9quipe collabore \u00e9troitement avec vous pour transformer vos id\u00e9es en expressions luxueuses et individuelles.<\/p>\n<p>Nos ateliers de design parisiens sont le berceau de votre mobilier en marbre sur mesure, garantissant que chaque pi\u00e8ce refl\u00e8te votre go\u00fbt et style uniques.<\/p>\n<p>Pour toute question sur nos services de mobilier en marbre personnalis\u00e9, y compris les tables sur mesure, contactez-nous \u00e0 :<\/p>\n<p><a href=\"mailto:contact@marberaparis.com\" target=\"_blank\" rel=\"noopener\"><span style=\"color: #c7c7c7;\">Contact here<\/span><\/a><\/div><style>.porto-u-ad87e2eaf3f9c495180fe0156ddf3eb0.porto-u-heading{text-align:left}<\/style><\/div><\/div><\/div><div class=\"vc_column_container col-md-6\"><div class=\"wpb_wrapper vc_column-inner\">\r\n\t<div class=\"wpb_single_image wpb_content_element vc_align_center wpb_content_element  wpb_custom_c0a48b3ee095fd0928a788f690286702\"><div class=\"wpb_wrapper\">\r\n\t\t\t\r\n\t\t\t<div class=\"vc_single_image-wrapper   vc_box_border_grey\"><img decoding=\"async\" width=\"961\" height=\"1024\" src=\"https:\/\/marbera-studio.com\/wp-content\/uploads\/2024\/07\/echantillons-web-961x1024.jpg\" class=\"vc_single_image-img attachment-large wvs-archive-product-image\" alt=\"\" title=\"echantillons-web\" srcset=\"https:\/\/marbera-studio.com\/wp-content\/uploads\/2024\/07\/echantillons-web-961x1024.jpg 961w, https:\/\/marbera-studio.com\/wp-content\/uploads\/2024\/07\/echantillons-web-765x815.jpg 765w, https:\/\/marbera-studio.com\/wp-content\/uploads\/2024\/07\/echantillons-web-768x818.jpg 768w, https:\/\/marbera-studio.com\/wp-content\/uploads\/2024\/07\/echantillons-web-640x682.jpg 640w, https:\/\/marbera-studio.com\/wp-content\/uploads\/2024\/07\/echantillons-web-400x426.jpg 400w\" sizes=\"(max-width: 961px) 100vw, 961px\" \/><\/div>\r\n\t\t<\/div>\r\n\t<\/div>\r\n<\/div><\/div><\/div><div class=\"vc_row wpb_row row top-row wpb_custom_034b39d9bc6c6b310d69e39f0ccf274f\"><div class=\"vc_column_container col-md-12\"><div class=\"wpb_wrapper vc_column-inner\"><div class=\"vc_empty_space\"   style=\"height: 45px\"><span class=\"vc_empty_space_inner\"><\/span><\/div><div class=\"porto-gallery has-ccols ccols-2 has-ccols-spacing ccols-md-3 wpb_custom_ef54e13ba8a91d24fb67afacfb9599b5 porto-carousel owl-carousel nav-style-1 show-nav-hover align-items-center\" data-plugin-options=\"{&quot;autoplayTimeout&quot;:5000,&quot;items&quot;:3,&quot;xl&quot;:3,&quot;lg&quot;:3,&quot;md&quot;:3,&quot;sm&quot;:2,&quot;xs&quot;:2,&quot;nav&quot;:true,&quot;dots&quot;:false,&quot;margin&quot;:20}\"><figure><img decoding=\"async\" width=\"821\" height=\"1024\" src=\"https:\/\/marbera-studio.com\/wp-content\/uploads\/2024\/04\/loquet-copie-copie-821x1024.jpg\" class=\"attachment-large size-large wvs-archive-product-image\" alt=\"\" srcset=\"https:\/\/marbera-studio.com\/wp-content\/uploads\/2024\/04\/loquet-copie-copie-821x1024.jpg 821w, https:\/\/marbera-studio.com\/wp-content\/uploads\/2024\/04\/loquet-copie-copie-765x954.jpg 765w, https:\/\/marbera-studio.com\/wp-content\/uploads\/2024\/04\/loquet-copie-copie-768x958.jpg 768w, https:\/\/marbera-studio.com\/wp-content\/uploads\/2024\/04\/loquet-copie-copie-640x798.jpg 640w, https:\/\/marbera-studio.com\/wp-content\/uploads\/2024\/04\/loquet-copie-copie-400x499.jpg 400w\" sizes=\"(max-width: 821px) 100vw, 821px\" \/><\/figure><figure><img decoding=\"async\" width=\"832\" height=\"1024\" src=\"https:\/\/marbera-studio.com\/wp-content\/uploads\/2024\/07\/jordan-pink-onyx-table-2-832x1024.jpg\" class=\"attachment-large size-large wvs-archive-product-image\" alt=\"\" srcset=\"https:\/\/marbera-studio.com\/wp-content\/uploads\/2024\/07\/jordan-pink-onyx-table-2-832x1024.jpg 832w, https:\/\/marbera-studio.com\/wp-content\/uploads\/2024\/07\/jordan-pink-onyx-table-2-765x942.jpg 765w, https:\/\/marbera-studio.com\/wp-content\/uploads\/2024\/07\/jordan-pink-onyx-table-2-768x946.jpg 768w, https:\/\/marbera-studio.com\/wp-content\/uploads\/2024\/07\/jordan-pink-onyx-table-2-640x788.jpg 640w, https:\/\/marbera-studio.com\/wp-content\/uploads\/2024\/07\/jordan-pink-onyx-table-2-400x493.jpg 400w\" sizes=\"(max-width: 832px) 100vw, 832px\" \/><\/figure><figure><img decoding=\"async\" width=\"826\" height=\"1024\" src=\"https:\/\/marbera-studio.com\/wp-content\/uploads\/2024\/07\/UMA-2-web-4-826x1024.jpg\" class=\"attachment-large size-large wvs-archive-product-image\" alt=\"\" srcset=\"https:\/\/marbera-studio.com\/wp-content\/uploads\/2024\/07\/UMA-2-web-4-826x1024.jpg 826w, https:\/\/marbera-studio.com\/wp-content\/uploads\/2024\/07\/UMA-2-web-4-765x949.jpg 765w, https:\/\/marbera-studio.com\/wp-content\/uploads\/2024\/07\/UMA-2-web-4-768x952.jpg 768w, https:\/\/marbera-studio.com\/wp-content\/uploads\/2024\/07\/UMA-2-web-4-640x794.jpg 640w, https:\/\/marbera-studio.com\/wp-content\/uploads\/2024\/07\/UMA-2-web-4-400x496.jpg 400w\" sizes=\"(max-width: 826px) 100vw, 826px\" \/><\/figure><figure><img decoding=\"async\" width=\"822\" height=\"1024\" src=\"https:\/\/marbera-studio.com\/wp-content\/uploads\/2024\/07\/jordan-table-web-1-822x1024.jpg\" class=\"attachment-large size-large wvs-archive-product-image\" alt=\"\" srcset=\"https:\/\/marbera-studio.com\/wp-content\/uploads\/2024\/07\/jordan-table-web-1-822x1024.jpg 822w, https:\/\/marbera-studio.com\/wp-content\/uploads\/2024\/07\/jordan-table-web-1-765x953.jpg 765w, https:\/\/marbera-studio.com\/wp-content\/uploads\/2024\/07\/jordan-table-web-1-768x957.jpg 768w, https:\/\/marbera-studio.com\/wp-content\/uploads\/2024\/07\/jordan-table-web-1-640x797.jpg 640w, https:\/\/marbera-studio.com\/wp-content\/uploads\/2024\/07\/jordan-table-web-1-400x498.jpg 400w\" sizes=\"(max-width: 822px) 100vw, 822px\" \/><\/figure><figure><img decoding=\"async\" width=\"812\" height=\"1024\" src=\"https:\/\/marbera-studio.com\/wp-content\/uploads\/2024\/07\/lea-levy-peanut-web-3-812x1024.jpg\" class=\"attachment-large size-large wvs-archive-product-image\" alt=\"\" srcset=\"https:\/\/marbera-studio.com\/wp-content\/uploads\/2024\/07\/lea-levy-peanut-web-3-812x1024.jpg 812w, https:\/\/marbera-studio.com\/wp-content\/uploads\/2024\/07\/lea-levy-peanut-web-3-765x965.jpg 765w, https:\/\/marbera-studio.com\/wp-content\/uploads\/2024\/07\/lea-levy-peanut-web-3-768x968.jpg 768w, https:\/\/marbera-studio.com\/wp-content\/uploads\/2024\/07\/lea-levy-peanut-web-3-640x807.jpg 640w, https:\/\/marbera-studio.com\/wp-content\/uploads\/2024\/07\/lea-levy-peanut-web-3-400x504.jpg 400w\" sizes=\"(max-width: 812px) 100vw, 812px\" \/><\/figure><\/div><\/div><\/div><\/div><div class=\"vc_row wpb_row row top-row wpb_custom_034b39d9bc6c6b310d69e39f0ccf274f\"><div class=\"vc_column_container col-md-12\"><div class=\"wpb_wrapper vc_column-inner\"><div class=\"vc_empty_space\"   style=\"height: 32px\"><span class=\"vc_empty_space_inner\"><\/span><\/div><\/div><\/div><\/div>\n<\/div>","protected":false},"excerpt":{"rendered":"LE MARBRE SUR MESUREEntamez un voyage personnalis\u00e9 avec MARBERA, o\u00f9 votre vision unique pour le mobilier en marbre, y compris les tables en marbre, prend vie. Que vous r\u00eaviez d'une table en marbre sur mesure ou d'un meuble personnalis\u00e9, nous vous guidons \u00e0 chaque \u00e9tape. De la s\u00e9lection de la pierre parfaite aux finitions et [...]","protected":false},"author":1,"featured_media":0,"parent":0,"menu_order":0,"comment_status":"closed","ping_status":"closed","template":"","meta":{"footnotes":""},"class_list":["post-5010","page","type-page","status-publish","hentry"],"yoast_head":"<!-- This site is optimized with the Yoast SEO plugin v27.3 - https:\/\/yoast.com\/product\/yoast-seo-wordpress\/ -->\n<title>Sur-mesure - Marbera<\/title>\n<meta name=\"robots\" content=\"index, follow, max-snippet:-1, max-image-preview:large, max-video-preview:-1\" \/>\n<link rel=\"canonical\" href=\"https:\/\/marbera-studio.com\/fr\/sur-mesure\/\" \/>\n<meta property=\"og:locale\" content=\"fr_FR\" \/>\n<meta property=\"og:type\" content=\"article\" \/>\n<meta property=\"og:title\" content=\"Sur-mesure - Marbera\" \/>\n<meta property=\"og:url\" content=\"https:\/\/marbera-studio.com\/fr\/sur-mesure\/\" \/>\n<meta property=\"og:site_name\" content=\"Marbera\" \/>\n<meta property=\"article:modified_time\" content=\"2026-02-02T10:39:34+00:00\" \/>\n<meta property=\"og:image\" content=\"https:\/\/marbera-studio.com\/wp-content\/uploads\/2025\/07\/MARBERA-LOGO-2025-black.webp\" \/>\n\t<meta property=\"og:image:width\" content=\"500\" \/>\n\t<meta property=\"og:image:height\" content=\"62\" \/>\n\t<meta property=\"og:image:type\" content=\"image\/webp\" \/>\n<meta name=\"twitter:card\" content=\"summary_large_image\" \/>\n<meta name=\"twitter:label1\" content=\"Dur\u00e9e de lecture estim\u00e9e\" \/>\n\t<meta name=\"twitter:data1\" content=\"3 minutes\" \/>\n<script type=\"application\/ld+json\" class=\"yoast-schema-graph\">{\"@context\":\"https:\\\/\\\/schema.org\",\"@graph\":[{\"@type\":\"WebPage\",\"@id\":\"https:\\\/\\\/marbera-studio.com\\\/sur-mesure\\\/\",\"url\":\"https:\\\/\\\/marbera-studio.com\\\/sur-mesure\\\/\",\"name\":\"Sur-mesure - Marbera\",\"isPartOf\":{\"@id\":\"https:\\\/\\\/marbera-studio.com\\\/#website\"},\"datePublished\":\"2024-01-12T10:38:24+00:00\",\"dateModified\":\"2026-02-02T10:39:34+00:00\",\"breadcrumb\":{\"@id\":\"https:\\\/\\\/marbera-studio.com\\\/sur-mesure\\\/#breadcrumb\"},\"inLanguage\":\"fr-FR\",\"potentialAction\":[{\"@type\":\"ReadAction\",\"target\":[\"https:\\\/\\\/marbera-studio.com\\\/sur-mesure\\\/\"]}]},{\"@type\":\"BreadcrumbList\",\"@id\":\"https:\\\/\\\/marbera-studio.com\\\/sur-mesure\\\/#breadcrumb\",\"itemListElement\":[{\"@type\":\"ListItem\",\"position\":1,\"name\":\"Home\",\"item\":\"https:\\\/\\\/marbera-studio.com\\\/\"},{\"@type\":\"ListItem\",\"position\":2,\"name\":\"Sur-mesure\"}]},{\"@type\":\"WebSite\",\"@id\":\"https:\\\/\\\/marbera-studio.com\\\/#website\",\"url\":\"https:\\\/\\\/marbera-studio.com\\\/\",\"name\":\"Marbera\",\"description\":\"Marbera cr\u00e9e du mobilier d\u2019art en marbre et onyx : tables design, pi\u00e8ces sur mesure, savoir-faire artisanal et livraison internationale.\",\"publisher\":{\"@id\":\"https:\\\/\\\/marbera-studio.com\\\/#organization\"},\"potentialAction\":[{\"@type\":\"SearchAction\",\"target\":{\"@type\":\"EntryPoint\",\"urlTemplate\":\"https:\\\/\\\/marbera-studio.com\\\/?s={search_term_string}\"},\"query-input\":{\"@type\":\"PropertyValueSpecification\",\"valueRequired\":true,\"valueName\":\"search_term_string\"}}],\"inLanguage\":\"fr-FR\"},{\"@type\":\"Organization\",\"@id\":\"https:\\\/\\\/marbera-studio.com\\\/#organization\",\"name\":\"Marbera\",\"url\":\"https:\\\/\\\/marbera-studio.com\\\/\",\"logo\":{\"@type\":\"ImageObject\",\"inLanguage\":\"fr-FR\",\"@id\":\"https:\\\/\\\/marbera-studio.com\\\/#\\\/schema\\\/logo\\\/image\\\/\",\"url\":\"https:\\\/\\\/marbera-studio.com\\\/wp-content\\\/uploads\\\/2025\\\/07\\\/MARBERA-LOGO-2025-black.webp\",\"contentUrl\":\"https:\\\/\\\/marbera-studio.com\\\/wp-content\\\/uploads\\\/2025\\\/07\\\/MARBERA-LOGO-2025-black.webp\",\"width\":500,\"height\":62,\"caption\":\"Marbera\"},\"image\":{\"@id\":\"https:\\\/\\\/marbera-studio.com\\\/#\\\/schema\\\/logo\\\/image\\\/\"},\"sameAs\":[\"https:\\\/\\\/www.instagram.com\\\/marbera_\\\/\"]}]}<\/script>\n<!-- \/ Yoast SEO plugin. -->","yoast_head_json":{"title":"Sur-mesure - Marbera","robots":{"index":"index","follow":"follow","max-snippet":"max-snippet:-1","max-image-preview":"max-image-preview:large","max-video-preview":"max-video-preview:-1"},"canonical":"https:\/\/marbera-studio.com\/fr\/sur-mesure\/","og_locale":"fr_FR","og_type":"article","og_title":"Sur-mesure - Marbera","og_url":"https:\/\/marbera-studio.com\/fr\/sur-mesure\/","og_site_name":"Marbera","article_modified_time":"2026-02-02T10:39:34+00:00","og_image":[{"width":500,"height":62,"url":"https:\/\/marbera-studio.com\/wp-content\/uploads\/2025\/07\/MARBERA-LOGO-2025-black.webp","type":"image\/webp"}],"twitter_card":"summary_large_image","twitter_misc":{"Dur\u00e9e de lecture estim\u00e9e":"3 minutes"},"schema":{"@context":"https:\/\/schema.org","@graph":[{"@type":"WebPage","@id":"https:\/\/marbera-studio.com\/sur-mesure\/","url":"https:\/\/marbera-studio.com\/sur-mesure\/","name":"Sur-mesure - Marbera","isPartOf":{"@id":"https:\/\/marbera-studio.com\/#website"},"datePublished":"2024-01-12T10:38:24+00:00","dateModified":"2026-02-02T10:39:34+00:00","breadcrumb":{"@id":"https:\/\/marbera-studio.com\/sur-mesure\/#breadcrumb"},"inLanguage":"fr-FR","potentialAction":[{"@type":"ReadAction","target":["https:\/\/marbera-studio.com\/sur-mesure\/"]}]},{"@type":"BreadcrumbList","@id":"https:\/\/marbera-studio.com\/sur-mesure\/#breadcrumb","itemListElement":[{"@type":"ListItem","position":1,"name":"Home","item":"https:\/\/marbera-studio.com\/"},{"@type":"ListItem","position":2,"name":"Sur-mesure"}]},{"@type":"WebSite","@id":"https:\/\/marbera-studio.com\/#website","url":"https:\/\/marbera-studio.com\/","name":"Marbera","description":"Marbera cr\u00e9e du mobilier d\u2019art en marbre et onyx : tables design, pi\u00e8ces sur mesure, savoir-faire artisanal et livraison internationale.","publisher":{"@id":"https:\/\/marbera-studio.com\/#organization"},"potentialAction":[{"@type":"SearchAction","target":{"@type":"EntryPoint","urlTemplate":"https:\/\/marbera-studio.com\/?s={search_term_string}"},"query-input":{"@type":"PropertyValueSpecification","valueRequired":true,"valueName":"search_term_string"}}],"inLanguage":"fr-FR"},{"@type":"Organization","@id":"https:\/\/marbera-studio.com\/#organization","name":"Marbera","url":"https:\/\/marbera-studio.com\/","logo":{"@type":"ImageObject","inLanguage":"fr-FR","@id":"https:\/\/marbera-studio.com\/#\/schema\/logo\/image\/","url":"https:\/\/marbera-studio.com\/wp-content\/uploads\/2025\/07\/MARBERA-LOGO-2025-black.webp","contentUrl":"https:\/\/marbera-studio.com\/wp-content\/uploads\/2025\/07\/MARBERA-LOGO-2025-black.webp","width":500,"height":62,"caption":"Marbera"},"image":{"@id":"https:\/\/marbera-studio.com\/#\/schema\/logo\/image\/"},"sameAs":["https:\/\/www.instagram.com\/marbera_\/"]}]}},"jetpack_sharing_enabled":true,"_links":{"self":[{"href":"https:\/\/marbera-studio.com\/fr\/wp-json\/wp\/v2\/pages\/5010","targetHints":{"allow":["GET"]}}],"collection":[{"href":"https:\/\/marbera-studio.com\/fr\/wp-json\/wp\/v2\/pages"}],"about":[{"href":"https:\/\/marbera-studio.com\/fr\/wp-json\/wp\/v2\/types\/page"}],"author":[{"embeddable":true,"href":"https:\/\/marbera-studio.com\/fr\/wp-json\/wp\/v2\/users\/1"}],"replies":[{"embeddable":true,"href":"https:\/\/marbera-studio.com\/fr\/wp-json\/wp\/v2\/comments?post=5010"}],"version-history":[{"count":66,"href":"https:\/\/marbera-studio.com\/fr\/wp-json\/wp\/v2\/pages\/5010\/revisions"}],"predecessor-version":[{"id":9477,"href":"https:\/\/marbera-studio.com\/fr\/wp-json\/wp\/v2\/pages\/5010\/revisions\/9477"}],"wp:attachment":[{"href":"https:\/\/marbera-studio.com\/fr\/wp-json\/wp\/v2\/media?parent=5010"}],"curies":[{"name":"wp","href":"https:\/\/api.w.org\/{rel}","templated":true}]}}