{"id":4625,"date":"2021-08-24T09:06:22","date_gmt":"2021-08-24T07:06:22","guid":{"rendered":"https:\/\/marbera-studio.com\/?post_type=product&#038;p=4625"},"modified":"2026-01-06T17:42:40","modified_gmt":"2026-01-06T16:42:40","slug":"orange-onyx-dolce-stool","status":"publish","type":"product","link":"https:\/\/marbera-studio.com\/fr\/produit\/orange-onyx-dolce-stool\/","title":{"rendered":"Mango Onyx Dolce Stool"},"content":{"rendered":"","protected":false},"excerpt":{"rendered":"<div class=\"vc_row wpb_row row top-row wpb_custom_034b39d9bc6c6b310d69e39f0ccf274f\"><div class=\"vc_column_container col-md-12\"><div class=\"wpb_wrapper vc_column-inner\">\r\n\t<div class=\"wpb_text_column wpb_content_element wpb_custom_7c91d232724f73626cc933bd95b25ff0\" >\r\n\t\t<div class=\"wpb_wrapper\">\r\n\t\t\t<p>Ce tabouret design est fabriqu\u00e9 en onyx, une pierre naturelle rare et pr\u00e9cieuse, qui lui conf\u00e8re un aspect unique et luxueux. La surface du tabouret est polie pour r\u00e9v\u00e9ler la beaut\u00e9 naturelle des motifs de l&#8217;onyx, qui peuvent varier d&#8217;un tabouret \u00e0 l&#8217;autre.<br \/>\nUn coussin en bouclette doux et confortable est int\u00e9gr\u00e9 \u00e0 la base, parfait pour s&#8217;asseoir confortablement pendant de longues p\u00e9riodes. Le coussin est amovible pour un nettoyage facile.<br \/>\nPour une mobilit\u00e9 facile, ce tabouret peut \u00e9galement \u00eatre \u00e9quiper de roulettes robustes et discr\u00e8tes qui permettent de le d\u00e9placer facilement d&#8217;un endroit \u00e0 l&#8217;autre.<br \/>\nAvec une hauteur de 46cm, ce tabouret design est parfait pour une utilisation dans de nombreux contextes diff\u00e9rents, tels que les espaces de travail, les salons, les chambres, les salles de bain et bien plus encore. Il est un ajout \u00e9l\u00e9gant et pratique \u00e0 tout espace, offrant \u00e0 la fois confort et style.<\/p>\n<p>Dimensions : 400mm diam\u00e8tre x H440mm <\/p>\n<p>Si vous souhaitez des mesures sp\u00e9cifiques, veuillez nous envoyer un email, nous pouvons fabriquer ce produit sur mesure en fonction de vos besoins.<\/p>\n<p>Entretien : Votre pi\u00e8ce est unique et con\u00e7ue pour durer toute une vie. Tous nos marbres sont trait\u00e9s, cependant, un peu de soin assurera la long\u00e9vit\u00e9 de votre pi\u00e8ce en marbre. Nous vous recommandons d&#8217;utiliser un chiffon non abrasif avec de l&#8217;eau savonneuse douce. \u00c9vitez l&#8217;eau de Javel, le vinaigre ou les produits de nettoyage similaires.<\/p>\n<p>Variations : Toutes nos pi\u00e8ces sont faites \u00e0 la main et fabriqu\u00e9es avec des mat\u00e9riaux naturels. Pour cette raison, chaque pi\u00e8ce peut \u00eatre sujette \u00e0 des variations de couleur, de teinte, de texture, de pores et d&#8217;intrusion de min\u00e9raux. Ceci doit \u00eatre consid\u00e9r\u00e9 comme un atout car il ajoute de la valeur au produit final, le rendant unique et exclusif.<\/p>\n<p>D\u00e9lai de r\u00e9alisation : 4 \u00e0 6 semaines.<\/p>\n\r\n\t\t<\/div>\r\n\t<\/div>\r\n<\/div><\/div><\/div>","protected":false},"featured_media":8897,"comment_status":"open","ping_status":"closed","template":"","meta":[],"product_brand":[],"product_cat":[97,139,96,164,15,191,134],"product_tag":[],"class_list":{"0":"post-4625","1":"product","2":"type-product","3":"status-publish","4":"has-post-thumbnail","6":"product_cat-all-products","7":"product_cat-best-sellers","8":"product_cat-casters","9":"product_cat-dolce","10":"product_cat-marbera","11":"product_cat-marbera-collection","12":"product_cat-stools","14":"first","15":"instock","16":"shipping-taxable","17":"purchasable","18":"product-type-simple"},"yoast_head":"<!-- This site is optimized with the Yoast SEO plugin v27.3 - https:\/\/yoast.com\/product\/yoast-seo-wordpress\/ -->\n<title>Mango Onyx Dolce Stool - Marbera<\/title>\n<meta name=\"robots\" content=\"index, follow, max-snippet:-1, max-image-preview:large, max-video-preview:-1\" \/>\n<link rel=\"canonical\" href=\"https:\/\/marbera-studio.com\/fr\/produit\/orange-onyx-dolce-stool\/\" \/>\n<meta property=\"og:locale\" content=\"fr_FR\" \/>\n<meta property=\"og:type\" content=\"article\" \/>\n<meta property=\"og:title\" content=\"Mango Onyx Dolce Stool - Marbera\" \/>\n<meta property=\"og:url\" content=\"https:\/\/marbera-studio.com\/fr\/produit\/orange-onyx-dolce-stool\/\" \/>\n<meta property=\"og:site_name\" content=\"Marbera\" \/>\n<meta property=\"article:modified_time\" content=\"2026-01-06T16:42:40+00:00\" \/>\n<meta property=\"og:image\" content=\"https:\/\/marbera-studio.com\/wp-content\/uploads\/2021\/08\/marbera-dolce-mango-onyx-1-1.jpg\" \/>\n\t<meta property=\"og:image:width\" content=\"1512\" \/>\n\t<meta property=\"og:image:height\" content=\"2016\" \/>\n\t<meta property=\"og:image:type\" content=\"image\/jpeg\" \/>\n<meta name=\"twitter:card\" content=\"summary_large_image\" \/>\n<meta name=\"twitter:description\" content=\"[vc_row][vc_column][vc_column_text trp_param_show_language=&quot;en_GB&quot; trp_param_show=&quot;true&quot;]This stool is made with onyx, a rare and precious natural stone, which gives it a unique and luxurious look. The stool&#039;s surface is polished to reveal the natural beauty of the onyx patterns, which may vary from stool to stool.  A soft and comfortable cushion is integrated in the base, perfect for sitting comfortably for long periods of time. The cushion is removable for easy cleaning. For easy mobility, this stool can also be equipped with sturdy and discreet castors that allow it to be moved easily from one place to another. At a height of 46cm, this designer stool is perfect for use in many different contexts, such as workspaces, living rooms, bedrooms, bathrooms, and much more. It is a stylish and practical addition to any space, offering both comfort and style.  Dimensions: 400mm diameter x H440mm   If you want specific measures, please to send us an email, we can custom made this product according to your needs.  Maintenance : Your piece is unique and designed to last a lifetime. All our marbles are treated, however, a little care will ensure the longevity of your marble piece. We recommend to use a non-abrasive cloth with mild soapy water. Avoid bleach, vinegar or similar cleaning products.  Variations: All our pieces are handmade and made with natural materials. For this reason, each piece may be subject to variations in color, shade, texture, pores and mineral intrusion. This should be considered an asset as it adds value to the final product, making it unique and exclusive.  Lead time: 4-6 weeks.[\/vc_column_text][vc_column_text trp_param_show_language=&quot;fr_FR&quot; trp_param_show=&quot;true&quot;]Ce tabouret design est fabriqu\u00e9 en onyx, une pierre naturelle rare et pr\u00e9cieuse, qui lui conf\u00e8re un aspect unique et luxueux. La surface du tabouret est polie pour r\u00e9v\u00e9ler la beaut\u00e9 naturelle des motifs de l&#039;onyx, qui peuvent varier d&#039;un tabouret \u00e0 l&#039;autre. Un coussin en bouclette doux et confortable est int\u00e9gr\u00e9 \u00e0 la base, parfait pour s&#039;asseoir confortablement pendant de longues p\u00e9riodes. Le coussin est amovible pour un nettoyage facile. Pour une mobilit\u00e9 facile, ce tabouret peut \u00e9galement \u00eatre \u00e9quiper de roulettes robustes et discr\u00e8tes qui permettent de le d\u00e9placer facilement d&#039;un endroit \u00e0 l&#039;autre. Avec une hauteur de 46cm, ce tabouret design est parfait pour une utilisation dans de nombreux contextes diff\u00e9rents, tels que les espaces de travail, les salons, les chambres, les salles de bain et bien plus encore. Il est un ajout \u00e9l\u00e9gant et pratique \u00e0 tout espace, offrant \u00e0 la fois confort et style.  Dimensions : 400mm diam\u00e8tre x H440mm   Si vous souhaitez des mesures sp\u00e9cifiques, veuillez nous envoyer un email, nous pouvons fabriquer ce produit sur mesure en fonction de vos besoins.  Entretien : Votre pi\u00e8ce est unique et con\u00e7ue pour durer toute une vie. Tous nos marbres sont trait\u00e9s, cependant, un peu de soin assurera la long\u00e9vit\u00e9 de votre pi\u00e8ce en marbre. Nous vous recommandons d&#039;utiliser un chiffon non abrasif avec de l&#039;eau savonneuse douce. \u00c9vitez l&#039;eau de Javel, le vinaigre ou les produits de nettoyage similaires.  Variations : Toutes nos pi\u00e8ces sont faites \u00e0 la main et fabriqu\u00e9es avec des mat\u00e9riaux naturels. Pour cette raison, chaque pi\u00e8ce peut \u00eatre sujette \u00e0 des variations de couleur, de teinte, de texture, de pores et d&#039;intrusion de min\u00e9raux. Ceci doit \u00eatre consid\u00e9r\u00e9 comme un atout car il ajoute de la valeur au produit final, le rendant unique et exclusif.  D\u00e9lai de r\u00e9alisation : 4 \u00e0 6 semaines.[\/vc_column_text][\/vc_column][\/vc_row]\" \/>\n<meta name=\"twitter:label1\" content=\"Dur\u00e9e de lecture estim\u00e9e\" \/>\n\t<meta name=\"twitter:data1\" content=\"1 minute\" \/>\n<script type=\"application\/ld+json\" class=\"yoast-schema-graph\">{\"@context\":\"https:\\\/\\\/schema.org\",\"@graph\":[{\"@type\":\"WebPage\",\"@id\":\"https:\\\/\\\/marbera-studio.com\\\/produit\\\/orange-onyx-dolce-stool\\\/\",\"url\":\"https:\\\/\\\/marbera-studio.com\\\/produit\\\/orange-onyx-dolce-stool\\\/\",\"name\":\"Mango Onyx Dolce Stool - Marbera\",\"isPartOf\":{\"@id\":\"https:\\\/\\\/marbera-studio.com\\\/#website\"},\"primaryImageOfPage\":{\"@id\":\"https:\\\/\\\/marbera-studio.com\\\/produit\\\/orange-onyx-dolce-stool\\\/#primaryimage\"},\"image\":{\"@id\":\"https:\\\/\\\/marbera-studio.com\\\/produit\\\/orange-onyx-dolce-stool\\\/#primaryimage\"},\"thumbnailUrl\":\"https:\\\/\\\/marbera-studio.com\\\/wp-content\\\/uploads\\\/2021\\\/08\\\/marbera-dolce-mango-onyx-1-1.jpg\",\"datePublished\":\"2021-08-24T07:06:22+00:00\",\"dateModified\":\"2026-01-06T16:42:40+00:00\",\"breadcrumb\":{\"@id\":\"https:\\\/\\\/marbera-studio.com\\\/produit\\\/orange-onyx-dolce-stool\\\/#breadcrumb\"},\"inLanguage\":\"fr-FR\",\"potentialAction\":[{\"@type\":\"ReadAction\",\"target\":[\"https:\\\/\\\/marbera-studio.com\\\/produit\\\/orange-onyx-dolce-stool\\\/\"]}]},{\"@type\":\"ImageObject\",\"inLanguage\":\"fr-FR\",\"@id\":\"https:\\\/\\\/marbera-studio.com\\\/produit\\\/orange-onyx-dolce-stool\\\/#primaryimage\",\"url\":\"https:\\\/\\\/marbera-studio.com\\\/wp-content\\\/uploads\\\/2021\\\/08\\\/marbera-dolce-mango-onyx-1-1.jpg\",\"contentUrl\":\"https:\\\/\\\/marbera-studio.com\\\/wp-content\\\/uploads\\\/2021\\\/08\\\/marbera-dolce-mango-onyx-1-1.jpg\",\"width\":1512,\"height\":2016},{\"@type\":\"BreadcrumbList\",\"@id\":\"https:\\\/\\\/marbera-studio.com\\\/produit\\\/orange-onyx-dolce-stool\\\/#breadcrumb\",\"itemListElement\":[{\"@type\":\"ListItem\",\"position\":1,\"name\":\"Home\",\"item\":\"https:\\\/\\\/marbera-studio.com\\\/\"},{\"@type\":\"ListItem\",\"position\":2,\"name\":\"Shop\",\"item\":\"https:\\\/\\\/marbera-studio.com\\\/shop\\\/\"},{\"@type\":\"ListItem\",\"position\":3,\"name\":\"Mango Onyx Dolce Stool\"}]},{\"@type\":\"WebSite\",\"@id\":\"https:\\\/\\\/marbera-studio.com\\\/#website\",\"url\":\"https:\\\/\\\/marbera-studio.com\\\/\",\"name\":\"Marbera\",\"description\":\"Marbera cr\u00e9e du mobilier d\u2019art en marbre et onyx : tables design, pi\u00e8ces sur mesure, savoir-faire artisanal et livraison internationale.\",\"publisher\":{\"@id\":\"https:\\\/\\\/marbera-studio.com\\\/#organization\"},\"potentialAction\":[{\"@type\":\"SearchAction\",\"target\":{\"@type\":\"EntryPoint\",\"urlTemplate\":\"https:\\\/\\\/marbera-studio.com\\\/?s={search_term_string}\"},\"query-input\":{\"@type\":\"PropertyValueSpecification\",\"valueRequired\":true,\"valueName\":\"search_term_string\"}}],\"inLanguage\":\"fr-FR\"},{\"@type\":\"Organization\",\"@id\":\"https:\\\/\\\/marbera-studio.com\\\/#organization\",\"name\":\"Marbera\",\"url\":\"https:\\\/\\\/marbera-studio.com\\\/\",\"logo\":{\"@type\":\"ImageObject\",\"inLanguage\":\"fr-FR\",\"@id\":\"https:\\\/\\\/marbera-studio.com\\\/#\\\/schema\\\/logo\\\/image\\\/\",\"url\":\"https:\\\/\\\/marbera-studio.com\\\/wp-content\\\/uploads\\\/2025\\\/07\\\/MARBERA-LOGO-2025-black.webp\",\"contentUrl\":\"https:\\\/\\\/marbera-studio.com\\\/wp-content\\\/uploads\\\/2025\\\/07\\\/MARBERA-LOGO-2025-black.webp\",\"width\":500,\"height\":62,\"caption\":\"Marbera\"},\"image\":{\"@id\":\"https:\\\/\\\/marbera-studio.com\\\/#\\\/schema\\\/logo\\\/image\\\/\"},\"sameAs\":[\"https:\\\/\\\/www.instagram.com\\\/marbera_\\\/\"]}]}<\/script>\n<!-- \/ Yoast SEO plugin. -->","yoast_head_json":{"title":"Mango Onyx Dolce Stool - Marbera","robots":{"index":"index","follow":"follow","max-snippet":"max-snippet:-1","max-image-preview":"max-image-preview:large","max-video-preview":"max-video-preview:-1"},"canonical":"https:\/\/marbera-studio.com\/fr\/produit\/orange-onyx-dolce-stool\/","og_locale":"fr_FR","og_type":"article","og_title":"Mango Onyx Dolce Stool - Marbera","og_url":"https:\/\/marbera-studio.com\/fr\/produit\/orange-onyx-dolce-stool\/","og_site_name":"Marbera","article_modified_time":"2026-01-06T16:42:40+00:00","og_image":[{"width":1512,"height":2016,"url":"https:\/\/marbera-studio.com\/wp-content\/uploads\/2021\/08\/marbera-dolce-mango-onyx-1-1.jpg","type":"image\/jpeg"}],"twitter_card":"summary_large_image","twitter_description":"[vc_row][vc_column][vc_column_text trp_param_show_language=\"en_GB\" trp_param_show=\"true\"]This stool is made with onyx, a rare and precious natural stone, which gives it a unique and luxurious look. The stool's surface is polished to reveal the natural beauty of the onyx patterns, which may vary from stool to stool.  A soft and comfortable cushion is integrated in the base, perfect for sitting comfortably for long periods of time. The cushion is removable for easy cleaning. For easy mobility, this stool can also be equipped with sturdy and discreet castors that allow it to be moved easily from one place to another. At a height of 46cm, this designer stool is perfect for use in many different contexts, such as workspaces, living rooms, bedrooms, bathrooms, and much more. It is a stylish and practical addition to any space, offering both comfort and style.  Dimensions: 400mm diameter x H440mm   If you want specific measures, please to send us an email, we can custom made this product according to your needs.  Maintenance : Your piece is unique and designed to last a lifetime. All our marbles are treated, however, a little care will ensure the longevity of your marble piece. We recommend to use a non-abrasive cloth with mild soapy water. Avoid bleach, vinegar or similar cleaning products.  Variations: All our pieces are handmade and made with natural materials. For this reason, each piece may be subject to variations in color, shade, texture, pores and mineral intrusion. This should be considered an asset as it adds value to the final product, making it unique and exclusive.  Lead time: 4-6 weeks.[\/vc_column_text][vc_column_text trp_param_show_language=\"fr_FR\" trp_param_show=\"true\"]Ce tabouret design est fabriqu\u00e9 en onyx, une pierre naturelle rare et pr\u00e9cieuse, qui lui conf\u00e8re un aspect unique et luxueux. La surface du tabouret est polie pour r\u00e9v\u00e9ler la beaut\u00e9 naturelle des motifs de l'onyx, qui peuvent varier d'un tabouret \u00e0 l'autre. Un coussin en bouclette doux et confortable est int\u00e9gr\u00e9 \u00e0 la base, parfait pour s'asseoir confortablement pendant de longues p\u00e9riodes. Le coussin est amovible pour un nettoyage facile. Pour une mobilit\u00e9 facile, ce tabouret peut \u00e9galement \u00eatre \u00e9quiper de roulettes robustes et discr\u00e8tes qui permettent de le d\u00e9placer facilement d'un endroit \u00e0 l'autre. Avec une hauteur de 46cm, ce tabouret design est parfait pour une utilisation dans de nombreux contextes diff\u00e9rents, tels que les espaces de travail, les salons, les chambres, les salles de bain et bien plus encore. Il est un ajout \u00e9l\u00e9gant et pratique \u00e0 tout espace, offrant \u00e0 la fois confort et style.  Dimensions : 400mm diam\u00e8tre x H440mm   Si vous souhaitez des mesures sp\u00e9cifiques, veuillez nous envoyer un email, nous pouvons fabriquer ce produit sur mesure en fonction de vos besoins.  Entretien : Votre pi\u00e8ce est unique et con\u00e7ue pour durer toute une vie. Tous nos marbres sont trait\u00e9s, cependant, un peu de soin assurera la long\u00e9vit\u00e9 de votre pi\u00e8ce en marbre. Nous vous recommandons d'utiliser un chiffon non abrasif avec de l'eau savonneuse douce. \u00c9vitez l'eau de Javel, le vinaigre ou les produits de nettoyage similaires.  Variations : Toutes nos pi\u00e8ces sont faites \u00e0 la main et fabriqu\u00e9es avec des mat\u00e9riaux naturels. Pour cette raison, chaque pi\u00e8ce peut \u00eatre sujette \u00e0 des variations de couleur, de teinte, de texture, de pores et d'intrusion de min\u00e9raux. Ceci doit \u00eatre consid\u00e9r\u00e9 comme un atout car il ajoute de la valeur au produit final, le rendant unique et exclusif.  D\u00e9lai de r\u00e9alisation : 4 \u00e0 6 semaines.[\/vc_column_text][\/vc_column][\/vc_row]","twitter_misc":{"Dur\u00e9e de lecture estim\u00e9e":"1 minute"},"schema":{"@context":"https:\/\/schema.org","@graph":[{"@type":"WebPage","@id":"https:\/\/marbera-studio.com\/produit\/orange-onyx-dolce-stool\/","url":"https:\/\/marbera-studio.com\/produit\/orange-onyx-dolce-stool\/","name":"Mango Onyx Dolce Stool - Marbera","isPartOf":{"@id":"https:\/\/marbera-studio.com\/#website"},"primaryImageOfPage":{"@id":"https:\/\/marbera-studio.com\/produit\/orange-onyx-dolce-stool\/#primaryimage"},"image":{"@id":"https:\/\/marbera-studio.com\/produit\/orange-onyx-dolce-stool\/#primaryimage"},"thumbnailUrl":"https:\/\/marbera-studio.com\/wp-content\/uploads\/2021\/08\/marbera-dolce-mango-onyx-1-1.jpg","datePublished":"2021-08-24T07:06:22+00:00","dateModified":"2026-01-06T16:42:40+00:00","breadcrumb":{"@id":"https:\/\/marbera-studio.com\/produit\/orange-onyx-dolce-stool\/#breadcrumb"},"inLanguage":"fr-FR","potentialAction":[{"@type":"ReadAction","target":["https:\/\/marbera-studio.com\/produit\/orange-onyx-dolce-stool\/"]}]},{"@type":"ImageObject","inLanguage":"fr-FR","@id":"https:\/\/marbera-studio.com\/produit\/orange-onyx-dolce-stool\/#primaryimage","url":"https:\/\/marbera-studio.com\/wp-content\/uploads\/2021\/08\/marbera-dolce-mango-onyx-1-1.jpg","contentUrl":"https:\/\/marbera-studio.com\/wp-content\/uploads\/2021\/08\/marbera-dolce-mango-onyx-1-1.jpg","width":1512,"height":2016},{"@type":"BreadcrumbList","@id":"https:\/\/marbera-studio.com\/produit\/orange-onyx-dolce-stool\/#breadcrumb","itemListElement":[{"@type":"ListItem","position":1,"name":"Home","item":"https:\/\/marbera-studio.com\/"},{"@type":"ListItem","position":2,"name":"Shop","item":"https:\/\/marbera-studio.com\/shop\/"},{"@type":"ListItem","position":3,"name":"Mango Onyx Dolce Stool"}]},{"@type":"WebSite","@id":"https:\/\/marbera-studio.com\/#website","url":"https:\/\/marbera-studio.com\/","name":"Marbera","description":"Marbera cr\u00e9e du mobilier d\u2019art en marbre et onyx : tables design, pi\u00e8ces sur mesure, savoir-faire artisanal et livraison internationale.","publisher":{"@id":"https:\/\/marbera-studio.com\/#organization"},"potentialAction":[{"@type":"SearchAction","target":{"@type":"EntryPoint","urlTemplate":"https:\/\/marbera-studio.com\/?s={search_term_string}"},"query-input":{"@type":"PropertyValueSpecification","valueRequired":true,"valueName":"search_term_string"}}],"inLanguage":"fr-FR"},{"@type":"Organization","@id":"https:\/\/marbera-studio.com\/#organization","name":"Marbera","url":"https:\/\/marbera-studio.com\/","logo":{"@type":"ImageObject","inLanguage":"fr-FR","@id":"https:\/\/marbera-studio.com\/#\/schema\/logo\/image\/","url":"https:\/\/marbera-studio.com\/wp-content\/uploads\/2025\/07\/MARBERA-LOGO-2025-black.webp","contentUrl":"https:\/\/marbera-studio.com\/wp-content\/uploads\/2025\/07\/MARBERA-LOGO-2025-black.webp","width":500,"height":62,"caption":"Marbera"},"image":{"@id":"https:\/\/marbera-studio.com\/#\/schema\/logo\/image\/"},"sameAs":["https:\/\/www.instagram.com\/marbera_\/"]}]}},"jetpack_sharing_enabled":true,"_links":{"self":[{"href":"https:\/\/marbera-studio.com\/fr\/wp-json\/wp\/v2\/product\/4625","targetHints":{"allow":["GET"]}}],"collection":[{"href":"https:\/\/marbera-studio.com\/fr\/wp-json\/wp\/v2\/product"}],"about":[{"href":"https:\/\/marbera-studio.com\/fr\/wp-json\/wp\/v2\/types\/product"}],"replies":[{"embeddable":true,"href":"https:\/\/marbera-studio.com\/fr\/wp-json\/wp\/v2\/comments?post=4625"}],"wp:featuredmedia":[{"embeddable":true,"href":"https:\/\/marbera-studio.com\/fr\/wp-json\/wp\/v2\/media\/8897"}],"wp:attachment":[{"href":"https:\/\/marbera-studio.com\/fr\/wp-json\/wp\/v2\/media?parent=4625"}],"wp:term":[{"taxonomy":"product_brand","embeddable":true,"href":"https:\/\/marbera-studio.com\/fr\/wp-json\/wp\/v2\/product_brand?post=4625"},{"taxonomy":"product_cat","embeddable":true,"href":"https:\/\/marbera-studio.com\/fr\/wp-json\/wp\/v2\/product_cat?post=4625"},{"taxonomy":"product_tag","embeddable":true,"href":"https:\/\/marbera-studio.com\/fr\/wp-json\/wp\/v2\/product_tag?post=4625"}],"curies":[{"name":"wp","href":"https:\/\/api.w.org\/{rel}","templated":true}]}}