{"id":4896,"date":"2021-04-23T05:00:44","date_gmt":"2021-04-23T03:00:44","guid":{"rendered":"https:\/\/marbera-studio.com\/?post_type=product&#038;p=4896"},"modified":"2026-01-08T12:17:20","modified_gmt":"2026-01-08T11:17:20","slug":"pink-onyx-soap-table","status":"publish","type":"product","link":"https:\/\/marbera-studio.com\/fr\/produit\/pink-onyx-soap-table\/","title":{"rendered":"Pink Onyx Coffee Table"},"content":{"rendered":"","protected":false},"excerpt":{"rendered":"<div class=\"vc_row wpb_row row top-row wpb_custom_034b39d9bc6c6b310d69e39f0ccf274f\"><div class=\"vc_column_container col-md-12\"><div class=\"wpb_wrapper vc_column-inner\">\r\n\t<div class=\"wpb_text_column wpb_content_element wpb_custom_7c91d232724f73626cc933bd95b25ff0\" >\r\n\t\t<div class=\"wpb_wrapper\">\r\n\t\t\t<p>\nLa table Bubble Gum en Onyx Rose est une pi\u00e8ce remarquable con\u00e7ue pour rehausser votre espace int\u00e9rieur avec son charme distinctif. Fabriqu\u00e9e \u00e0 partir d&#8217;onyx rose pur et naturel, cette table rectangulaire arbore une teinte rose captivante qui ajoute une touche de sophistication \u00e0 n&#8217;importe quelle pi\u00e8ce.<br \/>\nLe design unique de la table, avec ses cinq c\u00f4t\u00e9s, lui conf\u00e8re une esth\u00e9tique moderne et minimaliste qui se marie harmonieusement avec un d\u00e9cor contemporain. La surface lisse et polie de l&#8217;onyx rose \u00e9voque l&#8217;\u00e9l\u00e9gance, cr\u00e9ant un point focal qui attire l&#8217;attention et suscite l&#8217;admiration.<\/p>\n<p>Pour plus de commodit\u00e9, la table peut \u00eatre \u00e9quip\u00e9e de roulettes invisibles, assurant un d\u00e9placement ais\u00e9 et une polyvalence au sein de votre espace de vie.<\/p>\n<p>Dimensions : L1200mm x l700mm x H300mm<\/p>\n<p>Si vous souhaitez des mesures sp\u00e9cifiques, veuillez nous envoyer un email, nous pouvons fabriquer ce produit sur mesure en fonction de vos besoins.<\/p>\n<p>Entretien : Votre pi\u00e8ce est unique et con\u00e7ue pour durer toute une vie. Tous nos marbres sont trait\u00e9s, cependant, un peu de soin assurera la long\u00e9vit\u00e9 de votre pi\u00e8ce en marbre. Nous vous recommandons d&#8217;utiliser un chiffon non abrasif avec de l&#8217;eau savonneuse douce. \u00c9vitez l&#8217;eau de Javel, le vinaigre ou les produits de nettoyage similaires.<\/p>\n<p>Variations : Toutes nos pi\u00e8ces sont faites \u00e0 la main et fabriqu\u00e9es avec des mat\u00e9riaux naturels. Pour cette raison, chaque pi\u00e8ce peut \u00eatre sujette \u00e0 des variations de couleur, de teinte, de texture, de pores et d&#8217;intrusion de min\u00e9raux. Ceci doit \u00eatre consid\u00e9r\u00e9 comme un atout car il ajoute de la valeur au produit final, le rendant unique et exclusif.<\/p>\n<p>D\u00e9lai de r\u00e9alisation : 6 \u00e0 8 semaines.<\/p>\n\r\n\t\t<\/div>\r\n\t<\/div>\r\n<\/div><\/div><\/div>","protected":false},"featured_media":9070,"comment_status":"open","ping_status":"closed","template":"","meta":[],"product_brand":[],"product_cat":[97,153,96,101,99,15,191],"product_tag":[],"class_list":{"0":"post-4896","1":"product","2":"type-product","3":"status-publish","4":"has-post-thumbnail","6":"product_cat-all-products","7":"product_cat-bubble-gum","8":"product_cat-casters","9":"product_cat-coffee-tables","10":"product_cat-cubes-plinths","11":"product_cat-marbera","12":"product_cat-marbera-collection","14":"first","15":"instock","16":"shipping-taxable","17":"purchasable","18":"product-type-simple"},"yoast_head":"<!-- This site is optimized with the Yoast SEO plugin v27.3 - https:\/\/yoast.com\/product\/yoast-seo-wordpress\/ -->\n<title>Pink Onyx Coffee Table - Marbera<\/title>\n<meta name=\"robots\" content=\"index, follow, max-snippet:-1, max-image-preview:large, max-video-preview:-1\" \/>\n<link rel=\"canonical\" href=\"https:\/\/marbera-studio.com\/fr\/produit\/pink-onyx-soap-table\/\" \/>\n<meta property=\"og:locale\" content=\"fr_FR\" \/>\n<meta property=\"og:type\" content=\"article\" \/>\n<meta property=\"og:title\" content=\"Pink Onyx Coffee Table - Marbera\" \/>\n<meta property=\"og:url\" content=\"https:\/\/marbera-studio.com\/fr\/produit\/pink-onyx-soap-table\/\" \/>\n<meta property=\"og:site_name\" content=\"Marbera\" \/>\n<meta property=\"article:modified_time\" content=\"2026-01-08T11:17:20+00:00\" \/>\n<meta property=\"og:image\" content=\"https:\/\/marbera-studio.com\/wp-content\/uploads\/2021\/04\/pink-onyx-coffee-table-bubble-2.jpg\" \/>\n\t<meta property=\"og:image:width\" content=\"1529\" \/>\n\t<meta property=\"og:image:height\" content=\"2048\" \/>\n\t<meta property=\"og:image:type\" content=\"image\/jpeg\" \/>\n<meta name=\"twitter:card\" content=\"summary_large_image\" \/>\n<meta name=\"twitter:description\" content=\"[vc_row][vc_column][vc_column_text trp_param_show_language=&quot;en_GB&quot; trp_param_show=&quot;true&quot;]The pink onyx Bubble Gum table is a stunning piece designed to elevate your interior space with its distinctive charm. Crafted from pure, natural onyx, this rectangular table boasts a captivating pink hue that adds a touch of sophistication to any room. The table&#039;s unique design features five sides, giving it a modern and minimalist aesthetic that seamlessly blends with contemporary decor. The smooth and polished surface of the pink onyx exudes elegance, creating a focal point that draws attention and admiration.  For added convenience, the table can be fitted with invisible castors, ensuring effortless movement and versatility within your living space.  Dimensions : L1200mm x W700mm x H300mm  If you want specific measures, please to send us an email, we can custom made this product according to your needs.  Maintenance : Your piece is unique and designed to last a lifetime. All our marbles are treated, however, a little care will ensure the longevity of your marble piece. We recommend to use a non-abrasive cloth with mild soapy water. Avoid bleach, vinegar or similar cleaning products.  Variations: All our pieces are handmade and made with natural materials. For this reason, each piece may be subject to variations in color, shade, texture, pores and mineral intrusion. This should be considered an asset as it adds value to the final product, making it unique and exclusive.  Lead time: 6-8 weeks.[\/vc_column_text][vc_column_text trp_param_show_language=&quot;fr_FR&quot; trp_param_show=&quot;true&quot;] La table Bubble Gum en Onyx Rose est une pi\u00e8ce remarquable con\u00e7ue pour rehausser votre espace int\u00e9rieur avec son charme distinctif. Fabriqu\u00e9e \u00e0 partir d&#039;onyx rose pur et naturel, cette table rectangulaire arbore une teinte rose captivante qui ajoute une touche de sophistication \u00e0 n&#039;importe quelle pi\u00e8ce. Le design unique de la table, avec ses cinq c\u00f4t\u00e9s, lui conf\u00e8re une esth\u00e9tique moderne et minimaliste qui se marie harmonieusement avec un d\u00e9cor contemporain. La surface lisse et polie de l&#039;onyx rose \u00e9voque l&#039;\u00e9l\u00e9gance, cr\u00e9ant un point focal qui attire l&#039;attention et suscite l&#039;admiration.  Pour plus de commodit\u00e9, la table peut \u00eatre \u00e9quip\u00e9e de roulettes invisibles, assurant un d\u00e9placement ais\u00e9 et une polyvalence au sein de votre espace de vie.  Dimensions : L1200mm x l700mm x H300mm  Si vous souhaitez des mesures sp\u00e9cifiques, veuillez nous envoyer un email, nous pouvons fabriquer ce produit sur mesure en fonction de vos besoins.  Entretien : Votre pi\u00e8ce est unique et con\u00e7ue pour durer toute une vie. Tous nos marbres sont trait\u00e9s, cependant, un peu de soin assurera la long\u00e9vit\u00e9 de votre pi\u00e8ce en marbre. Nous vous recommandons d&#039;utiliser un chiffon non abrasif avec de l&#039;eau savonneuse douce. \u00c9vitez l&#039;eau de Javel, le vinaigre ou les produits de nettoyage similaires.  Variations : Toutes nos pi\u00e8ces sont faites \u00e0 la main et fabriqu\u00e9es avec des mat\u00e9riaux naturels. Pour cette raison, chaque pi\u00e8ce peut \u00eatre sujette \u00e0 des variations de couleur, de teinte, de texture, de pores et d&#039;intrusion de min\u00e9raux. Ceci doit \u00eatre consid\u00e9r\u00e9 comme un atout car il ajoute de la valeur au produit final, le rendant unique et exclusif.  D\u00e9lai de r\u00e9alisation : 6 \u00e0 8 semaines.[\/vc_column_text][\/vc_column][\/vc_row]\" \/>\n<meta name=\"twitter:label1\" content=\"Dur\u00e9e de lecture estim\u00e9e\" \/>\n\t<meta name=\"twitter:data1\" content=\"1 minute\" \/>\n<script type=\"application\/ld+json\" class=\"yoast-schema-graph\">{\"@context\":\"https:\\\/\\\/schema.org\",\"@graph\":[{\"@type\":\"WebPage\",\"@id\":\"https:\\\/\\\/marbera-studio.com\\\/produit\\\/pink-onyx-soap-table\\\/\",\"url\":\"https:\\\/\\\/marbera-studio.com\\\/produit\\\/pink-onyx-soap-table\\\/\",\"name\":\"Pink Onyx Coffee Table - Marbera\",\"isPartOf\":{\"@id\":\"https:\\\/\\\/marbera-studio.com\\\/#website\"},\"primaryImageOfPage\":{\"@id\":\"https:\\\/\\\/marbera-studio.com\\\/produit\\\/pink-onyx-soap-table\\\/#primaryimage\"},\"image\":{\"@id\":\"https:\\\/\\\/marbera-studio.com\\\/produit\\\/pink-onyx-soap-table\\\/#primaryimage\"},\"thumbnailUrl\":\"https:\\\/\\\/marbera-studio.com\\\/wp-content\\\/uploads\\\/2021\\\/04\\\/pink-onyx-coffee-table-bubble-2.jpg\",\"datePublished\":\"2021-04-23T03:00:44+00:00\",\"dateModified\":\"2026-01-08T11:17:20+00:00\",\"breadcrumb\":{\"@id\":\"https:\\\/\\\/marbera-studio.com\\\/produit\\\/pink-onyx-soap-table\\\/#breadcrumb\"},\"inLanguage\":\"fr-FR\",\"potentialAction\":[{\"@type\":\"ReadAction\",\"target\":[\"https:\\\/\\\/marbera-studio.com\\\/produit\\\/pink-onyx-soap-table\\\/\"]}]},{\"@type\":\"ImageObject\",\"inLanguage\":\"fr-FR\",\"@id\":\"https:\\\/\\\/marbera-studio.com\\\/produit\\\/pink-onyx-soap-table\\\/#primaryimage\",\"url\":\"https:\\\/\\\/marbera-studio.com\\\/wp-content\\\/uploads\\\/2021\\\/04\\\/pink-onyx-coffee-table-bubble-2.jpg\",\"contentUrl\":\"https:\\\/\\\/marbera-studio.com\\\/wp-content\\\/uploads\\\/2021\\\/04\\\/pink-onyx-coffee-table-bubble-2.jpg\",\"width\":1529,\"height\":2048},{\"@type\":\"BreadcrumbList\",\"@id\":\"https:\\\/\\\/marbera-studio.com\\\/produit\\\/pink-onyx-soap-table\\\/#breadcrumb\",\"itemListElement\":[{\"@type\":\"ListItem\",\"position\":1,\"name\":\"Home\",\"item\":\"https:\\\/\\\/marbera-studio.com\\\/\"},{\"@type\":\"ListItem\",\"position\":2,\"name\":\"Shop\",\"item\":\"https:\\\/\\\/marbera-studio.com\\\/shop\\\/\"},{\"@type\":\"ListItem\",\"position\":3,\"name\":\"Pink Onyx Coffee Table\"}]},{\"@type\":\"WebSite\",\"@id\":\"https:\\\/\\\/marbera-studio.com\\\/#website\",\"url\":\"https:\\\/\\\/marbera-studio.com\\\/\",\"name\":\"Marbera\",\"description\":\"Marbera cr\u00e9e du mobilier d\u2019art en marbre et onyx : tables design, pi\u00e8ces sur mesure, savoir-faire artisanal et livraison internationale.\",\"publisher\":{\"@id\":\"https:\\\/\\\/marbera-studio.com\\\/#organization\"},\"potentialAction\":[{\"@type\":\"SearchAction\",\"target\":{\"@type\":\"EntryPoint\",\"urlTemplate\":\"https:\\\/\\\/marbera-studio.com\\\/?s={search_term_string}\"},\"query-input\":{\"@type\":\"PropertyValueSpecification\",\"valueRequired\":true,\"valueName\":\"search_term_string\"}}],\"inLanguage\":\"fr-FR\"},{\"@type\":\"Organization\",\"@id\":\"https:\\\/\\\/marbera-studio.com\\\/#organization\",\"name\":\"Marbera\",\"url\":\"https:\\\/\\\/marbera-studio.com\\\/\",\"logo\":{\"@type\":\"ImageObject\",\"inLanguage\":\"fr-FR\",\"@id\":\"https:\\\/\\\/marbera-studio.com\\\/#\\\/schema\\\/logo\\\/image\\\/\",\"url\":\"https:\\\/\\\/marbera-studio.com\\\/wp-content\\\/uploads\\\/2025\\\/07\\\/MARBERA-LOGO-2025-black.webp\",\"contentUrl\":\"https:\\\/\\\/marbera-studio.com\\\/wp-content\\\/uploads\\\/2025\\\/07\\\/MARBERA-LOGO-2025-black.webp\",\"width\":500,\"height\":62,\"caption\":\"Marbera\"},\"image\":{\"@id\":\"https:\\\/\\\/marbera-studio.com\\\/#\\\/schema\\\/logo\\\/image\\\/\"},\"sameAs\":[\"https:\\\/\\\/www.instagram.com\\\/marbera_\\\/\"]}]}<\/script>\n<!-- \/ Yoast SEO plugin. -->","yoast_head_json":{"title":"Pink Onyx Coffee Table - Marbera","robots":{"index":"index","follow":"follow","max-snippet":"max-snippet:-1","max-image-preview":"max-image-preview:large","max-video-preview":"max-video-preview:-1"},"canonical":"https:\/\/marbera-studio.com\/fr\/produit\/pink-onyx-soap-table\/","og_locale":"fr_FR","og_type":"article","og_title":"Pink Onyx Coffee Table - Marbera","og_url":"https:\/\/marbera-studio.com\/fr\/produit\/pink-onyx-soap-table\/","og_site_name":"Marbera","article_modified_time":"2026-01-08T11:17:20+00:00","og_image":[{"width":1529,"height":2048,"url":"https:\/\/marbera-studio.com\/wp-content\/uploads\/2021\/04\/pink-onyx-coffee-table-bubble-2.jpg","type":"image\/jpeg"}],"twitter_card":"summary_large_image","twitter_description":"[vc_row][vc_column][vc_column_text trp_param_show_language=\"en_GB\" trp_param_show=\"true\"]The pink onyx Bubble Gum table is a stunning piece designed to elevate your interior space with its distinctive charm. Crafted from pure, natural onyx, this rectangular table boasts a captivating pink hue that adds a touch of sophistication to any room. The table's unique design features five sides, giving it a modern and minimalist aesthetic that seamlessly blends with contemporary decor. The smooth and polished surface of the pink onyx exudes elegance, creating a focal point that draws attention and admiration.  For added convenience, the table can be fitted with invisible castors, ensuring effortless movement and versatility within your living space.  Dimensions : L1200mm x W700mm x H300mm  If you want specific measures, please to send us an email, we can custom made this product according to your needs.  Maintenance : Your piece is unique and designed to last a lifetime. All our marbles are treated, however, a little care will ensure the longevity of your marble piece. We recommend to use a non-abrasive cloth with mild soapy water. Avoid bleach, vinegar or similar cleaning products.  Variations: All our pieces are handmade and made with natural materials. For this reason, each piece may be subject to variations in color, shade, texture, pores and mineral intrusion. This should be considered an asset as it adds value to the final product, making it unique and exclusive.  Lead time: 6-8 weeks.[\/vc_column_text][vc_column_text trp_param_show_language=\"fr_FR\" trp_param_show=\"true\"] La table Bubble Gum en Onyx Rose est une pi\u00e8ce remarquable con\u00e7ue pour rehausser votre espace int\u00e9rieur avec son charme distinctif. Fabriqu\u00e9e \u00e0 partir d'onyx rose pur et naturel, cette table rectangulaire arbore une teinte rose captivante qui ajoute une touche de sophistication \u00e0 n'importe quelle pi\u00e8ce. Le design unique de la table, avec ses cinq c\u00f4t\u00e9s, lui conf\u00e8re une esth\u00e9tique moderne et minimaliste qui se marie harmonieusement avec un d\u00e9cor contemporain. La surface lisse et polie de l'onyx rose \u00e9voque l'\u00e9l\u00e9gance, cr\u00e9ant un point focal qui attire l'attention et suscite l'admiration.  Pour plus de commodit\u00e9, la table peut \u00eatre \u00e9quip\u00e9e de roulettes invisibles, assurant un d\u00e9placement ais\u00e9 et une polyvalence au sein de votre espace de vie.  Dimensions : L1200mm x l700mm x H300mm  Si vous souhaitez des mesures sp\u00e9cifiques, veuillez nous envoyer un email, nous pouvons fabriquer ce produit sur mesure en fonction de vos besoins.  Entretien : Votre pi\u00e8ce est unique et con\u00e7ue pour durer toute une vie. Tous nos marbres sont trait\u00e9s, cependant, un peu de soin assurera la long\u00e9vit\u00e9 de votre pi\u00e8ce en marbre. Nous vous recommandons d'utiliser un chiffon non abrasif avec de l'eau savonneuse douce. \u00c9vitez l'eau de Javel, le vinaigre ou les produits de nettoyage similaires.  Variations : Toutes nos pi\u00e8ces sont faites \u00e0 la main et fabriqu\u00e9es avec des mat\u00e9riaux naturels. Pour cette raison, chaque pi\u00e8ce peut \u00eatre sujette \u00e0 des variations de couleur, de teinte, de texture, de pores et d'intrusion de min\u00e9raux. Ceci doit \u00eatre consid\u00e9r\u00e9 comme un atout car il ajoute de la valeur au produit final, le rendant unique et exclusif.  D\u00e9lai de r\u00e9alisation : 6 \u00e0 8 semaines.[\/vc_column_text][\/vc_column][\/vc_row]","twitter_misc":{"Dur\u00e9e de lecture estim\u00e9e":"1 minute"},"schema":{"@context":"https:\/\/schema.org","@graph":[{"@type":"WebPage","@id":"https:\/\/marbera-studio.com\/produit\/pink-onyx-soap-table\/","url":"https:\/\/marbera-studio.com\/produit\/pink-onyx-soap-table\/","name":"Pink Onyx Coffee Table - Marbera","isPartOf":{"@id":"https:\/\/marbera-studio.com\/#website"},"primaryImageOfPage":{"@id":"https:\/\/marbera-studio.com\/produit\/pink-onyx-soap-table\/#primaryimage"},"image":{"@id":"https:\/\/marbera-studio.com\/produit\/pink-onyx-soap-table\/#primaryimage"},"thumbnailUrl":"https:\/\/marbera-studio.com\/wp-content\/uploads\/2021\/04\/pink-onyx-coffee-table-bubble-2.jpg","datePublished":"2021-04-23T03:00:44+00:00","dateModified":"2026-01-08T11:17:20+00:00","breadcrumb":{"@id":"https:\/\/marbera-studio.com\/produit\/pink-onyx-soap-table\/#breadcrumb"},"inLanguage":"fr-FR","potentialAction":[{"@type":"ReadAction","target":["https:\/\/marbera-studio.com\/produit\/pink-onyx-soap-table\/"]}]},{"@type":"ImageObject","inLanguage":"fr-FR","@id":"https:\/\/marbera-studio.com\/produit\/pink-onyx-soap-table\/#primaryimage","url":"https:\/\/marbera-studio.com\/wp-content\/uploads\/2021\/04\/pink-onyx-coffee-table-bubble-2.jpg","contentUrl":"https:\/\/marbera-studio.com\/wp-content\/uploads\/2021\/04\/pink-onyx-coffee-table-bubble-2.jpg","width":1529,"height":2048},{"@type":"BreadcrumbList","@id":"https:\/\/marbera-studio.com\/produit\/pink-onyx-soap-table\/#breadcrumb","itemListElement":[{"@type":"ListItem","position":1,"name":"Home","item":"https:\/\/marbera-studio.com\/"},{"@type":"ListItem","position":2,"name":"Shop","item":"https:\/\/marbera-studio.com\/shop\/"},{"@type":"ListItem","position":3,"name":"Pink Onyx Coffee Table"}]},{"@type":"WebSite","@id":"https:\/\/marbera-studio.com\/#website","url":"https:\/\/marbera-studio.com\/","name":"Marbera","description":"Marbera cr\u00e9e du mobilier d\u2019art en marbre et onyx : tables design, pi\u00e8ces sur mesure, savoir-faire artisanal et livraison internationale.","publisher":{"@id":"https:\/\/marbera-studio.com\/#organization"},"potentialAction":[{"@type":"SearchAction","target":{"@type":"EntryPoint","urlTemplate":"https:\/\/marbera-studio.com\/?s={search_term_string}"},"query-input":{"@type":"PropertyValueSpecification","valueRequired":true,"valueName":"search_term_string"}}],"inLanguage":"fr-FR"},{"@type":"Organization","@id":"https:\/\/marbera-studio.com\/#organization","name":"Marbera","url":"https:\/\/marbera-studio.com\/","logo":{"@type":"ImageObject","inLanguage":"fr-FR","@id":"https:\/\/marbera-studio.com\/#\/schema\/logo\/image\/","url":"https:\/\/marbera-studio.com\/wp-content\/uploads\/2025\/07\/MARBERA-LOGO-2025-black.webp","contentUrl":"https:\/\/marbera-studio.com\/wp-content\/uploads\/2025\/07\/MARBERA-LOGO-2025-black.webp","width":500,"height":62,"caption":"Marbera"},"image":{"@id":"https:\/\/marbera-studio.com\/#\/schema\/logo\/image\/"},"sameAs":["https:\/\/www.instagram.com\/marbera_\/"]}]}},"jetpack_sharing_enabled":true,"_links":{"self":[{"href":"https:\/\/marbera-studio.com\/fr\/wp-json\/wp\/v2\/product\/4896","targetHints":{"allow":["GET"]}}],"collection":[{"href":"https:\/\/marbera-studio.com\/fr\/wp-json\/wp\/v2\/product"}],"about":[{"href":"https:\/\/marbera-studio.com\/fr\/wp-json\/wp\/v2\/types\/product"}],"replies":[{"embeddable":true,"href":"https:\/\/marbera-studio.com\/fr\/wp-json\/wp\/v2\/comments?post=4896"}],"wp:featuredmedia":[{"embeddable":true,"href":"https:\/\/marbera-studio.com\/fr\/wp-json\/wp\/v2\/media\/9070"}],"wp:attachment":[{"href":"https:\/\/marbera-studio.com\/fr\/wp-json\/wp\/v2\/media?parent=4896"}],"wp:term":[{"taxonomy":"product_brand","embeddable":true,"href":"https:\/\/marbera-studio.com\/fr\/wp-json\/wp\/v2\/product_brand?post=4896"},{"taxonomy":"product_cat","embeddable":true,"href":"https:\/\/marbera-studio.com\/fr\/wp-json\/wp\/v2\/product_cat?post=4896"},{"taxonomy":"product_tag","embeddable":true,"href":"https:\/\/marbera-studio.com\/fr\/wp-json\/wp\/v2\/product_tag?post=4896"}],"curies":[{"name":"wp","href":"https:\/\/api.w.org\/{rel}","templated":true}]}}