{"id":5206,"date":"2022-06-24T08:35:05","date_gmt":"2022-06-24T06:35:05","guid":{"rendered":"https:\/\/marbera-studio.com\/?post_type=product&#038;p=5206"},"modified":"2026-03-25T13:15:42","modified_gmt":"2026-03-25T12:15:42","slug":"amo-bordeaux-storage-table","status":"publish","type":"product","link":"https:\/\/marbera-studio.com\/fr\/produit\/amo-bordeaux-storage-table\/","title":{"rendered":"Amo Bordeaux Storage"},"content":{"rendered":"","protected":false},"excerpt":{"rendered":"<div class=\"vc_row wpb_row row top-row wpb_custom_034b39d9bc6c6b310d69e39f0ccf274f\"><div class=\"vc_column_container col-md-12\"><div class=\"wpb_wrapper vc_column-inner\">\r\n\t<div class=\"wpb_text_column wpb_content_element wpb_custom_7c91d232724f73626cc933bd95b25ff0\" >\r\n\t\t<div class=\"wpb_wrapper\">\r\n\t\t\t<p>D\u00e9couvrez &#8216;Amo&#8217;, une table d&#8217;appoint sophistiqu\u00e9e et moderne qui allie \u00e9l\u00e9gance et fonctionnalit\u00e9 de mani\u00e8re harmonieuse. Fabriqu\u00e9e \u00e0 partir de bois laqu\u00e9 brillant de haute qualit\u00e9, son design minimaliste pr\u00e9sente des coins arrondis pour une esth\u00e9tique \u00e9pur\u00e9e. Le point central d&#8221;Amo&#8217; est le bloc rectangulaire d&#8217;onyx int\u00e9gr\u00e9, cr\u00e9ant un contraste saisissant et ajoutant une touche de luxe. En ouvrant la porte du meuble, vous r\u00e9v\u00e9lez une \u00e9tag\u00e8re astucieusement dissimul\u00e9e, offrant des solutions de rangement discr\u00e8tes. Rehaussez votre espace de vie avec &#8216;Amo&#8217;, o\u00f9 le design contemporain rencontre la praticit\u00e9 en parfaite harmonie.<\/p>\n<p>Dimensions : L400mm x l330mm x H500mm<\/p>\n<p>Entretien : Votre pi\u00e8ce est unique et con\u00e7ue pour durer toute une vie. Tous nos marbres sont trait\u00e9s, cependant, un peu de soin assurera la long\u00e9vit\u00e9 de votre pi\u00e8ce en marbre. Nous vous recommandons d&#8217;utiliser un chiffon non abrasif avec de l&#8217;eau savonneuse douce. \u00c9vitez l&#8217;eau de Javel, le vinaigre ou les produits de nettoyage similaires.<\/p>\n<p>Variations : Toutes nos pi\u00e8ces sont faites \u00e0 la main et fabriqu\u00e9es avec des mat\u00e9riaux naturels. Pour cette raison, chaque pi\u00e8ce peut \u00eatre sujette \u00e0 des variations de couleur, de teinte, de texture, de pores et d&#8217;intrusion de min\u00e9raux. Ceci doit \u00eatre consid\u00e9r\u00e9 comme un atout car il ajoute de la valeur au produit final, le rendant unique et exclusif.<\/p>\n<p>D\u00e9lai de livraison : 4 \u00e0 6 semaines.<\/p>\n<p>Quand vous commandez une paire de chevets, il y a un c\u00f4t\u00e9 gauche et un c\u00f4t\u00e9 droit.<\/p>\n\r\n\t\t<\/div>\r\n\t<\/div>\r\n<\/div><\/div><\/div>","protected":false},"featured_media":8800,"comment_status":"open","ping_status":"closed","template":"","meta":[],"product_brand":[],"product_cat":[97,138,139,15,191,98,219],"product_tag":[],"class_list":{"0":"post-5206","1":"product","2":"type-product","3":"status-publish","4":"has-post-thumbnail","6":"product_cat-all-products","7":"product_cat-amo","8":"product_cat-best-sellers","9":"product_cat-marbera","10":"product_cat-marbera-collection","11":"product_cat-side-tables","12":"product_cat-storage-2","14":"first","15":"instock","16":"shipping-taxable","17":"purchasable","18":"product-type-variable","19":"wvs-archive-product-wrapper"},"yoast_head":"<!-- This site is optimized with the Yoast SEO plugin v27.3 - https:\/\/yoast.com\/product\/yoast-seo-wordpress\/ -->\n<title>Amo Bordeaux Storage - Marbera<\/title>\n<meta name=\"robots\" content=\"index, follow, max-snippet:-1, max-image-preview:large, max-video-preview:-1\" \/>\n<link rel=\"canonical\" href=\"https:\/\/marbera-studio.com\/fr\/produit\/amo-bordeaux-storage-table\/\" \/>\n<meta property=\"og:locale\" content=\"fr_FR\" \/>\n<meta property=\"og:type\" content=\"article\" \/>\n<meta property=\"og:title\" content=\"Amo Bordeaux Storage - Marbera\" \/>\n<meta property=\"og:url\" content=\"https:\/\/marbera-studio.com\/fr\/produit\/amo-bordeaux-storage-table\/\" \/>\n<meta property=\"og:site_name\" content=\"Marbera\" \/>\n<meta property=\"article:modified_time\" content=\"2026-03-25T12:15:42+00:00\" \/>\n<meta property=\"og:image\" content=\"https:\/\/marbera-studio.com\/wp-content\/uploads\/2022\/06\/marbera-amo-bordeaux-and-white-onyx.png\" \/>\n\t<meta property=\"og:image:width\" content=\"1512\" \/>\n\t<meta property=\"og:image:height\" content=\"2016\" \/>\n\t<meta property=\"og:image:type\" content=\"image\/png\" \/>\n<meta name=\"twitter:card\" content=\"summary_large_image\" \/>\n<meta name=\"twitter:description\" content=\"[vc_row][vc_column][vc_column_text trp_param_show_language=&quot;en_GB&quot; trp_param_show=&quot;true&quot;]  Introducing &#039;Amo,&#039; a sophisticated and modern side table that seamlessly blends elegance with functionality. Crafted from high-quality glossy lacquered wood, its minimalist design features rounded corners for a sleek aesthetic. The focal point of &#039;Amo&#039; is the integrated rectangular onyx block, creating a striking contrast and adding a touch of luxury. Unlocking the cabinet door reveals a cleverly concealed shelf, offering discreet storage solutions. Elevate your living space with &#039;Amo,&#039; where contemporary design meets practicality in perfect harmony.  Dimensions: L400mm x W330mm x H500mm  Maintenance : Your piece is unique and designed to last a lifetime. All our marbles are treated, however, a little care will ensure the longevity of your marble piece. We recommend to use a non-abrasive cloth with mild soapy water. Avoid bleach, vinegar or similar cleaning products.  Variations: All our pieces are handmade and made with natural materials. For this reason, each piece may be subject to variations in color, shade, texture, pores and mineral intrusion. This should be considered an asset as it adds value to the final product, making it unique and exclusive.  Lead time: 4-6 weeks.  When you order a pair of bedside tables, there&#039;s a left side and a right side.  [\/vc_column_text][vc_column_text trp_param_show_language=&quot;fr_FR&quot; trp_param_show=&quot;true&quot;]  D\u00e9couvrez &#039;Amo&#039;, une table d&#039;appoint sophistiqu\u00e9e et moderne qui allie \u00e9l\u00e9gance et fonctionnalit\u00e9 de mani\u00e8re harmonieuse. Fabriqu\u00e9e \u00e0 partir de bois laqu\u00e9 brillant de haute qualit\u00e9, son design minimaliste pr\u00e9sente des coins arrondis pour une esth\u00e9tique \u00e9pur\u00e9e. Le point central d&#039;&#039;Amo&#039; est le bloc rectangulaire d&#039;onyx int\u00e9gr\u00e9, cr\u00e9ant un contraste saisissant et ajoutant une touche de luxe. En ouvrant la porte du meuble, vous r\u00e9v\u00e9lez une \u00e9tag\u00e8re astucieusement dissimul\u00e9e, offrant des solutions de rangement discr\u00e8tes. Rehaussez votre espace de vie avec &#039;Amo&#039;, o\u00f9 le design contemporain rencontre la praticit\u00e9 en parfaite harmonie.  Dimensions : L400mm x l330mm x H500mm  Entretien : Votre pi\u00e8ce est unique et con\u00e7ue pour durer toute une vie. Tous nos marbres sont trait\u00e9s, cependant, un peu de soin assurera la long\u00e9vit\u00e9 de votre pi\u00e8ce en marbre. Nous vous recommandons d&#039;utiliser un chiffon non abrasif avec de l&#039;eau savonneuse douce. \u00c9vitez l&#039;eau de Javel, le vinaigre ou les produits de nettoyage similaires.  Variations : Toutes nos pi\u00e8ces sont faites \u00e0 la main et fabriqu\u00e9es avec des mat\u00e9riaux naturels. Pour cette raison, chaque pi\u00e8ce peut \u00eatre sujette \u00e0 des variations de couleur, de teinte, de texture, de pores et d&#039;intrusion de min\u00e9raux. Ceci doit \u00eatre consid\u00e9r\u00e9 comme un atout car il ajoute de la valeur au produit final, le rendant unique et exclusif.  D\u00e9lai de livraison : 4 \u00e0 6 semaines.  Quand vous commandez une paire de chevets, il y a un c\u00f4t\u00e9 gauche et un c\u00f4t\u00e9 droit.  [\/vc_column_text][\/vc_column][\/vc_row]\" \/>\n<meta name=\"twitter:label1\" content=\"Dur\u00e9e de lecture estim\u00e9e\" \/>\n\t<meta name=\"twitter:data1\" content=\"1 minute\" \/>\n<script type=\"application\/ld+json\" class=\"yoast-schema-graph\">{\"@context\":\"https:\\\/\\\/schema.org\",\"@graph\":[{\"@type\":\"WebPage\",\"@id\":\"https:\\\/\\\/marbera-studio.com\\\/produit\\\/amo-bordeaux-storage-table\\\/\",\"url\":\"https:\\\/\\\/marbera-studio.com\\\/produit\\\/amo-bordeaux-storage-table\\\/\",\"name\":\"Amo Bordeaux Storage - Marbera\",\"isPartOf\":{\"@id\":\"https:\\\/\\\/marbera-studio.com\\\/#website\"},\"primaryImageOfPage\":{\"@id\":\"https:\\\/\\\/marbera-studio.com\\\/produit\\\/amo-bordeaux-storage-table\\\/#primaryimage\"},\"image\":{\"@id\":\"https:\\\/\\\/marbera-studio.com\\\/produit\\\/amo-bordeaux-storage-table\\\/#primaryimage\"},\"thumbnailUrl\":\"https:\\\/\\\/marbera-studio.com\\\/wp-content\\\/uploads\\\/2022\\\/06\\\/marbera-amo-bordeaux-and-white-onyx.png\",\"datePublished\":\"2022-06-24T06:35:05+00:00\",\"dateModified\":\"2026-03-25T12:15:42+00:00\",\"breadcrumb\":{\"@id\":\"https:\\\/\\\/marbera-studio.com\\\/produit\\\/amo-bordeaux-storage-table\\\/#breadcrumb\"},\"inLanguage\":\"fr-FR\",\"potentialAction\":[{\"@type\":\"ReadAction\",\"target\":[\"https:\\\/\\\/marbera-studio.com\\\/produit\\\/amo-bordeaux-storage-table\\\/\"]}]},{\"@type\":\"ImageObject\",\"inLanguage\":\"fr-FR\",\"@id\":\"https:\\\/\\\/marbera-studio.com\\\/produit\\\/amo-bordeaux-storage-table\\\/#primaryimage\",\"url\":\"https:\\\/\\\/marbera-studio.com\\\/wp-content\\\/uploads\\\/2022\\\/06\\\/marbera-amo-bordeaux-and-white-onyx.png\",\"contentUrl\":\"https:\\\/\\\/marbera-studio.com\\\/wp-content\\\/uploads\\\/2022\\\/06\\\/marbera-amo-bordeaux-and-white-onyx.png\",\"width\":1512,\"height\":2016},{\"@type\":\"BreadcrumbList\",\"@id\":\"https:\\\/\\\/marbera-studio.com\\\/produit\\\/amo-bordeaux-storage-table\\\/#breadcrumb\",\"itemListElement\":[{\"@type\":\"ListItem\",\"position\":1,\"name\":\"Home\",\"item\":\"https:\\\/\\\/marbera-studio.com\\\/\"},{\"@type\":\"ListItem\",\"position\":2,\"name\":\"Shop\",\"item\":\"https:\\\/\\\/marbera-studio.com\\\/shop\\\/\"},{\"@type\":\"ListItem\",\"position\":3,\"name\":\"Amo Bordeaux Storage\"}]},{\"@type\":\"WebSite\",\"@id\":\"https:\\\/\\\/marbera-studio.com\\\/#website\",\"url\":\"https:\\\/\\\/marbera-studio.com\\\/\",\"name\":\"Marbera\",\"description\":\"Marbera cr\u00e9e du mobilier d\u2019art en marbre et onyx : tables design, pi\u00e8ces sur mesure, savoir-faire artisanal et livraison internationale.\",\"publisher\":{\"@id\":\"https:\\\/\\\/marbera-studio.com\\\/#organization\"},\"potentialAction\":[{\"@type\":\"SearchAction\",\"target\":{\"@type\":\"EntryPoint\",\"urlTemplate\":\"https:\\\/\\\/marbera-studio.com\\\/?s={search_term_string}\"},\"query-input\":{\"@type\":\"PropertyValueSpecification\",\"valueRequired\":true,\"valueName\":\"search_term_string\"}}],\"inLanguage\":\"fr-FR\"},{\"@type\":\"Organization\",\"@id\":\"https:\\\/\\\/marbera-studio.com\\\/#organization\",\"name\":\"Marbera\",\"url\":\"https:\\\/\\\/marbera-studio.com\\\/\",\"logo\":{\"@type\":\"ImageObject\",\"inLanguage\":\"fr-FR\",\"@id\":\"https:\\\/\\\/marbera-studio.com\\\/#\\\/schema\\\/logo\\\/image\\\/\",\"url\":\"https:\\\/\\\/marbera-studio.com\\\/wp-content\\\/uploads\\\/2025\\\/07\\\/MARBERA-LOGO-2025-black.webp\",\"contentUrl\":\"https:\\\/\\\/marbera-studio.com\\\/wp-content\\\/uploads\\\/2025\\\/07\\\/MARBERA-LOGO-2025-black.webp\",\"width\":500,\"height\":62,\"caption\":\"Marbera\"},\"image\":{\"@id\":\"https:\\\/\\\/marbera-studio.com\\\/#\\\/schema\\\/logo\\\/image\\\/\"},\"sameAs\":[\"https:\\\/\\\/www.instagram.com\\\/marbera_\\\/\"]}]}<\/script>\n<!-- \/ Yoast SEO plugin. -->","yoast_head_json":{"title":"Amo Bordeaux Storage - Marbera","robots":{"index":"index","follow":"follow","max-snippet":"max-snippet:-1","max-image-preview":"max-image-preview:large","max-video-preview":"max-video-preview:-1"},"canonical":"https:\/\/marbera-studio.com\/fr\/produit\/amo-bordeaux-storage-table\/","og_locale":"fr_FR","og_type":"article","og_title":"Amo Bordeaux Storage - Marbera","og_url":"https:\/\/marbera-studio.com\/fr\/produit\/amo-bordeaux-storage-table\/","og_site_name":"Marbera","article_modified_time":"2026-03-25T12:15:42+00:00","og_image":[{"width":1512,"height":2016,"url":"https:\/\/marbera-studio.com\/wp-content\/uploads\/2022\/06\/marbera-amo-bordeaux-and-white-onyx.png","type":"image\/png"}],"twitter_card":"summary_large_image","twitter_description":"[vc_row][vc_column][vc_column_text trp_param_show_language=\"en_GB\" trp_param_show=\"true\"]  Introducing 'Amo,' a sophisticated and modern side table that seamlessly blends elegance with functionality. Crafted from high-quality glossy lacquered wood, its minimalist design features rounded corners for a sleek aesthetic. The focal point of 'Amo' is the integrated rectangular onyx block, creating a striking contrast and adding a touch of luxury. Unlocking the cabinet door reveals a cleverly concealed shelf, offering discreet storage solutions. Elevate your living space with 'Amo,' where contemporary design meets practicality in perfect harmony.  Dimensions: L400mm x W330mm x H500mm  Maintenance : Your piece is unique and designed to last a lifetime. All our marbles are treated, however, a little care will ensure the longevity of your marble piece. We recommend to use a non-abrasive cloth with mild soapy water. Avoid bleach, vinegar or similar cleaning products.  Variations: All our pieces are handmade and made with natural materials. For this reason, each piece may be subject to variations in color, shade, texture, pores and mineral intrusion. This should be considered an asset as it adds value to the final product, making it unique and exclusive.  Lead time: 4-6 weeks.  When you order a pair of bedside tables, there's a left side and a right side.  [\/vc_column_text][vc_column_text trp_param_show_language=\"fr_FR\" trp_param_show=\"true\"]  D\u00e9couvrez 'Amo', une table d'appoint sophistiqu\u00e9e et moderne qui allie \u00e9l\u00e9gance et fonctionnalit\u00e9 de mani\u00e8re harmonieuse. Fabriqu\u00e9e \u00e0 partir de bois laqu\u00e9 brillant de haute qualit\u00e9, son design minimaliste pr\u00e9sente des coins arrondis pour une esth\u00e9tique \u00e9pur\u00e9e. Le point central d''Amo' est le bloc rectangulaire d'onyx int\u00e9gr\u00e9, cr\u00e9ant un contraste saisissant et ajoutant une touche de luxe. En ouvrant la porte du meuble, vous r\u00e9v\u00e9lez une \u00e9tag\u00e8re astucieusement dissimul\u00e9e, offrant des solutions de rangement discr\u00e8tes. Rehaussez votre espace de vie avec 'Amo', o\u00f9 le design contemporain rencontre la praticit\u00e9 en parfaite harmonie.  Dimensions : L400mm x l330mm x H500mm  Entretien : Votre pi\u00e8ce est unique et con\u00e7ue pour durer toute une vie. Tous nos marbres sont trait\u00e9s, cependant, un peu de soin assurera la long\u00e9vit\u00e9 de votre pi\u00e8ce en marbre. Nous vous recommandons d'utiliser un chiffon non abrasif avec de l'eau savonneuse douce. \u00c9vitez l'eau de Javel, le vinaigre ou les produits de nettoyage similaires.  Variations : Toutes nos pi\u00e8ces sont faites \u00e0 la main et fabriqu\u00e9es avec des mat\u00e9riaux naturels. Pour cette raison, chaque pi\u00e8ce peut \u00eatre sujette \u00e0 des variations de couleur, de teinte, de texture, de pores et d'intrusion de min\u00e9raux. Ceci doit \u00eatre consid\u00e9r\u00e9 comme un atout car il ajoute de la valeur au produit final, le rendant unique et exclusif.  D\u00e9lai de livraison : 4 \u00e0 6 semaines.  Quand vous commandez une paire de chevets, il y a un c\u00f4t\u00e9 gauche et un c\u00f4t\u00e9 droit.  [\/vc_column_text][\/vc_column][\/vc_row]","twitter_misc":{"Dur\u00e9e de lecture estim\u00e9e":"1 minute"},"schema":{"@context":"https:\/\/schema.org","@graph":[{"@type":"WebPage","@id":"https:\/\/marbera-studio.com\/produit\/amo-bordeaux-storage-table\/","url":"https:\/\/marbera-studio.com\/produit\/amo-bordeaux-storage-table\/","name":"Amo Bordeaux Storage - Marbera","isPartOf":{"@id":"https:\/\/marbera-studio.com\/#website"},"primaryImageOfPage":{"@id":"https:\/\/marbera-studio.com\/produit\/amo-bordeaux-storage-table\/#primaryimage"},"image":{"@id":"https:\/\/marbera-studio.com\/produit\/amo-bordeaux-storage-table\/#primaryimage"},"thumbnailUrl":"https:\/\/marbera-studio.com\/wp-content\/uploads\/2022\/06\/marbera-amo-bordeaux-and-white-onyx.png","datePublished":"2022-06-24T06:35:05+00:00","dateModified":"2026-03-25T12:15:42+00:00","breadcrumb":{"@id":"https:\/\/marbera-studio.com\/produit\/amo-bordeaux-storage-table\/#breadcrumb"},"inLanguage":"fr-FR","potentialAction":[{"@type":"ReadAction","target":["https:\/\/marbera-studio.com\/produit\/amo-bordeaux-storage-table\/"]}]},{"@type":"ImageObject","inLanguage":"fr-FR","@id":"https:\/\/marbera-studio.com\/produit\/amo-bordeaux-storage-table\/#primaryimage","url":"https:\/\/marbera-studio.com\/wp-content\/uploads\/2022\/06\/marbera-amo-bordeaux-and-white-onyx.png","contentUrl":"https:\/\/marbera-studio.com\/wp-content\/uploads\/2022\/06\/marbera-amo-bordeaux-and-white-onyx.png","width":1512,"height":2016},{"@type":"BreadcrumbList","@id":"https:\/\/marbera-studio.com\/produit\/amo-bordeaux-storage-table\/#breadcrumb","itemListElement":[{"@type":"ListItem","position":1,"name":"Home","item":"https:\/\/marbera-studio.com\/"},{"@type":"ListItem","position":2,"name":"Shop","item":"https:\/\/marbera-studio.com\/shop\/"},{"@type":"ListItem","position":3,"name":"Amo Bordeaux Storage"}]},{"@type":"WebSite","@id":"https:\/\/marbera-studio.com\/#website","url":"https:\/\/marbera-studio.com\/","name":"Marbera","description":"Marbera cr\u00e9e du mobilier d\u2019art en marbre et onyx : tables design, pi\u00e8ces sur mesure, savoir-faire artisanal et livraison internationale.","publisher":{"@id":"https:\/\/marbera-studio.com\/#organization"},"potentialAction":[{"@type":"SearchAction","target":{"@type":"EntryPoint","urlTemplate":"https:\/\/marbera-studio.com\/?s={search_term_string}"},"query-input":{"@type":"PropertyValueSpecification","valueRequired":true,"valueName":"search_term_string"}}],"inLanguage":"fr-FR"},{"@type":"Organization","@id":"https:\/\/marbera-studio.com\/#organization","name":"Marbera","url":"https:\/\/marbera-studio.com\/","logo":{"@type":"ImageObject","inLanguage":"fr-FR","@id":"https:\/\/marbera-studio.com\/#\/schema\/logo\/image\/","url":"https:\/\/marbera-studio.com\/wp-content\/uploads\/2025\/07\/MARBERA-LOGO-2025-black.webp","contentUrl":"https:\/\/marbera-studio.com\/wp-content\/uploads\/2025\/07\/MARBERA-LOGO-2025-black.webp","width":500,"height":62,"caption":"Marbera"},"image":{"@id":"https:\/\/marbera-studio.com\/#\/schema\/logo\/image\/"},"sameAs":["https:\/\/www.instagram.com\/marbera_\/"]}]}},"jetpack_sharing_enabled":true,"_links":{"self":[{"href":"https:\/\/marbera-studio.com\/fr\/wp-json\/wp\/v2\/product\/5206","targetHints":{"allow":["GET"]}}],"collection":[{"href":"https:\/\/marbera-studio.com\/fr\/wp-json\/wp\/v2\/product"}],"about":[{"href":"https:\/\/marbera-studio.com\/fr\/wp-json\/wp\/v2\/types\/product"}],"replies":[{"embeddable":true,"href":"https:\/\/marbera-studio.com\/fr\/wp-json\/wp\/v2\/comments?post=5206"}],"wp:featuredmedia":[{"embeddable":true,"href":"https:\/\/marbera-studio.com\/fr\/wp-json\/wp\/v2\/media\/8800"}],"wp:attachment":[{"href":"https:\/\/marbera-studio.com\/fr\/wp-json\/wp\/v2\/media?parent=5206"}],"wp:term":[{"taxonomy":"product_brand","embeddable":true,"href":"https:\/\/marbera-studio.com\/fr\/wp-json\/wp\/v2\/product_brand?post=5206"},{"taxonomy":"product_cat","embeddable":true,"href":"https:\/\/marbera-studio.com\/fr\/wp-json\/wp\/v2\/product_cat?post=5206"},{"taxonomy":"product_tag","embeddable":true,"href":"https:\/\/marbera-studio.com\/fr\/wp-json\/wp\/v2\/product_tag?post=5206"}],"curies":[{"name":"wp","href":"https:\/\/api.w.org\/{rel}","templated":true}]}}