{"id":5531,"date":"2021-03-24T06:56:48","date_gmt":"2021-03-24T05:56:48","guid":{"rendered":"https:\/\/marbera-studio.com\/?post_type=product&#038;p=5531"},"modified":"2026-01-08T13:44:56","modified_gmt":"2026-01-08T12:44:56","slug":"luna-green-onyx-console","status":"publish","type":"product","link":"https:\/\/marbera-studio.com\/fr\/produit\/luna-green-onyx-console\/","title":{"rendered":"Luna Console Green Onyx"},"content":{"rendered":"","protected":false},"excerpt":{"rendered":"<div class=\"vc_row wpb_row row top-row wpb_custom_034b39d9bc6c6b310d69e39f0ccf274f\"><div class=\"vc_column_container col-md-12\"><div class=\"wpb_wrapper vc_column-inner\">\r\n\t<div class=\"wpb_text_column wpb_content_element wpb_custom_7c91d232724f73626cc933bd95b25ff0\" >\r\n\t\t<div class=\"wpb_wrapper\">\r\n\t\t\t<p>La console Luna se d\u00e9finit par son plateau ovale et ses deux pieds semi-circulaires. Cette console allie douceur, design et \u00e9l\u00e9gance. Les rayures sur les pieds et l&#8217;\u00e9paisseur du plateau lui donnent une touche contemporaine.<\/p>\n<p>Dimensions: L1300mm x l300mm x H840mm<\/p>\n<p>Pour des tailles personnalis\u00e9es, ou des couleurs de marbres, veuillez nous contacter par e-mail.<\/p>\n<p>Entretien : Votre pi\u00e8ce est unique et con\u00e7ue pour durer toute une vie. Tous nos marbres sont trait\u00e9s, cependant, un peu de soin assurera la long\u00e9vit\u00e9 de votre pi\u00e8ce en marbre. Nous vous recommandons d&#8217;utiliser un chiffon non abrasif avec de l&#8217;eau savonneuse douce. \u00c9vitez l&#8217;eau de Javel, le vinaigre ou les produits de nettoyage similaires.<\/p>\n<p>Variations : Toutes nos pi\u00e8ces sont faites \u00e0 la main et fabriqu\u00e9es avec des mat\u00e9riaux naturels. Pour cette raison, chaque pi\u00e8ce peut \u00eatre sujette \u00e0 des variations de couleur, de teinte, de texture, de pores et d&#8217;intrusion de min\u00e9raux. Ceci doit \u00eatre consid\u00e9r\u00e9 comme un atout car il ajoute de la valeur au produit final, le rendant unique et exclusif.<\/p>\n<p>D\u00e9lai de r\u00e9alisation : 6 \u00e0 8 semaines<\/p>\n\r\n\t\t<\/div>\r\n\t<\/div>\r\n<\/div><\/div><\/div>","protected":false},"featured_media":9139,"comment_status":"open","ping_status":"closed","template":"","meta":[],"product_brand":[],"product_cat":[97,102,161,15,191],"product_tag":[],"class_list":{"0":"post-5531","1":"product","2":"type-product","3":"status-publish","4":"has-post-thumbnail","6":"product_cat-all-products","7":"product_cat-consoles","8":"product_cat-luna-consoles","9":"product_cat-marbera","10":"product_cat-marbera-collection","12":"first","13":"instock","14":"shipping-taxable","15":"purchasable","16":"product-type-simple"},"yoast_head":"<!-- This site is optimized with the Yoast SEO plugin v27.3 - https:\/\/yoast.com\/product\/yoast-seo-wordpress\/ -->\n<title>Luna Console Green Onyx - Marbera<\/title>\n<meta name=\"robots\" content=\"index, follow, max-snippet:-1, max-image-preview:large, max-video-preview:-1\" \/>\n<link rel=\"canonical\" href=\"https:\/\/marbera-studio.com\/fr\/produit\/luna-green-onyx-console\/\" \/>\n<meta property=\"og:locale\" content=\"fr_FR\" \/>\n<meta property=\"og:type\" content=\"article\" \/>\n<meta property=\"og:title\" content=\"Luna Console Green Onyx - Marbera\" \/>\n<meta property=\"og:url\" content=\"https:\/\/marbera-studio.com\/fr\/produit\/luna-green-onyx-console\/\" \/>\n<meta property=\"og:site_name\" content=\"Marbera\" \/>\n<meta property=\"article:modified_time\" content=\"2026-01-08T12:44:56+00:00\" \/>\n<meta property=\"og:image\" content=\"https:\/\/marbera-studio.com\/wp-content\/uploads\/2021\/03\/Capture-decran-2025-12-16-a-13.46.24_3_4_Left_View_Front_View.jpg\" \/>\n\t<meta property=\"og:image:width\" content=\"1529\" \/>\n\t<meta property=\"og:image:height\" content=\"2048\" \/>\n\t<meta property=\"og:image:type\" content=\"image\/jpeg\" \/>\n<meta name=\"twitter:card\" content=\"summary_large_image\" \/>\n<meta name=\"twitter:description\" content=\"[vc_row][vc_column][vc_column_text trp_param_show_language=&quot;en_GB&quot; trp_param_show=&quot;true&quot;]  The Luna console features an oval top and two semi-circular legs. This console combines softness, design and elegance. The stripes on the legs and the thickness of the top give it a contemporary touch.  Dimensions: L1300mm x W300mm x H840mm  For custom sizes, or marble colors, please contact us by email.  Maintenance : Your piece is unique and designed to last a lifetime. All our marbles are treated, however, a little care will ensure the longevity of your marble piece. We recommend to use a non-abrasive cloth with mild soapy water. Avoid bleach, vinegar or similar cleaning products.  Variations: All our pieces are handmade and made with natural materials. For this reason, each piece may be subject to variations in color, shade, texture, pores and mineral intrusion. This should be considered an asset as it adds value to the final product, making it unique and exclusive.  Lead time: 6-8 weeks  [\/vc_column_text][vc_column_text trp_param_show_language=&quot;fr_FR&quot; trp_param_show=&quot;true&quot;]  La console Luna se d\u00e9finit par son plateau ovale et ses deux pieds semi-circulaires. Cette console allie douceur, design et \u00e9l\u00e9gance. Les rayures sur les pieds et l&#039;\u00e9paisseur du plateau lui donnent une touche contemporaine.  Dimensions: L1300mm x l300mm x H840mm  Pour des tailles personnalis\u00e9es, ou des couleurs de marbres, veuillez nous contacter par e-mail.  Entretien : Votre pi\u00e8ce est unique et con\u00e7ue pour durer toute une vie. Tous nos marbres sont trait\u00e9s, cependant, un peu de soin assurera la long\u00e9vit\u00e9 de votre pi\u00e8ce en marbre. Nous vous recommandons d&#039;utiliser un chiffon non abrasif avec de l&#039;eau savonneuse douce. \u00c9vitez l&#039;eau de Javel, le vinaigre ou les produits de nettoyage similaires.  Variations : Toutes nos pi\u00e8ces sont faites \u00e0 la main et fabriqu\u00e9es avec des mat\u00e9riaux naturels. Pour cette raison, chaque pi\u00e8ce peut \u00eatre sujette \u00e0 des variations de couleur, de teinte, de texture, de pores et d&#039;intrusion de min\u00e9raux. Ceci doit \u00eatre consid\u00e9r\u00e9 comme un atout car il ajoute de la valeur au produit final, le rendant unique et exclusif.  D\u00e9lai de r\u00e9alisation : 6 \u00e0 8 semaines  [\/vc_column_text][\/vc_column][\/vc_row]\" \/>\n<meta name=\"twitter:label1\" content=\"Dur\u00e9e de lecture estim\u00e9e\" \/>\n\t<meta name=\"twitter:data1\" content=\"1 minute\" \/>\n<script type=\"application\/ld+json\" class=\"yoast-schema-graph\">{\"@context\":\"https:\\\/\\\/schema.org\",\"@graph\":[{\"@type\":\"WebPage\",\"@id\":\"https:\\\/\\\/marbera-studio.com\\\/produit\\\/luna-green-onyx-console\\\/\",\"url\":\"https:\\\/\\\/marbera-studio.com\\\/produit\\\/luna-green-onyx-console\\\/\",\"name\":\"Luna Console Green Onyx - Marbera\",\"isPartOf\":{\"@id\":\"https:\\\/\\\/marbera-studio.com\\\/#website\"},\"primaryImageOfPage\":{\"@id\":\"https:\\\/\\\/marbera-studio.com\\\/produit\\\/luna-green-onyx-console\\\/#primaryimage\"},\"image\":{\"@id\":\"https:\\\/\\\/marbera-studio.com\\\/produit\\\/luna-green-onyx-console\\\/#primaryimage\"},\"thumbnailUrl\":\"https:\\\/\\\/marbera-studio.com\\\/wp-content\\\/uploads\\\/2021\\\/03\\\/Capture-decran-2025-12-16-a-13.46.24_3_4_Left_View_Front_View.jpg\",\"datePublished\":\"2021-03-24T05:56:48+00:00\",\"dateModified\":\"2026-01-08T12:44:56+00:00\",\"breadcrumb\":{\"@id\":\"https:\\\/\\\/marbera-studio.com\\\/produit\\\/luna-green-onyx-console\\\/#breadcrumb\"},\"inLanguage\":\"fr-FR\",\"potentialAction\":[{\"@type\":\"ReadAction\",\"target\":[\"https:\\\/\\\/marbera-studio.com\\\/produit\\\/luna-green-onyx-console\\\/\"]}]},{\"@type\":\"ImageObject\",\"inLanguage\":\"fr-FR\",\"@id\":\"https:\\\/\\\/marbera-studio.com\\\/produit\\\/luna-green-onyx-console\\\/#primaryimage\",\"url\":\"https:\\\/\\\/marbera-studio.com\\\/wp-content\\\/uploads\\\/2021\\\/03\\\/Capture-decran-2025-12-16-a-13.46.24_3_4_Left_View_Front_View.jpg\",\"contentUrl\":\"https:\\\/\\\/marbera-studio.com\\\/wp-content\\\/uploads\\\/2021\\\/03\\\/Capture-decran-2025-12-16-a-13.46.24_3_4_Left_View_Front_View.jpg\",\"width\":1529,\"height\":2048},{\"@type\":\"BreadcrumbList\",\"@id\":\"https:\\\/\\\/marbera-studio.com\\\/produit\\\/luna-green-onyx-console\\\/#breadcrumb\",\"itemListElement\":[{\"@type\":\"ListItem\",\"position\":1,\"name\":\"Home\",\"item\":\"https:\\\/\\\/marbera-studio.com\\\/\"},{\"@type\":\"ListItem\",\"position\":2,\"name\":\"Shop\",\"item\":\"https:\\\/\\\/marbera-studio.com\\\/shop\\\/\"},{\"@type\":\"ListItem\",\"position\":3,\"name\":\"Luna Console Green Onyx\"}]},{\"@type\":\"WebSite\",\"@id\":\"https:\\\/\\\/marbera-studio.com\\\/#website\",\"url\":\"https:\\\/\\\/marbera-studio.com\\\/\",\"name\":\"Marbera\",\"description\":\"Marbera cr\u00e9e du mobilier d\u2019art en marbre et onyx : tables design, pi\u00e8ces sur mesure, savoir-faire artisanal et livraison internationale.\",\"publisher\":{\"@id\":\"https:\\\/\\\/marbera-studio.com\\\/#organization\"},\"potentialAction\":[{\"@type\":\"SearchAction\",\"target\":{\"@type\":\"EntryPoint\",\"urlTemplate\":\"https:\\\/\\\/marbera-studio.com\\\/?s={search_term_string}\"},\"query-input\":{\"@type\":\"PropertyValueSpecification\",\"valueRequired\":true,\"valueName\":\"search_term_string\"}}],\"inLanguage\":\"fr-FR\"},{\"@type\":\"Organization\",\"@id\":\"https:\\\/\\\/marbera-studio.com\\\/#organization\",\"name\":\"Marbera\",\"url\":\"https:\\\/\\\/marbera-studio.com\\\/\",\"logo\":{\"@type\":\"ImageObject\",\"inLanguage\":\"fr-FR\",\"@id\":\"https:\\\/\\\/marbera-studio.com\\\/#\\\/schema\\\/logo\\\/image\\\/\",\"url\":\"https:\\\/\\\/marbera-studio.com\\\/wp-content\\\/uploads\\\/2025\\\/07\\\/MARBERA-LOGO-2025-black.webp\",\"contentUrl\":\"https:\\\/\\\/marbera-studio.com\\\/wp-content\\\/uploads\\\/2025\\\/07\\\/MARBERA-LOGO-2025-black.webp\",\"width\":500,\"height\":62,\"caption\":\"Marbera\"},\"image\":{\"@id\":\"https:\\\/\\\/marbera-studio.com\\\/#\\\/schema\\\/logo\\\/image\\\/\"},\"sameAs\":[\"https:\\\/\\\/www.instagram.com\\\/marbera_\\\/\"]}]}<\/script>\n<!-- \/ Yoast SEO plugin. -->","yoast_head_json":{"title":"Luna Console Green Onyx - Marbera","robots":{"index":"index","follow":"follow","max-snippet":"max-snippet:-1","max-image-preview":"max-image-preview:large","max-video-preview":"max-video-preview:-1"},"canonical":"https:\/\/marbera-studio.com\/fr\/produit\/luna-green-onyx-console\/","og_locale":"fr_FR","og_type":"article","og_title":"Luna Console Green Onyx - Marbera","og_url":"https:\/\/marbera-studio.com\/fr\/produit\/luna-green-onyx-console\/","og_site_name":"Marbera","article_modified_time":"2026-01-08T12:44:56+00:00","og_image":[{"width":1529,"height":2048,"url":"https:\/\/marbera-studio.com\/wp-content\/uploads\/2021\/03\/Capture-decran-2025-12-16-a-13.46.24_3_4_Left_View_Front_View.jpg","type":"image\/jpeg"}],"twitter_card":"summary_large_image","twitter_description":"[vc_row][vc_column][vc_column_text trp_param_show_language=\"en_GB\" trp_param_show=\"true\"]  The Luna console features an oval top and two semi-circular legs. This console combines softness, design and elegance. The stripes on the legs and the thickness of the top give it a contemporary touch.  Dimensions: L1300mm x W300mm x H840mm  For custom sizes, or marble colors, please contact us by email.  Maintenance : Your piece is unique and designed to last a lifetime. All our marbles are treated, however, a little care will ensure the longevity of your marble piece. We recommend to use a non-abrasive cloth with mild soapy water. Avoid bleach, vinegar or similar cleaning products.  Variations: All our pieces are handmade and made with natural materials. For this reason, each piece may be subject to variations in color, shade, texture, pores and mineral intrusion. This should be considered an asset as it adds value to the final product, making it unique and exclusive.  Lead time: 6-8 weeks  [\/vc_column_text][vc_column_text trp_param_show_language=\"fr_FR\" trp_param_show=\"true\"]  La console Luna se d\u00e9finit par son plateau ovale et ses deux pieds semi-circulaires. Cette console allie douceur, design et \u00e9l\u00e9gance. Les rayures sur les pieds et l'\u00e9paisseur du plateau lui donnent une touche contemporaine.  Dimensions: L1300mm x l300mm x H840mm  Pour des tailles personnalis\u00e9es, ou des couleurs de marbres, veuillez nous contacter par e-mail.  Entretien : Votre pi\u00e8ce est unique et con\u00e7ue pour durer toute une vie. Tous nos marbres sont trait\u00e9s, cependant, un peu de soin assurera la long\u00e9vit\u00e9 de votre pi\u00e8ce en marbre. Nous vous recommandons d'utiliser un chiffon non abrasif avec de l'eau savonneuse douce. \u00c9vitez l'eau de Javel, le vinaigre ou les produits de nettoyage similaires.  Variations : Toutes nos pi\u00e8ces sont faites \u00e0 la main et fabriqu\u00e9es avec des mat\u00e9riaux naturels. Pour cette raison, chaque pi\u00e8ce peut \u00eatre sujette \u00e0 des variations de couleur, de teinte, de texture, de pores et d'intrusion de min\u00e9raux. Ceci doit \u00eatre consid\u00e9r\u00e9 comme un atout car il ajoute de la valeur au produit final, le rendant unique et exclusif.  D\u00e9lai de r\u00e9alisation : 6 \u00e0 8 semaines  [\/vc_column_text][\/vc_column][\/vc_row]","twitter_misc":{"Dur\u00e9e de lecture estim\u00e9e":"1 minute"},"schema":{"@context":"https:\/\/schema.org","@graph":[{"@type":"WebPage","@id":"https:\/\/marbera-studio.com\/produit\/luna-green-onyx-console\/","url":"https:\/\/marbera-studio.com\/produit\/luna-green-onyx-console\/","name":"Luna Console Green Onyx - Marbera","isPartOf":{"@id":"https:\/\/marbera-studio.com\/#website"},"primaryImageOfPage":{"@id":"https:\/\/marbera-studio.com\/produit\/luna-green-onyx-console\/#primaryimage"},"image":{"@id":"https:\/\/marbera-studio.com\/produit\/luna-green-onyx-console\/#primaryimage"},"thumbnailUrl":"https:\/\/marbera-studio.com\/wp-content\/uploads\/2021\/03\/Capture-decran-2025-12-16-a-13.46.24_3_4_Left_View_Front_View.jpg","datePublished":"2021-03-24T05:56:48+00:00","dateModified":"2026-01-08T12:44:56+00:00","breadcrumb":{"@id":"https:\/\/marbera-studio.com\/produit\/luna-green-onyx-console\/#breadcrumb"},"inLanguage":"fr-FR","potentialAction":[{"@type":"ReadAction","target":["https:\/\/marbera-studio.com\/produit\/luna-green-onyx-console\/"]}]},{"@type":"ImageObject","inLanguage":"fr-FR","@id":"https:\/\/marbera-studio.com\/produit\/luna-green-onyx-console\/#primaryimage","url":"https:\/\/marbera-studio.com\/wp-content\/uploads\/2021\/03\/Capture-decran-2025-12-16-a-13.46.24_3_4_Left_View_Front_View.jpg","contentUrl":"https:\/\/marbera-studio.com\/wp-content\/uploads\/2021\/03\/Capture-decran-2025-12-16-a-13.46.24_3_4_Left_View_Front_View.jpg","width":1529,"height":2048},{"@type":"BreadcrumbList","@id":"https:\/\/marbera-studio.com\/produit\/luna-green-onyx-console\/#breadcrumb","itemListElement":[{"@type":"ListItem","position":1,"name":"Home","item":"https:\/\/marbera-studio.com\/"},{"@type":"ListItem","position":2,"name":"Shop","item":"https:\/\/marbera-studio.com\/shop\/"},{"@type":"ListItem","position":3,"name":"Luna Console Green Onyx"}]},{"@type":"WebSite","@id":"https:\/\/marbera-studio.com\/#website","url":"https:\/\/marbera-studio.com\/","name":"Marbera","description":"Marbera cr\u00e9e du mobilier d\u2019art en marbre et onyx : tables design, pi\u00e8ces sur mesure, savoir-faire artisanal et livraison internationale.","publisher":{"@id":"https:\/\/marbera-studio.com\/#organization"},"potentialAction":[{"@type":"SearchAction","target":{"@type":"EntryPoint","urlTemplate":"https:\/\/marbera-studio.com\/?s={search_term_string}"},"query-input":{"@type":"PropertyValueSpecification","valueRequired":true,"valueName":"search_term_string"}}],"inLanguage":"fr-FR"},{"@type":"Organization","@id":"https:\/\/marbera-studio.com\/#organization","name":"Marbera","url":"https:\/\/marbera-studio.com\/","logo":{"@type":"ImageObject","inLanguage":"fr-FR","@id":"https:\/\/marbera-studio.com\/#\/schema\/logo\/image\/","url":"https:\/\/marbera-studio.com\/wp-content\/uploads\/2025\/07\/MARBERA-LOGO-2025-black.webp","contentUrl":"https:\/\/marbera-studio.com\/wp-content\/uploads\/2025\/07\/MARBERA-LOGO-2025-black.webp","width":500,"height":62,"caption":"Marbera"},"image":{"@id":"https:\/\/marbera-studio.com\/#\/schema\/logo\/image\/"},"sameAs":["https:\/\/www.instagram.com\/marbera_\/"]}]}},"jetpack_sharing_enabled":true,"_links":{"self":[{"href":"https:\/\/marbera-studio.com\/fr\/wp-json\/wp\/v2\/product\/5531","targetHints":{"allow":["GET"]}}],"collection":[{"href":"https:\/\/marbera-studio.com\/fr\/wp-json\/wp\/v2\/product"}],"about":[{"href":"https:\/\/marbera-studio.com\/fr\/wp-json\/wp\/v2\/types\/product"}],"replies":[{"embeddable":true,"href":"https:\/\/marbera-studio.com\/fr\/wp-json\/wp\/v2\/comments?post=5531"}],"wp:featuredmedia":[{"embeddable":true,"href":"https:\/\/marbera-studio.com\/fr\/wp-json\/wp\/v2\/media\/9139"}],"wp:attachment":[{"href":"https:\/\/marbera-studio.com\/fr\/wp-json\/wp\/v2\/media?parent=5531"}],"wp:term":[{"taxonomy":"product_brand","embeddable":true,"href":"https:\/\/marbera-studio.com\/fr\/wp-json\/wp\/v2\/product_brand?post=5531"},{"taxonomy":"product_cat","embeddable":true,"href":"https:\/\/marbera-studio.com\/fr\/wp-json\/wp\/v2\/product_cat?post=5531"},{"taxonomy":"product_tag","embeddable":true,"href":"https:\/\/marbera-studio.com\/fr\/wp-json\/wp\/v2\/product_tag?post=5531"}],"curies":[{"name":"wp","href":"https:\/\/api.w.org\/{rel}","templated":true}]}}