{"id":5611,"date":"2021-04-23T07:16:04","date_gmt":"2021-04-23T05:16:04","guid":{"rendered":"https:\/\/marbera-studio.com\/?post_type=product&#038;p=5611"},"modified":"2026-01-07T16:22:46","modified_gmt":"2026-01-07T15:22:46","slug":"nuga-duo-onyx-coffee-table","status":"publish","type":"product","link":"https:\/\/marbera-studio.com\/fr\/produit\/nuga-duo-onyx-coffee-table\/","title":{"rendered":"Nuga Travertine And White Onyx Duo"},"content":{"rendered":"","protected":false},"excerpt":{"rendered":"<div class=\"vc_row wpb_row row top-row wpb_custom_034b39d9bc6c6b310d69e39f0ccf274f\"><div class=\"vc_column_container col-md-12\"><div class=\"wpb_wrapper vc_column-inner\">\r\n\t<div class=\"wpb_text_column wpb_content_element wpb_custom_7c91d232724f73626cc933bd95b25ff0\" >\r\n\t\t<div class=\"wpb_wrapper\">\r\n\t\t\t<p>D\u00e9couvrez &#8220;Nuga&#8221; &#8211; un duo de tables basses exquis qui \u00e9l\u00e8ve n&#8217;importe quel espace avec son m\u00e9lange de luxe et de sophistication. Chaque table pr\u00e9sente une base ronde en travertin de Navona, compl\u00e9t\u00e9e par un plateau en travertin organique et un somptueux dessus en onyx blanc organique. Avec ses lignes gracieuses et arrondies, Nuga d\u00e9gage une sensation de l\u00e9g\u00e8ret\u00e9, en faisant la pi\u00e8ce ma\u00eetresse parfaite pour les int\u00e9rieurs chics. Vivez la fusion harmonieuse de ces mat\u00e9riaux exquis dans ce duo \u00e9poustouflant.<\/p>\n<p>Dimensions : L800mm x l850mm x H400mm &#8211; L700mm x l750mm x H350mm<\/p>\n<p>Si vous souhaitez des mesures sp\u00e9cifiques, veuillez nous envoyer un email, nous pouvons fabriquer ce produit sur mesure en fonction de vos besoins.<\/p>\n<p>Entretien : Votre pi\u00e8ce est unique et con\u00e7ue pour durer toute une vie. Tous nos marbres sont trait\u00e9s, cependant, un peu de soin assurera la long\u00e9vit\u00e9 de votre pi\u00e8ce en marbre. Nous vous recommandons d&#8217;utiliser un chiffon non abrasif avec de l&#8217;eau savonneuse douce. \u00c9vitez l&#8217;eau de Javel, le vinaigre ou les produits de nettoyage similaires.<\/p>\n<p>Variations : Toutes nos pi\u00e8ces sont faites \u00e0 la main et fabriqu\u00e9es avec des mat\u00e9riaux naturels. Pour cette raison, chaque pi\u00e8ce peut \u00eatre sujette \u00e0 des variations de couleur, de teinte, de texture, de pores et d&#8217;intrusion de min\u00e9raux. Ceci doit \u00eatre consid\u00e9r\u00e9 comme un atout car il ajoute de la valeur au produit final, le rendant unique et exclusif.<\/p>\n<p>D\u00e9lai de r\u00e9alisation : 6 \u00e0 8 semaines.<\/p>\n\r\n\t\t<\/div>\r\n\t<\/div>\r\n<\/div><\/div><\/div>","protected":false},"featured_media":9065,"comment_status":"open","ping_status":"closed","template":"","meta":[],"product_brand":[],"product_cat":[97,139,96,101,15,191,154],"product_tag":[],"class_list":{"0":"post-5611","1":"product","2":"type-product","3":"status-publish","4":"has-post-thumbnail","6":"product_cat-all-products","7":"product_cat-best-sellers","8":"product_cat-casters","9":"product_cat-coffee-tables","10":"product_cat-marbera","11":"product_cat-marbera-collection","12":"product_cat-nuga","14":"first","15":"instock","16":"shipping-taxable","17":"purchasable","18":"product-type-simple"},"yoast_head":"<!-- This site is optimized with the Yoast SEO plugin v27.5 - https:\/\/yoast.com\/product\/yoast-seo-wordpress\/ -->\n<title>Nuga Travertine And White Onyx Duo - Marbera<\/title>\n<meta name=\"robots\" content=\"index, follow, max-snippet:-1, max-image-preview:large, max-video-preview:-1\" \/>\n<link rel=\"canonical\" href=\"https:\/\/marbera-studio.com\/fr\/produit\/nuga-duo-onyx-coffee-table\/\" \/>\n<meta property=\"og:locale\" content=\"fr_FR\" \/>\n<meta property=\"og:type\" content=\"article\" \/>\n<meta property=\"og:title\" content=\"Nuga Travertine And White Onyx Duo - Marbera\" \/>\n<meta property=\"og:url\" content=\"https:\/\/marbera-studio.com\/fr\/produit\/nuga-duo-onyx-coffee-table\/\" \/>\n<meta property=\"og:site_name\" content=\"Marbera\" \/>\n<meta property=\"article:modified_time\" content=\"2026-01-07T15:22:46+00:00\" \/>\n<meta property=\"og:image\" content=\"https:\/\/marbera-studio.com\/wp-content\/uploads\/2021\/04\/nuga-travertine-and-white-onyx-duo.jpg\" \/>\n\t<meta property=\"og:image:width\" content=\"1529\" \/>\n\t<meta property=\"og:image:height\" content=\"2048\" \/>\n\t<meta property=\"og:image:type\" content=\"image\/jpeg\" \/>\n<meta name=\"twitter:card\" content=\"summary_large_image\" \/>\n<meta name=\"twitter:description\" content=\"[vc_row][vc_column][vc_column_text trp_param_show_language=&quot;en_GB&quot; trp_param_show=&quot;true&quot;] Introducing &quot;Nuga&quot; - an exquisite coffee table duo that elevates any space with its blend of luxury and sophistication. Each table boasts a round base crafted from Navona travertine, complemented by an organic travertine tabletop and a gleaming organic white onyx top. With its graceful, rounded lines, Nuga exudes a sense of lightness, making it the perfect centerpiece for chic interiors. Experience the harmonious fusion of these exquisite materials in this stunning duo.  Dimensions : L800mm x W850mm x H400mm - L700mm x W750mm x H350mm  If you want specific measures, please to send us an email, we can custom made this product according to your needs.  Maintenance : Your piece is unique and designed to last a lifetime. All our marbles are treated, however, a little care will ensure the longevity of your marble piece. We recommend to use a non-abrasive cloth with mild soapy water. Avoid bleach, vinegar or similar cleaning products.  Variations: All our pieces are handmade and made with natural materials. For this reason, each piece may be subject to variations in color, shade, texture, pores and mineral intrusion. This should be considered an asset as it adds value to the final product, making it unique and exclusive.  Lead time: 6-8 weeks.[\/vc_column_text][vc_column_text trp_param_show_language=&quot;fr_FR&quot; trp_param_show=&quot;true&quot;]D\u00e9couvrez &quot;Nuga&quot; - un duo de tables basses exquis qui \u00e9l\u00e8ve n&#039;importe quel espace avec son m\u00e9lange de luxe et de sophistication. Chaque table pr\u00e9sente une base ronde en travertin de Navona, compl\u00e9t\u00e9e par un plateau en travertin organique et un somptueux dessus en onyx blanc organique. Avec ses lignes gracieuses et arrondies, Nuga d\u00e9gage une sensation de l\u00e9g\u00e8ret\u00e9, en faisant la pi\u00e8ce ma\u00eetresse parfaite pour les int\u00e9rieurs chics. Vivez la fusion harmonieuse de ces mat\u00e9riaux exquis dans ce duo \u00e9poustouflant.  Dimensions : L800mm x l850mm x H400mm - L700mm x l750mm x H350mm  Si vous souhaitez des mesures sp\u00e9cifiques, veuillez nous envoyer un email, nous pouvons fabriquer ce produit sur mesure en fonction de vos besoins.  Entretien : Votre pi\u00e8ce est unique et con\u00e7ue pour durer toute une vie. Tous nos marbres sont trait\u00e9s, cependant, un peu de soin assurera la long\u00e9vit\u00e9 de votre pi\u00e8ce en marbre. Nous vous recommandons d&#039;utiliser un chiffon non abrasif avec de l&#039;eau savonneuse douce. \u00c9vitez l&#039;eau de Javel, le vinaigre ou les produits de nettoyage similaires.  Variations : Toutes nos pi\u00e8ces sont faites \u00e0 la main et fabriqu\u00e9es avec des mat\u00e9riaux naturels. Pour cette raison, chaque pi\u00e8ce peut \u00eatre sujette \u00e0 des variations de couleur, de teinte, de texture, de pores et d&#039;intrusion de min\u00e9raux. Ceci doit \u00eatre consid\u00e9r\u00e9 comme un atout car il ajoute de la valeur au produit final, le rendant unique et exclusif.  D\u00e9lai de r\u00e9alisation : 6 \u00e0 8 semaines.[\/vc_column_text][\/vc_column][\/vc_row]\" \/>\n<meta name=\"twitter:label1\" content=\"Dur\u00e9e de lecture estim\u00e9e\" \/>\n\t<meta name=\"twitter:data1\" content=\"1 minute\" \/>\n<script type=\"application\/ld+json\" class=\"yoast-schema-graph\">{\"@context\":\"https:\\\/\\\/schema.org\",\"@graph\":[{\"@type\":\"WebPage\",\"@id\":\"https:\\\/\\\/marbera-studio.com\\\/produit\\\/nuga-duo-onyx-coffee-table\\\/\",\"url\":\"https:\\\/\\\/marbera-studio.com\\\/produit\\\/nuga-duo-onyx-coffee-table\\\/\",\"name\":\"Nuga Travertine And White Onyx Duo - Marbera\",\"isPartOf\":{\"@id\":\"https:\\\/\\\/marbera-studio.com\\\/#website\"},\"primaryImageOfPage\":{\"@id\":\"https:\\\/\\\/marbera-studio.com\\\/produit\\\/nuga-duo-onyx-coffee-table\\\/#primaryimage\"},\"image\":{\"@id\":\"https:\\\/\\\/marbera-studio.com\\\/produit\\\/nuga-duo-onyx-coffee-table\\\/#primaryimage\"},\"thumbnailUrl\":\"https:\\\/\\\/marbera-studio.com\\\/wp-content\\\/uploads\\\/2021\\\/04\\\/nuga-travertine-and-white-onyx-duo.jpg\",\"datePublished\":\"2021-04-23T05:16:04+00:00\",\"dateModified\":\"2026-01-07T15:22:46+00:00\",\"breadcrumb\":{\"@id\":\"https:\\\/\\\/marbera-studio.com\\\/produit\\\/nuga-duo-onyx-coffee-table\\\/#breadcrumb\"},\"inLanguage\":\"fr-FR\",\"potentialAction\":[{\"@type\":\"ReadAction\",\"target\":[\"https:\\\/\\\/marbera-studio.com\\\/produit\\\/nuga-duo-onyx-coffee-table\\\/\"]}]},{\"@type\":\"ImageObject\",\"inLanguage\":\"fr-FR\",\"@id\":\"https:\\\/\\\/marbera-studio.com\\\/produit\\\/nuga-duo-onyx-coffee-table\\\/#primaryimage\",\"url\":\"https:\\\/\\\/marbera-studio.com\\\/wp-content\\\/uploads\\\/2021\\\/04\\\/nuga-travertine-and-white-onyx-duo.jpg\",\"contentUrl\":\"https:\\\/\\\/marbera-studio.com\\\/wp-content\\\/uploads\\\/2021\\\/04\\\/nuga-travertine-and-white-onyx-duo.jpg\",\"width\":1529,\"height\":2048},{\"@type\":\"BreadcrumbList\",\"@id\":\"https:\\\/\\\/marbera-studio.com\\\/produit\\\/nuga-duo-onyx-coffee-table\\\/#breadcrumb\",\"itemListElement\":[{\"@type\":\"ListItem\",\"position\":1,\"name\":\"Home\",\"item\":\"https:\\\/\\\/marbera-studio.com\\\/\"},{\"@type\":\"ListItem\",\"position\":2,\"name\":\"Shop\",\"item\":\"https:\\\/\\\/marbera-studio.com\\\/shop\\\/\"},{\"@type\":\"ListItem\",\"position\":3,\"name\":\"Nuga Travertine And White Onyx Duo\"}]},{\"@type\":\"WebSite\",\"@id\":\"https:\\\/\\\/marbera-studio.com\\\/#website\",\"url\":\"https:\\\/\\\/marbera-studio.com\\\/\",\"name\":\"Marbera\",\"description\":\"Marbera cr\u00e9e du mobilier d\u2019art en marbre et onyx : tables design, pi\u00e8ces sur mesure, savoir-faire artisanal et livraison internationale.\",\"publisher\":{\"@id\":\"https:\\\/\\\/marbera-studio.com\\\/#organization\"},\"potentialAction\":[{\"@type\":\"SearchAction\",\"target\":{\"@type\":\"EntryPoint\",\"urlTemplate\":\"https:\\\/\\\/marbera-studio.com\\\/?s={search_term_string}\"},\"query-input\":{\"@type\":\"PropertyValueSpecification\",\"valueRequired\":true,\"valueName\":\"search_term_string\"}}],\"inLanguage\":\"fr-FR\"},{\"@type\":\"Organization\",\"@id\":\"https:\\\/\\\/marbera-studio.com\\\/#organization\",\"name\":\"Marbera\",\"url\":\"https:\\\/\\\/marbera-studio.com\\\/\",\"logo\":{\"@type\":\"ImageObject\",\"inLanguage\":\"fr-FR\",\"@id\":\"https:\\\/\\\/marbera-studio.com\\\/#\\\/schema\\\/logo\\\/image\\\/\",\"url\":\"https:\\\/\\\/marbera-studio.com\\\/wp-content\\\/uploads\\\/2025\\\/07\\\/MARBERA-LOGO-2025-black.webp\",\"contentUrl\":\"https:\\\/\\\/marbera-studio.com\\\/wp-content\\\/uploads\\\/2025\\\/07\\\/MARBERA-LOGO-2025-black.webp\",\"width\":500,\"height\":62,\"caption\":\"Marbera\"},\"image\":{\"@id\":\"https:\\\/\\\/marbera-studio.com\\\/#\\\/schema\\\/logo\\\/image\\\/\"},\"sameAs\":[\"https:\\\/\\\/www.instagram.com\\\/marbera_\\\/\"]}]}<\/script>\n<!-- \/ Yoast SEO plugin. -->","yoast_head_json":{"title":"Nuga Travertine And White Onyx Duo - Marbera","robots":{"index":"index","follow":"follow","max-snippet":"max-snippet:-1","max-image-preview":"max-image-preview:large","max-video-preview":"max-video-preview:-1"},"canonical":"https:\/\/marbera-studio.com\/fr\/produit\/nuga-duo-onyx-coffee-table\/","og_locale":"fr_FR","og_type":"article","og_title":"Nuga Travertine And White Onyx Duo - Marbera","og_url":"https:\/\/marbera-studio.com\/fr\/produit\/nuga-duo-onyx-coffee-table\/","og_site_name":"Marbera","article_modified_time":"2026-01-07T15:22:46+00:00","og_image":[{"width":1529,"height":2048,"url":"https:\/\/marbera-studio.com\/wp-content\/uploads\/2021\/04\/nuga-travertine-and-white-onyx-duo.jpg","type":"image\/jpeg"}],"twitter_card":"summary_large_image","twitter_description":"[vc_row][vc_column][vc_column_text trp_param_show_language=\"en_GB\" trp_param_show=\"true\"] Introducing \"Nuga\" - an exquisite coffee table duo that elevates any space with its blend of luxury and sophistication. Each table boasts a round base crafted from Navona travertine, complemented by an organic travertine tabletop and a gleaming organic white onyx top. With its graceful, rounded lines, Nuga exudes a sense of lightness, making it the perfect centerpiece for chic interiors. Experience the harmonious fusion of these exquisite materials in this stunning duo.  Dimensions : L800mm x W850mm x H400mm - L700mm x W750mm x H350mm  If you want specific measures, please to send us an email, we can custom made this product according to your needs.  Maintenance : Your piece is unique and designed to last a lifetime. All our marbles are treated, however, a little care will ensure the longevity of your marble piece. We recommend to use a non-abrasive cloth with mild soapy water. Avoid bleach, vinegar or similar cleaning products.  Variations: All our pieces are handmade and made with natural materials. For this reason, each piece may be subject to variations in color, shade, texture, pores and mineral intrusion. This should be considered an asset as it adds value to the final product, making it unique and exclusive.  Lead time: 6-8 weeks.[\/vc_column_text][vc_column_text trp_param_show_language=\"fr_FR\" trp_param_show=\"true\"]D\u00e9couvrez \"Nuga\" - un duo de tables basses exquis qui \u00e9l\u00e8ve n'importe quel espace avec son m\u00e9lange de luxe et de sophistication. Chaque table pr\u00e9sente une base ronde en travertin de Navona, compl\u00e9t\u00e9e par un plateau en travertin organique et un somptueux dessus en onyx blanc organique. Avec ses lignes gracieuses et arrondies, Nuga d\u00e9gage une sensation de l\u00e9g\u00e8ret\u00e9, en faisant la pi\u00e8ce ma\u00eetresse parfaite pour les int\u00e9rieurs chics. Vivez la fusion harmonieuse de ces mat\u00e9riaux exquis dans ce duo \u00e9poustouflant.  Dimensions : L800mm x l850mm x H400mm - L700mm x l750mm x H350mm  Si vous souhaitez des mesures sp\u00e9cifiques, veuillez nous envoyer un email, nous pouvons fabriquer ce produit sur mesure en fonction de vos besoins.  Entretien : Votre pi\u00e8ce est unique et con\u00e7ue pour durer toute une vie. Tous nos marbres sont trait\u00e9s, cependant, un peu de soin assurera la long\u00e9vit\u00e9 de votre pi\u00e8ce en marbre. Nous vous recommandons d'utiliser un chiffon non abrasif avec de l'eau savonneuse douce. \u00c9vitez l'eau de Javel, le vinaigre ou les produits de nettoyage similaires.  Variations : Toutes nos pi\u00e8ces sont faites \u00e0 la main et fabriqu\u00e9es avec des mat\u00e9riaux naturels. Pour cette raison, chaque pi\u00e8ce peut \u00eatre sujette \u00e0 des variations de couleur, de teinte, de texture, de pores et d'intrusion de min\u00e9raux. Ceci doit \u00eatre consid\u00e9r\u00e9 comme un atout car il ajoute de la valeur au produit final, le rendant unique et exclusif.  D\u00e9lai de r\u00e9alisation : 6 \u00e0 8 semaines.[\/vc_column_text][\/vc_column][\/vc_row]","twitter_misc":{"Dur\u00e9e de lecture estim\u00e9e":"1 minute"},"schema":{"@context":"https:\/\/schema.org","@graph":[{"@type":"WebPage","@id":"https:\/\/marbera-studio.com\/produit\/nuga-duo-onyx-coffee-table\/","url":"https:\/\/marbera-studio.com\/produit\/nuga-duo-onyx-coffee-table\/","name":"Nuga Travertine And White Onyx Duo - Marbera","isPartOf":{"@id":"https:\/\/marbera-studio.com\/#website"},"primaryImageOfPage":{"@id":"https:\/\/marbera-studio.com\/produit\/nuga-duo-onyx-coffee-table\/#primaryimage"},"image":{"@id":"https:\/\/marbera-studio.com\/produit\/nuga-duo-onyx-coffee-table\/#primaryimage"},"thumbnailUrl":"https:\/\/marbera-studio.com\/wp-content\/uploads\/2021\/04\/nuga-travertine-and-white-onyx-duo.jpg","datePublished":"2021-04-23T05:16:04+00:00","dateModified":"2026-01-07T15:22:46+00:00","breadcrumb":{"@id":"https:\/\/marbera-studio.com\/produit\/nuga-duo-onyx-coffee-table\/#breadcrumb"},"inLanguage":"fr-FR","potentialAction":[{"@type":"ReadAction","target":["https:\/\/marbera-studio.com\/produit\/nuga-duo-onyx-coffee-table\/"]}]},{"@type":"ImageObject","inLanguage":"fr-FR","@id":"https:\/\/marbera-studio.com\/produit\/nuga-duo-onyx-coffee-table\/#primaryimage","url":"https:\/\/marbera-studio.com\/wp-content\/uploads\/2021\/04\/nuga-travertine-and-white-onyx-duo.jpg","contentUrl":"https:\/\/marbera-studio.com\/wp-content\/uploads\/2021\/04\/nuga-travertine-and-white-onyx-duo.jpg","width":1529,"height":2048},{"@type":"BreadcrumbList","@id":"https:\/\/marbera-studio.com\/produit\/nuga-duo-onyx-coffee-table\/#breadcrumb","itemListElement":[{"@type":"ListItem","position":1,"name":"Home","item":"https:\/\/marbera-studio.com\/"},{"@type":"ListItem","position":2,"name":"Shop","item":"https:\/\/marbera-studio.com\/shop\/"},{"@type":"ListItem","position":3,"name":"Nuga Travertine And White Onyx Duo"}]},{"@type":"WebSite","@id":"https:\/\/marbera-studio.com\/#website","url":"https:\/\/marbera-studio.com\/","name":"Marbera","description":"Marbera cr\u00e9e du mobilier d\u2019art en marbre et onyx : tables design, pi\u00e8ces sur mesure, savoir-faire artisanal et livraison internationale.","publisher":{"@id":"https:\/\/marbera-studio.com\/#organization"},"potentialAction":[{"@type":"SearchAction","target":{"@type":"EntryPoint","urlTemplate":"https:\/\/marbera-studio.com\/?s={search_term_string}"},"query-input":{"@type":"PropertyValueSpecification","valueRequired":true,"valueName":"search_term_string"}}],"inLanguage":"fr-FR"},{"@type":"Organization","@id":"https:\/\/marbera-studio.com\/#organization","name":"Marbera","url":"https:\/\/marbera-studio.com\/","logo":{"@type":"ImageObject","inLanguage":"fr-FR","@id":"https:\/\/marbera-studio.com\/#\/schema\/logo\/image\/","url":"https:\/\/marbera-studio.com\/wp-content\/uploads\/2025\/07\/MARBERA-LOGO-2025-black.webp","contentUrl":"https:\/\/marbera-studio.com\/wp-content\/uploads\/2025\/07\/MARBERA-LOGO-2025-black.webp","width":500,"height":62,"caption":"Marbera"},"image":{"@id":"https:\/\/marbera-studio.com\/#\/schema\/logo\/image\/"},"sameAs":["https:\/\/www.instagram.com\/marbera_\/"]}]}},"jetpack_sharing_enabled":true,"_links":{"self":[{"href":"https:\/\/marbera-studio.com\/fr\/wp-json\/wp\/v2\/product\/5611","targetHints":{"allow":["GET"]}}],"collection":[{"href":"https:\/\/marbera-studio.com\/fr\/wp-json\/wp\/v2\/product"}],"about":[{"href":"https:\/\/marbera-studio.com\/fr\/wp-json\/wp\/v2\/types\/product"}],"replies":[{"embeddable":true,"href":"https:\/\/marbera-studio.com\/fr\/wp-json\/wp\/v2\/comments?post=5611"}],"wp:featuredmedia":[{"embeddable":true,"href":"https:\/\/marbera-studio.com\/fr\/wp-json\/wp\/v2\/media\/9065"}],"wp:attachment":[{"href":"https:\/\/marbera-studio.com\/fr\/wp-json\/wp\/v2\/media?parent=5611"}],"wp:term":[{"taxonomy":"product_brand","embeddable":true,"href":"https:\/\/marbera-studio.com\/fr\/wp-json\/wp\/v2\/product_brand?post=5611"},{"taxonomy":"product_cat","embeddable":true,"href":"https:\/\/marbera-studio.com\/fr\/wp-json\/wp\/v2\/product_cat?post=5611"},{"taxonomy":"product_tag","embeddable":true,"href":"https:\/\/marbera-studio.com\/fr\/wp-json\/wp\/v2\/product_tag?post=5611"}],"curies":[{"name":"wp","href":"https:\/\/api.w.org\/{rel}","templated":true}]}}