{"id":6349,"date":"2022-05-24T09:53:17","date_gmt":"2022-05-24T07:53:17","guid":{"rendered":"https:\/\/marbera-studio.com\/?post_type=product&#038;p=6349"},"modified":"2026-01-06T17:03:14","modified_gmt":"2026-01-06T16:03:14","slug":"rino-walnut-and-onyx","status":"publish","type":"product","link":"https:\/\/marbera-studio.com\/fr\/produit\/rino-walnut-and-onyx\/","title":{"rendered":"Rino Walnut And Ivory Onyx"},"content":{"rendered":"","protected":false},"excerpt":{"rendered":"<div class=\"vc_row wpb_row row top-row wpb_custom_034b39d9bc6c6b310d69e39f0ccf274f\"><div class=\"vc_column_container col-md-12\"><div class=\"wpb_wrapper vc_column-inner\">\r\n\t<div class=\"wpb_text_column wpb_content_element wpb_custom_7c91d232724f73626cc933bd95b25ff0\" >\r\n\t\t<div class=\"wpb_wrapper\">\r\n\t\t\t<p>D\u00e9couvrez la table d&#8217;appoint Rino, un chef-d&#8217;\u0153uvre de design minimaliste et sophistiqu\u00e9, parfait pour rehausser votre int\u00e9rieur. Fabriqu\u00e9e \u00e0 partir du plus noble des bois de noyer, cette table allie l&#8217;\u00e9l\u00e9gance naturelle du bois \u00e0 la puret\u00e9 de l&#8217;onyx blanc. \u00c0 l&#8217;avant, un cercle d&#8217;onyx blanc est d\u00e9licatement int\u00e9gr\u00e9 dans le bois, tandis que le plateau sup\u00e9rieur arbore \u00e9galement cet onyx \u00e9clatant, cr\u00e9ant un contraste luxueux et raffin\u00e9.<\/p>\n<p>Dot\u00e9e d&#8217;une porte lat\u00e9rale discr\u00e8te, la table Rino offre un espace de rangement pratique avec une \u00e9tag\u00e8re int\u00e9rieure, id\u00e9ale pour garder vos essentiels \u00e0 port\u00e9e de main tout en pr\u00e9servant un design \u00e9pur\u00e9. Son allure intemporelle et son \u00e9quilibre parfait entre simplicit\u00e9 et raffinement en font un mobilier aussi fonctionnel que d\u00e9coratif.<\/p>\n<p>Dimensions : L420mm x l350mm x H500mm<\/p>\n<p>Entretien : Votre pi\u00e8ce est unique et con\u00e7ue pour durer toute une vie. Tous nos marbres sont trait\u00e9s, cependant, un peu de soin assurera la long\u00e9vit\u00e9 de votre pi\u00e8ce en marbre. Nous vous recommandons d&#8217;utiliser un chiffon non abrasif avec de l&#8217;eau savonneuse douce. \u00c9vitez l&#8217;eau de Javel, le vinaigre ou les produits de nettoyage similaires.<\/p>\n<p>Variations : Toutes nos pi\u00e8ces sont faites \u00e0 la main et fabriqu\u00e9es avec des mat\u00e9riaux naturels. Pour cette raison, chaque pi\u00e8ce peut \u00eatre sujette \u00e0 des variations de couleur, de teinte, de texture, de pores et d&#8217;intrusion de min\u00e9raux. Ceci doit \u00eatre consid\u00e9r\u00e9 comme un atout car il ajoute de la valeur au produit final, le rendant unique et exclusif.<\/p>\n<p>D\u00e9lai de r\u00e9alisation : 4 \u00e0 6 semaines.<\/p>\n\r\n\t\t<\/div>\r\n\t<\/div>\r\n<\/div><\/div><\/div>","protected":false},"featured_media":8868,"comment_status":"open","ping_status":"closed","template":"","meta":[],"product_brand":[],"product_cat":[97,15,191,175,98],"product_tag":[],"class_list":{"0":"post-6349","1":"product","2":"type-product","3":"status-publish","4":"has-post-thumbnail","6":"product_cat-all-products","7":"product_cat-marbera","8":"product_cat-marbera-collection","9":"product_cat-rino","10":"product_cat-side-tables","12":"first","13":"instock","14":"shipping-taxable","15":"purchasable","16":"product-type-simple"},"yoast_head":"<!-- This site is optimized with the Yoast SEO plugin v27.3 - https:\/\/yoast.com\/product\/yoast-seo-wordpress\/ -->\n<title>Rino Walnut And Ivory Onyx - Marbera<\/title>\n<meta name=\"robots\" content=\"index, follow, max-snippet:-1, max-image-preview:large, max-video-preview:-1\" \/>\n<link rel=\"canonical\" href=\"https:\/\/marbera-studio.com\/fr\/produit\/rino-walnut-and-onyx\/\" \/>\n<meta property=\"og:locale\" content=\"fr_FR\" \/>\n<meta property=\"og:type\" content=\"article\" \/>\n<meta property=\"og:title\" content=\"Rino Walnut And Ivory Onyx - Marbera\" \/>\n<meta property=\"og:url\" content=\"https:\/\/marbera-studio.com\/fr\/produit\/rino-walnut-and-onyx\/\" \/>\n<meta property=\"og:site_name\" content=\"Marbera\" \/>\n<meta property=\"article:modified_time\" content=\"2026-01-06T16:03:14+00:00\" \/>\n<meta property=\"og:image\" content=\"https:\/\/marbera-studio.com\/wp-content\/uploads\/2022\/05\/marbera-rino-2-3.webp\" \/>\n\t<meta property=\"og:image:width\" content=\"1512\" \/>\n\t<meta property=\"og:image:height\" content=\"2016\" \/>\n\t<meta property=\"og:image:type\" content=\"image\/webp\" \/>\n<meta name=\"twitter:card\" content=\"summary_large_image\" \/>\n<meta name=\"twitter:description\" content=\"[vc_row][vc_column][vc_column_text trp_param_show_language=&quot;en_GB&quot; trp_param_show=&quot;true&quot;]Introducing the Rino side table, a masterpiece of minimalist and sophisticated design, perfect for elevating any interior space. Crafted from the finest walnut wood, this table combines the natural elegance of wood with the purity of white onyx. At the front, a circular inlay of white onyx is seamlessly integrated into the wood, while the top surface also features this striking onyx, creating a luxurious and refined contrast.  With a discreet side door, the Rino table offers practical storage space, complete with an interior shelf\u2014ideal for keeping your essentials close by while maintaining a clean, sleek aesthetic. Its timeless appeal and perfect balance of simplicity and sophistication make this piece both functional and decorative. Dimensions: L420mm x W350mm x H500mm  Maintenance : Your piece is unique and designed to last a lifetime. All our marbles are treated, however, a little care will ensure the longevity of your marble piece. We recommend to use a non-abrasive cloth with mild soapy water. Avoid bleach, vinegar or similar cleaning products.  Variations: All our pieces are handmade and made with natural materials. For this reason, each piece may be subject to variations in color, shade, texture, pores and mineral intrusion. This should be considered an asset as it adds value to the final product, making it unique and exclusive.  Lead time: 4-6 weeks[\/vc_column_text][vc_column_text trp_param_show_language=&quot;fr_FR&quot; trp_param_show=&quot;true&quot;]D\u00e9couvrez la table d&#039;appoint Rino, un chef-d&#039;\u0153uvre de design minimaliste et sophistiqu\u00e9, parfait pour rehausser votre int\u00e9rieur. Fabriqu\u00e9e \u00e0 partir du plus noble des bois de noyer, cette table allie l&#039;\u00e9l\u00e9gance naturelle du bois \u00e0 la puret\u00e9 de l&#039;onyx blanc. \u00c0 l&#039;avant, un cercle d&#039;onyx blanc est d\u00e9licatement int\u00e9gr\u00e9 dans le bois, tandis que le plateau sup\u00e9rieur arbore \u00e9galement cet onyx \u00e9clatant, cr\u00e9ant un contraste luxueux et raffin\u00e9.  Dot\u00e9e d&#039;une porte lat\u00e9rale discr\u00e8te, la table Rino offre un espace de rangement pratique avec une \u00e9tag\u00e8re int\u00e9rieure, id\u00e9ale pour garder vos essentiels \u00e0 port\u00e9e de main tout en pr\u00e9servant un design \u00e9pur\u00e9. Son allure intemporelle et son \u00e9quilibre parfait entre simplicit\u00e9 et raffinement en font un mobilier aussi fonctionnel que d\u00e9coratif.  Dimensions : L420mm x l350mm x H500mm  Entretien : Votre pi\u00e8ce est unique et con\u00e7ue pour durer toute une vie. Tous nos marbres sont trait\u00e9s, cependant, un peu de soin assurera la long\u00e9vit\u00e9 de votre pi\u00e8ce en marbre. Nous vous recommandons d&#039;utiliser un chiffon non abrasif avec de l&#039;eau savonneuse douce. \u00c9vitez l&#039;eau de Javel, le vinaigre ou les produits de nettoyage similaires.  Variations : Toutes nos pi\u00e8ces sont faites \u00e0 la main et fabriqu\u00e9es avec des mat\u00e9riaux naturels. Pour cette raison, chaque pi\u00e8ce peut \u00eatre sujette \u00e0 des variations de couleur, de teinte, de texture, de pores et d&#039;intrusion de min\u00e9raux. Ceci doit \u00eatre consid\u00e9r\u00e9 comme un atout car il ajoute de la valeur au produit final, le rendant unique et exclusif.  D\u00e9lai de r\u00e9alisation : 4 \u00e0 6 semaines.[\/vc_column_text][\/vc_column][\/vc_row]\" \/>\n<meta name=\"twitter:label1\" content=\"Dur\u00e9e de lecture estim\u00e9e\" \/>\n\t<meta name=\"twitter:data1\" content=\"1 minute\" \/>\n<script type=\"application\/ld+json\" class=\"yoast-schema-graph\">{\"@context\":\"https:\\\/\\\/schema.org\",\"@graph\":[{\"@type\":\"WebPage\",\"@id\":\"https:\\\/\\\/marbera-studio.com\\\/produit\\\/rino-walnut-and-onyx\\\/\",\"url\":\"https:\\\/\\\/marbera-studio.com\\\/produit\\\/rino-walnut-and-onyx\\\/\",\"name\":\"Rino Walnut And Ivory Onyx - Marbera\",\"isPartOf\":{\"@id\":\"https:\\\/\\\/marbera-studio.com\\\/#website\"},\"primaryImageOfPage\":{\"@id\":\"https:\\\/\\\/marbera-studio.com\\\/produit\\\/rino-walnut-and-onyx\\\/#primaryimage\"},\"image\":{\"@id\":\"https:\\\/\\\/marbera-studio.com\\\/produit\\\/rino-walnut-and-onyx\\\/#primaryimage\"},\"thumbnailUrl\":\"https:\\\/\\\/marbera-studio.com\\\/wp-content\\\/uploads\\\/2022\\\/05\\\/marbera-rino-2-3.webp\",\"datePublished\":\"2022-05-24T07:53:17+00:00\",\"dateModified\":\"2026-01-06T16:03:14+00:00\",\"breadcrumb\":{\"@id\":\"https:\\\/\\\/marbera-studio.com\\\/produit\\\/rino-walnut-and-onyx\\\/#breadcrumb\"},\"inLanguage\":\"fr-FR\",\"potentialAction\":[{\"@type\":\"ReadAction\",\"target\":[\"https:\\\/\\\/marbera-studio.com\\\/produit\\\/rino-walnut-and-onyx\\\/\"]}]},{\"@type\":\"ImageObject\",\"inLanguage\":\"fr-FR\",\"@id\":\"https:\\\/\\\/marbera-studio.com\\\/produit\\\/rino-walnut-and-onyx\\\/#primaryimage\",\"url\":\"https:\\\/\\\/marbera-studio.com\\\/wp-content\\\/uploads\\\/2022\\\/05\\\/marbera-rino-2-3.webp\",\"contentUrl\":\"https:\\\/\\\/marbera-studio.com\\\/wp-content\\\/uploads\\\/2022\\\/05\\\/marbera-rino-2-3.webp\",\"width\":1512,\"height\":2016},{\"@type\":\"BreadcrumbList\",\"@id\":\"https:\\\/\\\/marbera-studio.com\\\/produit\\\/rino-walnut-and-onyx\\\/#breadcrumb\",\"itemListElement\":[{\"@type\":\"ListItem\",\"position\":1,\"name\":\"Home\",\"item\":\"https:\\\/\\\/marbera-studio.com\\\/\"},{\"@type\":\"ListItem\",\"position\":2,\"name\":\"Shop\",\"item\":\"https:\\\/\\\/marbera-studio.com\\\/shop\\\/\"},{\"@type\":\"ListItem\",\"position\":3,\"name\":\"Rino Walnut And Ivory Onyx\"}]},{\"@type\":\"WebSite\",\"@id\":\"https:\\\/\\\/marbera-studio.com\\\/#website\",\"url\":\"https:\\\/\\\/marbera-studio.com\\\/\",\"name\":\"Marbera\",\"description\":\"Marbera cr\u00e9e du mobilier d\u2019art en marbre et onyx : tables design, pi\u00e8ces sur mesure, savoir-faire artisanal et livraison internationale.\",\"publisher\":{\"@id\":\"https:\\\/\\\/marbera-studio.com\\\/#organization\"},\"potentialAction\":[{\"@type\":\"SearchAction\",\"target\":{\"@type\":\"EntryPoint\",\"urlTemplate\":\"https:\\\/\\\/marbera-studio.com\\\/?s={search_term_string}\"},\"query-input\":{\"@type\":\"PropertyValueSpecification\",\"valueRequired\":true,\"valueName\":\"search_term_string\"}}],\"inLanguage\":\"fr-FR\"},{\"@type\":\"Organization\",\"@id\":\"https:\\\/\\\/marbera-studio.com\\\/#organization\",\"name\":\"Marbera\",\"url\":\"https:\\\/\\\/marbera-studio.com\\\/\",\"logo\":{\"@type\":\"ImageObject\",\"inLanguage\":\"fr-FR\",\"@id\":\"https:\\\/\\\/marbera-studio.com\\\/#\\\/schema\\\/logo\\\/image\\\/\",\"url\":\"https:\\\/\\\/marbera-studio.com\\\/wp-content\\\/uploads\\\/2025\\\/07\\\/MARBERA-LOGO-2025-black.webp\",\"contentUrl\":\"https:\\\/\\\/marbera-studio.com\\\/wp-content\\\/uploads\\\/2025\\\/07\\\/MARBERA-LOGO-2025-black.webp\",\"width\":500,\"height\":62,\"caption\":\"Marbera\"},\"image\":{\"@id\":\"https:\\\/\\\/marbera-studio.com\\\/#\\\/schema\\\/logo\\\/image\\\/\"},\"sameAs\":[\"https:\\\/\\\/www.instagram.com\\\/marbera_\\\/\"]}]}<\/script>\n<!-- \/ Yoast SEO plugin. -->","yoast_head_json":{"title":"Rino Walnut And Ivory Onyx - Marbera","robots":{"index":"index","follow":"follow","max-snippet":"max-snippet:-1","max-image-preview":"max-image-preview:large","max-video-preview":"max-video-preview:-1"},"canonical":"https:\/\/marbera-studio.com\/fr\/produit\/rino-walnut-and-onyx\/","og_locale":"fr_FR","og_type":"article","og_title":"Rino Walnut And Ivory Onyx - Marbera","og_url":"https:\/\/marbera-studio.com\/fr\/produit\/rino-walnut-and-onyx\/","og_site_name":"Marbera","article_modified_time":"2026-01-06T16:03:14+00:00","og_image":[{"width":1512,"height":2016,"url":"https:\/\/marbera-studio.com\/wp-content\/uploads\/2022\/05\/marbera-rino-2-3.webp","type":"image\/webp"}],"twitter_card":"summary_large_image","twitter_description":"[vc_row][vc_column][vc_column_text trp_param_show_language=\"en_GB\" trp_param_show=\"true\"]Introducing the Rino side table, a masterpiece of minimalist and sophisticated design, perfect for elevating any interior space. Crafted from the finest walnut wood, this table combines the natural elegance of wood with the purity of white onyx. At the front, a circular inlay of white onyx is seamlessly integrated into the wood, while the top surface also features this striking onyx, creating a luxurious and refined contrast.  With a discreet side door, the Rino table offers practical storage space, complete with an interior shelf\u2014ideal for keeping your essentials close by while maintaining a clean, sleek aesthetic. Its timeless appeal and perfect balance of simplicity and sophistication make this piece both functional and decorative. Dimensions: L420mm x W350mm x H500mm  Maintenance : Your piece is unique and designed to last a lifetime. All our marbles are treated, however, a little care will ensure the longevity of your marble piece. We recommend to use a non-abrasive cloth with mild soapy water. Avoid bleach, vinegar or similar cleaning products.  Variations: All our pieces are handmade and made with natural materials. For this reason, each piece may be subject to variations in color, shade, texture, pores and mineral intrusion. This should be considered an asset as it adds value to the final product, making it unique and exclusive.  Lead time: 4-6 weeks[\/vc_column_text][vc_column_text trp_param_show_language=\"fr_FR\" trp_param_show=\"true\"]D\u00e9couvrez la table d'appoint Rino, un chef-d'\u0153uvre de design minimaliste et sophistiqu\u00e9, parfait pour rehausser votre int\u00e9rieur. Fabriqu\u00e9e \u00e0 partir du plus noble des bois de noyer, cette table allie l'\u00e9l\u00e9gance naturelle du bois \u00e0 la puret\u00e9 de l'onyx blanc. \u00c0 l'avant, un cercle d'onyx blanc est d\u00e9licatement int\u00e9gr\u00e9 dans le bois, tandis que le plateau sup\u00e9rieur arbore \u00e9galement cet onyx \u00e9clatant, cr\u00e9ant un contraste luxueux et raffin\u00e9.  Dot\u00e9e d'une porte lat\u00e9rale discr\u00e8te, la table Rino offre un espace de rangement pratique avec une \u00e9tag\u00e8re int\u00e9rieure, id\u00e9ale pour garder vos essentiels \u00e0 port\u00e9e de main tout en pr\u00e9servant un design \u00e9pur\u00e9. Son allure intemporelle et son \u00e9quilibre parfait entre simplicit\u00e9 et raffinement en font un mobilier aussi fonctionnel que d\u00e9coratif.  Dimensions : L420mm x l350mm x H500mm  Entretien : Votre pi\u00e8ce est unique et con\u00e7ue pour durer toute une vie. Tous nos marbres sont trait\u00e9s, cependant, un peu de soin assurera la long\u00e9vit\u00e9 de votre pi\u00e8ce en marbre. Nous vous recommandons d'utiliser un chiffon non abrasif avec de l'eau savonneuse douce. \u00c9vitez l'eau de Javel, le vinaigre ou les produits de nettoyage similaires.  Variations : Toutes nos pi\u00e8ces sont faites \u00e0 la main et fabriqu\u00e9es avec des mat\u00e9riaux naturels. Pour cette raison, chaque pi\u00e8ce peut \u00eatre sujette \u00e0 des variations de couleur, de teinte, de texture, de pores et d'intrusion de min\u00e9raux. Ceci doit \u00eatre consid\u00e9r\u00e9 comme un atout car il ajoute de la valeur au produit final, le rendant unique et exclusif.  D\u00e9lai de r\u00e9alisation : 4 \u00e0 6 semaines.[\/vc_column_text][\/vc_column][\/vc_row]","twitter_misc":{"Dur\u00e9e de lecture estim\u00e9e":"1 minute"},"schema":{"@context":"https:\/\/schema.org","@graph":[{"@type":"WebPage","@id":"https:\/\/marbera-studio.com\/produit\/rino-walnut-and-onyx\/","url":"https:\/\/marbera-studio.com\/produit\/rino-walnut-and-onyx\/","name":"Rino Walnut And Ivory Onyx - Marbera","isPartOf":{"@id":"https:\/\/marbera-studio.com\/#website"},"primaryImageOfPage":{"@id":"https:\/\/marbera-studio.com\/produit\/rino-walnut-and-onyx\/#primaryimage"},"image":{"@id":"https:\/\/marbera-studio.com\/produit\/rino-walnut-and-onyx\/#primaryimage"},"thumbnailUrl":"https:\/\/marbera-studio.com\/wp-content\/uploads\/2022\/05\/marbera-rino-2-3.webp","datePublished":"2022-05-24T07:53:17+00:00","dateModified":"2026-01-06T16:03:14+00:00","breadcrumb":{"@id":"https:\/\/marbera-studio.com\/produit\/rino-walnut-and-onyx\/#breadcrumb"},"inLanguage":"fr-FR","potentialAction":[{"@type":"ReadAction","target":["https:\/\/marbera-studio.com\/produit\/rino-walnut-and-onyx\/"]}]},{"@type":"ImageObject","inLanguage":"fr-FR","@id":"https:\/\/marbera-studio.com\/produit\/rino-walnut-and-onyx\/#primaryimage","url":"https:\/\/marbera-studio.com\/wp-content\/uploads\/2022\/05\/marbera-rino-2-3.webp","contentUrl":"https:\/\/marbera-studio.com\/wp-content\/uploads\/2022\/05\/marbera-rino-2-3.webp","width":1512,"height":2016},{"@type":"BreadcrumbList","@id":"https:\/\/marbera-studio.com\/produit\/rino-walnut-and-onyx\/#breadcrumb","itemListElement":[{"@type":"ListItem","position":1,"name":"Home","item":"https:\/\/marbera-studio.com\/"},{"@type":"ListItem","position":2,"name":"Shop","item":"https:\/\/marbera-studio.com\/shop\/"},{"@type":"ListItem","position":3,"name":"Rino Walnut And Ivory Onyx"}]},{"@type":"WebSite","@id":"https:\/\/marbera-studio.com\/#website","url":"https:\/\/marbera-studio.com\/","name":"Marbera","description":"Marbera cr\u00e9e du mobilier d\u2019art en marbre et onyx : tables design, pi\u00e8ces sur mesure, savoir-faire artisanal et livraison internationale.","publisher":{"@id":"https:\/\/marbera-studio.com\/#organization"},"potentialAction":[{"@type":"SearchAction","target":{"@type":"EntryPoint","urlTemplate":"https:\/\/marbera-studio.com\/?s={search_term_string}"},"query-input":{"@type":"PropertyValueSpecification","valueRequired":true,"valueName":"search_term_string"}}],"inLanguage":"fr-FR"},{"@type":"Organization","@id":"https:\/\/marbera-studio.com\/#organization","name":"Marbera","url":"https:\/\/marbera-studio.com\/","logo":{"@type":"ImageObject","inLanguage":"fr-FR","@id":"https:\/\/marbera-studio.com\/#\/schema\/logo\/image\/","url":"https:\/\/marbera-studio.com\/wp-content\/uploads\/2025\/07\/MARBERA-LOGO-2025-black.webp","contentUrl":"https:\/\/marbera-studio.com\/wp-content\/uploads\/2025\/07\/MARBERA-LOGO-2025-black.webp","width":500,"height":62,"caption":"Marbera"},"image":{"@id":"https:\/\/marbera-studio.com\/#\/schema\/logo\/image\/"},"sameAs":["https:\/\/www.instagram.com\/marbera_\/"]}]}},"jetpack_sharing_enabled":true,"_links":{"self":[{"href":"https:\/\/marbera-studio.com\/fr\/wp-json\/wp\/v2\/product\/6349","targetHints":{"allow":["GET"]}}],"collection":[{"href":"https:\/\/marbera-studio.com\/fr\/wp-json\/wp\/v2\/product"}],"about":[{"href":"https:\/\/marbera-studio.com\/fr\/wp-json\/wp\/v2\/types\/product"}],"replies":[{"embeddable":true,"href":"https:\/\/marbera-studio.com\/fr\/wp-json\/wp\/v2\/comments?post=6349"}],"wp:featuredmedia":[{"embeddable":true,"href":"https:\/\/marbera-studio.com\/fr\/wp-json\/wp\/v2\/media\/8868"}],"wp:attachment":[{"href":"https:\/\/marbera-studio.com\/fr\/wp-json\/wp\/v2\/media?parent=6349"}],"wp:term":[{"taxonomy":"product_brand","embeddable":true,"href":"https:\/\/marbera-studio.com\/fr\/wp-json\/wp\/v2\/product_brand?post=6349"},{"taxonomy":"product_cat","embeddable":true,"href":"https:\/\/marbera-studio.com\/fr\/wp-json\/wp\/v2\/product_cat?post=6349"},{"taxonomy":"product_tag","embeddable":true,"href":"https:\/\/marbera-studio.com\/fr\/wp-json\/wp\/v2\/product_tag?post=6349"}],"curies":[{"name":"wp","href":"https:\/\/api.w.org\/{rel}","templated":true}]}}