{"id":6517,"date":"2022-05-24T09:14:22","date_gmt":"2022-05-24T07:14:22","guid":{"rendered":"https:\/\/marbera-studio.com\/?post_type=product&#038;p=6517"},"modified":"2026-01-06T17:24:26","modified_gmt":"2026-01-06T16:24:26","slug":"gabi-pink-onyx-stool","status":"publish","type":"product","link":"https:\/\/marbera-studio.com\/fr\/produit\/gabi-pink-onyx-stool\/","title":{"rendered":"Gabi Pink Onyx Stool"},"content":{"rendered":"","protected":false},"excerpt":{"rendered":"<div class=\"vc_row wpb_row row top-row wpb_custom_034b39d9bc6c6b310d69e39f0ccf274f\"><div class=\"vc_column_container col-md-12\"><div class=\"wpb_wrapper vc_column-inner\">\r\n\t<div class=\"wpb_text_column wpb_content_element wpb_custom_7c91d232724f73626cc933bd95b25ff0\" >\r\n\t\t<div class=\"wpb_wrapper\">\r\n\t\t\t<p>\nLe tabouret Gabi est une pi\u00e8ce sculpturale en onyx, combinant parfaitement l&#8217;\u00e9l\u00e9gance de la pierre naturelle avec le confort moderne. Son design minimaliste pr\u00e9sente une fente \u00e0 l&#8217;avant, d\u00e9voilant un coussin int\u00e9rieur qui d\u00e9passe l\u00e9g\u00e8rement sur le dessus, cr\u00e9ant un contraste raffin\u00e9. L&#8217;alliance du marbre et du tissu apporte une touche contemporaine et intemporelle, faisant de Gabi un ajout sophistiqu\u00e9 \u00e0 tout int\u00e9rieur, qu&#8217;il soit r\u00e9sidentiel ou commercial.<\/p>\n<p>Le tabouret Gabi peut \u00e9galement \u00eatre \u00e9quip\u00e9 de roulettes invisibles, offrant une solution pratique pour le d\u00e9placer sans effort tout en conservant son design minimaliste et \u00e9pur\u00e9. Cette option suppl\u00e9mentaire permet de combiner esth\u00e9tisme et fonctionnalit\u00e9, parfait pour des environnements dynamiques ou modulables.<\/p>\n<p>Dimensions : L410mm x l410mm x H470mm <\/p>\n<p>Si vous souhaitez des mesures sp\u00e9cifiques, veuillez nous envoyer un email, nous pouvons fabriquer ce produit sur mesure en fonction de vos besoins.<\/p>\n<p>Entretien : Votre pi\u00e8ce est unique et con\u00e7ue pour durer toute une vie. Tous nos marbres sont trait\u00e9s, cependant, un peu de soin assurera la long\u00e9vit\u00e9 de votre pi\u00e8ce en marbre. Nous vous recommandons d&#8217;utiliser un chiffon non abrasif avec de l&#8217;eau savonneuse douce. \u00c9vitez l&#8217;eau de Javel, le vinaigre ou les produits de nettoyage similaires.<\/p>\n<p>Variations : Toutes nos pi\u00e8ces sont faites \u00e0 la main et fabriqu\u00e9es avec des mat\u00e9riaux naturels. Pour cette raison, chaque pi\u00e8ce peut \u00eatre sujette \u00e0 des variations de couleur, de teinte, de texture, de pores et d&#8217;intrusion de min\u00e9raux. Ceci doit \u00eatre consid\u00e9r\u00e9 comme un atout car il ajoute de la valeur au produit final, le rendant unique et exclusif.<\/p>\n<p>D\u00e9lai de r\u00e9alisation : 4 \u00e0 6 semaines.<\/p>\n\r\n\t\t<\/div>\r\n\t<\/div>\r\n<\/div><\/div><\/div>","protected":false},"featured_media":8884,"comment_status":"open","ping_status":"closed","template":"","meta":[],"product_brand":[],"product_cat":[97,139,96,162,15,191,134],"product_tag":[],"class_list":{"0":"post-6517","1":"product","2":"type-product","3":"status-publish","4":"has-post-thumbnail","6":"product_cat-all-products","7":"product_cat-best-sellers","8":"product_cat-casters","9":"product_cat-gabi-stool","10":"product_cat-marbera","11":"product_cat-marbera-collection","12":"product_cat-stools","14":"first","15":"instock","16":"shipping-taxable","17":"purchasable","18":"product-type-simple"},"yoast_head":"<!-- This site is optimized with the Yoast SEO plugin v27.3 - https:\/\/yoast.com\/product\/yoast-seo-wordpress\/ -->\n<title>Gabi Pink Onyx Stool - Marbera<\/title>\n<meta name=\"robots\" content=\"index, follow, max-snippet:-1, max-image-preview:large, max-video-preview:-1\" \/>\n<link rel=\"canonical\" href=\"https:\/\/marbera-studio.com\/fr\/produit\/gabi-pink-onyx-stool\/\" \/>\n<meta property=\"og:locale\" content=\"fr_FR\" \/>\n<meta property=\"og:type\" content=\"article\" \/>\n<meta property=\"og:title\" content=\"Gabi Pink Onyx Stool - Marbera\" \/>\n<meta property=\"og:url\" content=\"https:\/\/marbera-studio.com\/fr\/produit\/gabi-pink-onyx-stool\/\" \/>\n<meta property=\"og:site_name\" content=\"Marbera\" \/>\n<meta property=\"article:modified_time\" content=\"2026-01-06T16:24:26+00:00\" \/>\n<meta property=\"og:image\" content=\"https:\/\/marbera-studio.com\/wp-content\/uploads\/2022\/05\/marbera-gabi-pink-onyx-3-1.png\" \/>\n\t<meta property=\"og:image:width\" content=\"1512\" \/>\n\t<meta property=\"og:image:height\" content=\"2016\" \/>\n\t<meta property=\"og:image:type\" content=\"image\/png\" \/>\n<meta name=\"twitter:card\" content=\"summary_large_image\" \/>\n<meta name=\"twitter:description\" content=\"[vc_row][vc_column][vc_column_text trp_param_show_language=&quot;en_GB&quot; trp_param_show=&quot;true&quot;]The Gabi stool is a sculptural piece made of onyx, perfectly combining the elegance of natural stone with modern comfort. Its minimalist design features a front slit, revealing an inner cushion that slightly extends over the top, creating a refined contrast. The blend of marble and fabric offers a contemporary and timeless touch, making Gabi a sophisticated addition to any interior, whether residential or commercial.  For easy mobility, this stool can also be equipped with sturdy and discreet castors that allow it to be moved easily from one place to another.  Dimensions: L410mm x W410mm x H470mm  If you want specific measures, please to send us an email, we can custom made this product according to your needs.  Maintenance : Your piece is unique and designed to last a lifetime. All our marbles are treated, however, a little care will ensure the longevity of your marble piece. We recommend to use a non-abrasive cloth with mild soapy water. Avoid bleach, vinegar or similar cleaning products.  Variations: All our pieces are handmade and made with natural materials. For this reason, each piece may be subject to variations in color, shade, texture, pores and mineral intrusion. This should be considered an asset as it adds value to the final product, making it unique and exclusive.  Lead time: 4-6 weeks.[\/vc_column_text][vc_column_text trp_param_show_language=&quot;fr_FR&quot; trp_param_show=&quot;true&quot;] Le tabouret Gabi est une pi\u00e8ce sculpturale en onyx, combinant parfaitement l&#039;\u00e9l\u00e9gance de la pierre naturelle avec le confort moderne. Son design minimaliste pr\u00e9sente une fente \u00e0 l&#039;avant, d\u00e9voilant un coussin int\u00e9rieur qui d\u00e9passe l\u00e9g\u00e8rement sur le dessus, cr\u00e9ant un contraste raffin\u00e9. L&#039;alliance du marbre et du tissu apporte une touche contemporaine et intemporelle, faisant de Gabi un ajout sophistiqu\u00e9 \u00e0 tout int\u00e9rieur, qu&#039;il soit r\u00e9sidentiel ou commercial.  Le tabouret Gabi peut \u00e9galement \u00eatre \u00e9quip\u00e9 de roulettes invisibles, offrant une solution pratique pour le d\u00e9placer sans effort tout en conservant son design minimaliste et \u00e9pur\u00e9. Cette option suppl\u00e9mentaire permet de combiner esth\u00e9tisme et fonctionnalit\u00e9, parfait pour des environnements dynamiques ou modulables.  Dimensions : L410mm x l410mm x H470mm   Si vous souhaitez des mesures sp\u00e9cifiques, veuillez nous envoyer un email, nous pouvons fabriquer ce produit sur mesure en fonction de vos besoins.  Entretien : Votre pi\u00e8ce est unique et con\u00e7ue pour durer toute une vie. Tous nos marbres sont trait\u00e9s, cependant, un peu de soin assurera la long\u00e9vit\u00e9 de votre pi\u00e8ce en marbre. Nous vous recommandons d&#039;utiliser un chiffon non abrasif avec de l&#039;eau savonneuse douce. \u00c9vitez l&#039;eau de Javel, le vinaigre ou les produits de nettoyage similaires.  Variations : Toutes nos pi\u00e8ces sont faites \u00e0 la main et fabriqu\u00e9es avec des mat\u00e9riaux naturels. Pour cette raison, chaque pi\u00e8ce peut \u00eatre sujette \u00e0 des variations de couleur, de teinte, de texture, de pores et d&#039;intrusion de min\u00e9raux. Ceci doit \u00eatre consid\u00e9r\u00e9 comme un atout car il ajoute de la valeur au produit final, le rendant unique et exclusif.  D\u00e9lai de r\u00e9alisation : 4 \u00e0 6 semaines.[\/vc_column_text][\/vc_column][\/vc_row]\" \/>\n<meta name=\"twitter:label1\" content=\"Dur\u00e9e de lecture estim\u00e9e\" \/>\n\t<meta name=\"twitter:data1\" content=\"1 minute\" \/>\n<script type=\"application\/ld+json\" class=\"yoast-schema-graph\">{\"@context\":\"https:\\\/\\\/schema.org\",\"@graph\":[{\"@type\":\"WebPage\",\"@id\":\"https:\\\/\\\/marbera-studio.com\\\/produit\\\/gabi-pink-onyx-stool\\\/\",\"url\":\"https:\\\/\\\/marbera-studio.com\\\/produit\\\/gabi-pink-onyx-stool\\\/\",\"name\":\"Gabi Pink Onyx Stool - Marbera\",\"isPartOf\":{\"@id\":\"https:\\\/\\\/marbera-studio.com\\\/#website\"},\"primaryImageOfPage\":{\"@id\":\"https:\\\/\\\/marbera-studio.com\\\/produit\\\/gabi-pink-onyx-stool\\\/#primaryimage\"},\"image\":{\"@id\":\"https:\\\/\\\/marbera-studio.com\\\/produit\\\/gabi-pink-onyx-stool\\\/#primaryimage\"},\"thumbnailUrl\":\"https:\\\/\\\/marbera-studio.com\\\/wp-content\\\/uploads\\\/2022\\\/05\\\/marbera-gabi-pink-onyx-3-1.png\",\"datePublished\":\"2022-05-24T07:14:22+00:00\",\"dateModified\":\"2026-01-06T16:24:26+00:00\",\"breadcrumb\":{\"@id\":\"https:\\\/\\\/marbera-studio.com\\\/produit\\\/gabi-pink-onyx-stool\\\/#breadcrumb\"},\"inLanguage\":\"fr-FR\",\"potentialAction\":[{\"@type\":\"ReadAction\",\"target\":[\"https:\\\/\\\/marbera-studio.com\\\/produit\\\/gabi-pink-onyx-stool\\\/\"]}]},{\"@type\":\"ImageObject\",\"inLanguage\":\"fr-FR\",\"@id\":\"https:\\\/\\\/marbera-studio.com\\\/produit\\\/gabi-pink-onyx-stool\\\/#primaryimage\",\"url\":\"https:\\\/\\\/marbera-studio.com\\\/wp-content\\\/uploads\\\/2022\\\/05\\\/marbera-gabi-pink-onyx-3-1.png\",\"contentUrl\":\"https:\\\/\\\/marbera-studio.com\\\/wp-content\\\/uploads\\\/2022\\\/05\\\/marbera-gabi-pink-onyx-3-1.png\",\"width\":1512,\"height\":2016},{\"@type\":\"BreadcrumbList\",\"@id\":\"https:\\\/\\\/marbera-studio.com\\\/produit\\\/gabi-pink-onyx-stool\\\/#breadcrumb\",\"itemListElement\":[{\"@type\":\"ListItem\",\"position\":1,\"name\":\"Home\",\"item\":\"https:\\\/\\\/marbera-studio.com\\\/\"},{\"@type\":\"ListItem\",\"position\":2,\"name\":\"Shop\",\"item\":\"https:\\\/\\\/marbera-studio.com\\\/shop\\\/\"},{\"@type\":\"ListItem\",\"position\":3,\"name\":\"Gabi Pink Onyx Stool\"}]},{\"@type\":\"WebSite\",\"@id\":\"https:\\\/\\\/marbera-studio.com\\\/#website\",\"url\":\"https:\\\/\\\/marbera-studio.com\\\/\",\"name\":\"Marbera\",\"description\":\"Marbera cr\u00e9e du mobilier d\u2019art en marbre et onyx : tables design, pi\u00e8ces sur mesure, savoir-faire artisanal et livraison internationale.\",\"publisher\":{\"@id\":\"https:\\\/\\\/marbera-studio.com\\\/#organization\"},\"potentialAction\":[{\"@type\":\"SearchAction\",\"target\":{\"@type\":\"EntryPoint\",\"urlTemplate\":\"https:\\\/\\\/marbera-studio.com\\\/?s={search_term_string}\"},\"query-input\":{\"@type\":\"PropertyValueSpecification\",\"valueRequired\":true,\"valueName\":\"search_term_string\"}}],\"inLanguage\":\"fr-FR\"},{\"@type\":\"Organization\",\"@id\":\"https:\\\/\\\/marbera-studio.com\\\/#organization\",\"name\":\"Marbera\",\"url\":\"https:\\\/\\\/marbera-studio.com\\\/\",\"logo\":{\"@type\":\"ImageObject\",\"inLanguage\":\"fr-FR\",\"@id\":\"https:\\\/\\\/marbera-studio.com\\\/#\\\/schema\\\/logo\\\/image\\\/\",\"url\":\"https:\\\/\\\/marbera-studio.com\\\/wp-content\\\/uploads\\\/2025\\\/07\\\/MARBERA-LOGO-2025-black.webp\",\"contentUrl\":\"https:\\\/\\\/marbera-studio.com\\\/wp-content\\\/uploads\\\/2025\\\/07\\\/MARBERA-LOGO-2025-black.webp\",\"width\":500,\"height\":62,\"caption\":\"Marbera\"},\"image\":{\"@id\":\"https:\\\/\\\/marbera-studio.com\\\/#\\\/schema\\\/logo\\\/image\\\/\"},\"sameAs\":[\"https:\\\/\\\/www.instagram.com\\\/marbera_\\\/\"]}]}<\/script>\n<!-- \/ Yoast SEO plugin. -->","yoast_head_json":{"title":"Gabi Pink Onyx Stool - Marbera","robots":{"index":"index","follow":"follow","max-snippet":"max-snippet:-1","max-image-preview":"max-image-preview:large","max-video-preview":"max-video-preview:-1"},"canonical":"https:\/\/marbera-studio.com\/fr\/produit\/gabi-pink-onyx-stool\/","og_locale":"fr_FR","og_type":"article","og_title":"Gabi Pink Onyx Stool - Marbera","og_url":"https:\/\/marbera-studio.com\/fr\/produit\/gabi-pink-onyx-stool\/","og_site_name":"Marbera","article_modified_time":"2026-01-06T16:24:26+00:00","og_image":[{"width":1512,"height":2016,"url":"https:\/\/marbera-studio.com\/wp-content\/uploads\/2022\/05\/marbera-gabi-pink-onyx-3-1.png","type":"image\/png"}],"twitter_card":"summary_large_image","twitter_description":"[vc_row][vc_column][vc_column_text trp_param_show_language=\"en_GB\" trp_param_show=\"true\"]The Gabi stool is a sculptural piece made of onyx, perfectly combining the elegance of natural stone with modern comfort. Its minimalist design features a front slit, revealing an inner cushion that slightly extends over the top, creating a refined contrast. The blend of marble and fabric offers a contemporary and timeless touch, making Gabi a sophisticated addition to any interior, whether residential or commercial.  For easy mobility, this stool can also be equipped with sturdy and discreet castors that allow it to be moved easily from one place to another.  Dimensions: L410mm x W410mm x H470mm  If you want specific measures, please to send us an email, we can custom made this product according to your needs.  Maintenance : Your piece is unique and designed to last a lifetime. All our marbles are treated, however, a little care will ensure the longevity of your marble piece. We recommend to use a non-abrasive cloth with mild soapy water. Avoid bleach, vinegar or similar cleaning products.  Variations: All our pieces are handmade and made with natural materials. For this reason, each piece may be subject to variations in color, shade, texture, pores and mineral intrusion. This should be considered an asset as it adds value to the final product, making it unique and exclusive.  Lead time: 4-6 weeks.[\/vc_column_text][vc_column_text trp_param_show_language=\"fr_FR\" trp_param_show=\"true\"] Le tabouret Gabi est une pi\u00e8ce sculpturale en onyx, combinant parfaitement l'\u00e9l\u00e9gance de la pierre naturelle avec le confort moderne. Son design minimaliste pr\u00e9sente une fente \u00e0 l'avant, d\u00e9voilant un coussin int\u00e9rieur qui d\u00e9passe l\u00e9g\u00e8rement sur le dessus, cr\u00e9ant un contraste raffin\u00e9. L'alliance du marbre et du tissu apporte une touche contemporaine et intemporelle, faisant de Gabi un ajout sophistiqu\u00e9 \u00e0 tout int\u00e9rieur, qu'il soit r\u00e9sidentiel ou commercial.  Le tabouret Gabi peut \u00e9galement \u00eatre \u00e9quip\u00e9 de roulettes invisibles, offrant une solution pratique pour le d\u00e9placer sans effort tout en conservant son design minimaliste et \u00e9pur\u00e9. Cette option suppl\u00e9mentaire permet de combiner esth\u00e9tisme et fonctionnalit\u00e9, parfait pour des environnements dynamiques ou modulables.  Dimensions : L410mm x l410mm x H470mm   Si vous souhaitez des mesures sp\u00e9cifiques, veuillez nous envoyer un email, nous pouvons fabriquer ce produit sur mesure en fonction de vos besoins.  Entretien : Votre pi\u00e8ce est unique et con\u00e7ue pour durer toute une vie. Tous nos marbres sont trait\u00e9s, cependant, un peu de soin assurera la long\u00e9vit\u00e9 de votre pi\u00e8ce en marbre. Nous vous recommandons d'utiliser un chiffon non abrasif avec de l'eau savonneuse douce. \u00c9vitez l'eau de Javel, le vinaigre ou les produits de nettoyage similaires.  Variations : Toutes nos pi\u00e8ces sont faites \u00e0 la main et fabriqu\u00e9es avec des mat\u00e9riaux naturels. Pour cette raison, chaque pi\u00e8ce peut \u00eatre sujette \u00e0 des variations de couleur, de teinte, de texture, de pores et d'intrusion de min\u00e9raux. Ceci doit \u00eatre consid\u00e9r\u00e9 comme un atout car il ajoute de la valeur au produit final, le rendant unique et exclusif.  D\u00e9lai de r\u00e9alisation : 4 \u00e0 6 semaines.[\/vc_column_text][\/vc_column][\/vc_row]","twitter_misc":{"Dur\u00e9e de lecture estim\u00e9e":"1 minute"},"schema":{"@context":"https:\/\/schema.org","@graph":[{"@type":"WebPage","@id":"https:\/\/marbera-studio.com\/produit\/gabi-pink-onyx-stool\/","url":"https:\/\/marbera-studio.com\/produit\/gabi-pink-onyx-stool\/","name":"Gabi Pink Onyx Stool - Marbera","isPartOf":{"@id":"https:\/\/marbera-studio.com\/#website"},"primaryImageOfPage":{"@id":"https:\/\/marbera-studio.com\/produit\/gabi-pink-onyx-stool\/#primaryimage"},"image":{"@id":"https:\/\/marbera-studio.com\/produit\/gabi-pink-onyx-stool\/#primaryimage"},"thumbnailUrl":"https:\/\/marbera-studio.com\/wp-content\/uploads\/2022\/05\/marbera-gabi-pink-onyx-3-1.png","datePublished":"2022-05-24T07:14:22+00:00","dateModified":"2026-01-06T16:24:26+00:00","breadcrumb":{"@id":"https:\/\/marbera-studio.com\/produit\/gabi-pink-onyx-stool\/#breadcrumb"},"inLanguage":"fr-FR","potentialAction":[{"@type":"ReadAction","target":["https:\/\/marbera-studio.com\/produit\/gabi-pink-onyx-stool\/"]}]},{"@type":"ImageObject","inLanguage":"fr-FR","@id":"https:\/\/marbera-studio.com\/produit\/gabi-pink-onyx-stool\/#primaryimage","url":"https:\/\/marbera-studio.com\/wp-content\/uploads\/2022\/05\/marbera-gabi-pink-onyx-3-1.png","contentUrl":"https:\/\/marbera-studio.com\/wp-content\/uploads\/2022\/05\/marbera-gabi-pink-onyx-3-1.png","width":1512,"height":2016},{"@type":"BreadcrumbList","@id":"https:\/\/marbera-studio.com\/produit\/gabi-pink-onyx-stool\/#breadcrumb","itemListElement":[{"@type":"ListItem","position":1,"name":"Home","item":"https:\/\/marbera-studio.com\/"},{"@type":"ListItem","position":2,"name":"Shop","item":"https:\/\/marbera-studio.com\/shop\/"},{"@type":"ListItem","position":3,"name":"Gabi Pink Onyx Stool"}]},{"@type":"WebSite","@id":"https:\/\/marbera-studio.com\/#website","url":"https:\/\/marbera-studio.com\/","name":"Marbera","description":"Marbera cr\u00e9e du mobilier d\u2019art en marbre et onyx : tables design, pi\u00e8ces sur mesure, savoir-faire artisanal et livraison internationale.","publisher":{"@id":"https:\/\/marbera-studio.com\/#organization"},"potentialAction":[{"@type":"SearchAction","target":{"@type":"EntryPoint","urlTemplate":"https:\/\/marbera-studio.com\/?s={search_term_string}"},"query-input":{"@type":"PropertyValueSpecification","valueRequired":true,"valueName":"search_term_string"}}],"inLanguage":"fr-FR"},{"@type":"Organization","@id":"https:\/\/marbera-studio.com\/#organization","name":"Marbera","url":"https:\/\/marbera-studio.com\/","logo":{"@type":"ImageObject","inLanguage":"fr-FR","@id":"https:\/\/marbera-studio.com\/#\/schema\/logo\/image\/","url":"https:\/\/marbera-studio.com\/wp-content\/uploads\/2025\/07\/MARBERA-LOGO-2025-black.webp","contentUrl":"https:\/\/marbera-studio.com\/wp-content\/uploads\/2025\/07\/MARBERA-LOGO-2025-black.webp","width":500,"height":62,"caption":"Marbera"},"image":{"@id":"https:\/\/marbera-studio.com\/#\/schema\/logo\/image\/"},"sameAs":["https:\/\/www.instagram.com\/marbera_\/"]}]}},"jetpack_sharing_enabled":true,"_links":{"self":[{"href":"https:\/\/marbera-studio.com\/fr\/wp-json\/wp\/v2\/product\/6517","targetHints":{"allow":["GET"]}}],"collection":[{"href":"https:\/\/marbera-studio.com\/fr\/wp-json\/wp\/v2\/product"}],"about":[{"href":"https:\/\/marbera-studio.com\/fr\/wp-json\/wp\/v2\/types\/product"}],"replies":[{"embeddable":true,"href":"https:\/\/marbera-studio.com\/fr\/wp-json\/wp\/v2\/comments?post=6517"}],"wp:featuredmedia":[{"embeddable":true,"href":"https:\/\/marbera-studio.com\/fr\/wp-json\/wp\/v2\/media\/8884"}],"wp:attachment":[{"href":"https:\/\/marbera-studio.com\/fr\/wp-json\/wp\/v2\/media?parent=6517"}],"wp:term":[{"taxonomy":"product_brand","embeddable":true,"href":"https:\/\/marbera-studio.com\/fr\/wp-json\/wp\/v2\/product_brand?post=6517"},{"taxonomy":"product_cat","embeddable":true,"href":"https:\/\/marbera-studio.com\/fr\/wp-json\/wp\/v2\/product_cat?post=6517"},{"taxonomy":"product_tag","embeddable":true,"href":"https:\/\/marbera-studio.com\/fr\/wp-json\/wp\/v2\/product_tag?post=6517"}],"curies":[{"name":"wp","href":"https:\/\/api.w.org\/{rel}","templated":true}]}}