{"id":7215,"date":"2021-02-24T07:59:00","date_gmt":"2021-02-24T06:59:00","guid":{"rendered":"https:\/\/marbera-studio.com\/?post_type=product&#038;p=7215"},"modified":"2026-01-08T16:44:52","modified_gmt":"2026-01-08T15:44:52","slug":"ran-bench","status":"publish","type":"product","link":"https:\/\/marbera-studio.com\/fr\/produit\/ran-bench\/","title":{"rendered":"Ran Ivory Onyx Bench"},"content":{"rendered":"","protected":false},"excerpt":{"rendered":"<div class=\"vc_row wpb_row row top-row wpb_custom_034b39d9bc6c6b310d69e39f0ccf274f\"><div class=\"vc_column_container col-md-12\"><div class=\"wpb_wrapper vc_column-inner\">\r\n\t<div class=\"wpb_text_column wpb_content_element wpb_custom_7c91d232724f73626cc933bd95b25ff0\" >\r\n\t\t<div class=\"wpb_wrapper\">\r\n\t\t\t<p>Le banc Ran incarne l\u2019\u00e9l\u00e9gance et la modernit\u00e9 \u00e0 travers des lignes \u00e9pur\u00e9es et des mat\u00e9riaux nobles. R\u00e9alis\u00e9 en onyx ivoire, il s\u00e9duit par ses courbes carr\u00e9es arrondies qui adoucissent son design et lui conf\u00e8rent une allure contemporaine.<\/p>\n<p>Une banquette int\u00e9gr\u00e9e en velours mohair taupe vient sublimer cette pi\u00e8ce en apportant une touche de confort raffin\u00e9. Ce contraste entre la douceur du tissu et la puret\u00e9 de la pierre naturelle fait du banc Ran une cr\u00e9ation intemporelle qui s\u2019int\u00e8gre harmonieusement dans tous les int\u00e9rieurs, du plus minimaliste au plus sophistiqu\u00e9.<\/p>\n<p>Pi\u00e8ce sculpturale \u00e0 part enti\u00e8re, ce banc devient un \u00e9l\u00e9ment central dans un salon, une chambre ou un hall d\u2019entr\u00e9e, offrant \u00e0 la fois esth\u00e9tisme et fonctionnalit\u00e9.<\/p>\n<p>La banquette est r\u00e9alis\u00e9e avec un tissu de la Maison Pierre Frey.<\/p>\n<p>Dimensions : L1860mm x l460mm x H410mm<\/p>\n<p>Si vous souhaitez des mesures sp\u00e9cifiques, veuillez nous envoyer un email, nous pouvons fabriquer ce produit sur mesure en fonction de vos besoins.<\/p>\n<p>Entretien : Votre pi\u00e8ce est unique et con\u00e7ue pour durer toute une vie. Tous nos marbres sont trait\u00e9s, cependant, un peu de soin assurera la long\u00e9vit\u00e9 de votre pi\u00e8ce en marbre. Nous vous recommandons d&#8217;utiliser un chiffon non abrasif avec de l&#8217;eau savonneuse douce. \u00c9vitez l&#8217;eau de Javel, le vinaigre ou les produits de nettoyage similaires.<\/p>\n<p>Variations : Toutes nos pi\u00e8ces sont faites \u00e0 la main et fabriqu\u00e9es avec des mat\u00e9riaux naturels. Pour cette raison, chaque pi\u00e8ce peut \u00eatre sujette \u00e0 des variations de couleur, de teinte, de texture, de pores et d&#8217;intrusion de min\u00e9raux. Ceci doit \u00eatre consid\u00e9r\u00e9 comme un atout car il ajoute de la valeur au produit final, le rendant unique et exclusif.<\/p>\n<p>D\u00e9lai de r\u00e9alisation : 2 \u00e0 3 semaines.<\/p>\n\r\n\t\t<\/div>\r\n\t<\/div>\r\n<\/div><\/div><\/div>","protected":false},"featured_media":9200,"comment_status":"open","ping_status":"closed","template":"","meta":[],"product_brand":[],"product_cat":[97,172,139,96,15,191,205],"product_tag":[],"class_list":{"0":"post-7215","1":"product","2":"type-product","3":"status-publish","4":"has-post-thumbnail","6":"product_cat-all-products","7":"product_cat-benches","8":"product_cat-best-sellers","9":"product_cat-casters","10":"product_cat-marbera","11":"product_cat-marbera-collection","12":"product_cat-ran","14":"first","15":"instock","16":"shipping-taxable","17":"purchasable","18":"product-type-simple"},"yoast_head":"<!-- This site is optimized with the Yoast SEO plugin v27.5 - https:\/\/yoast.com\/product\/yoast-seo-wordpress\/ -->\n<title>Ran Ivory Onyx Bench - Marbera<\/title>\n<meta name=\"robots\" content=\"index, follow, max-snippet:-1, max-image-preview:large, max-video-preview:-1\" \/>\n<link rel=\"canonical\" href=\"https:\/\/marbera-studio.com\/fr\/produit\/ran-bench\/\" \/>\n<meta property=\"og:locale\" content=\"fr_FR\" \/>\n<meta property=\"og:type\" content=\"article\" \/>\n<meta property=\"og:title\" content=\"Ran Ivory Onyx Bench - Marbera\" \/>\n<meta property=\"og:url\" content=\"https:\/\/marbera-studio.com\/fr\/produit\/ran-bench\/\" \/>\n<meta property=\"og:site_name\" content=\"Marbera\" \/>\n<meta property=\"article:modified_time\" content=\"2026-01-08T15:44:52+00:00\" \/>\n<meta property=\"og:image\" content=\"https:\/\/marbera-studio.com\/wp-content\/uploads\/2021\/02\/banc_ran_5_marbera_Back_View_2.webp\" \/>\n\t<meta property=\"og:image:width\" content=\"1512\" \/>\n\t<meta property=\"og:image:height\" content=\"2016\" \/>\n\t<meta property=\"og:image:type\" content=\"image\/webp\" \/>\n<meta name=\"twitter:card\" content=\"summary_large_image\" \/>\n<meta name=\"twitter:description\" content=\"[vc_row][vc_column][vc_column_text trp_param_show_language=&quot;en_GB&quot; trp_param_show=&quot;true&quot;]The Ran bench embodies elegance and modernity through sleek lines and noble materials. Crafted from ivory onyx, it captivates with its softly rounded square curves, giving it a contemporary and refined aesthetic.  An integrated seat in taupe mohair velvet enhances this piece, adding a touch of luxurious comfort. The contrast between the softness of the fabric and the purity of natural stone makes the Ran bench a timeless creation that fits seamlessly into any interior, from minimalist to sophisticated spaces.  A sculptural piece in its own right, this bench becomes a statement element in a living room, bedroom, or entryway, offering both aesthetics and functionality.  The bench seat is made from fabric by Maison Pierre Frey.  Dimensions : L1860mm x W460mm x H410mm  If you want specific measures, please to send us an email, we can custom made this product according to your needs.  Maintenance : Your piece is unique and designed to last a lifetime. All our marbles are treated, however, a little care will ensure the longevity of your marble piece. We recommend to use a non-abrasive cloth with mild soapy water. Avoid bleach, vinegar or similar cleaning products.  Variations: All our pieces are handmade and made with natural materials. For this reason, each piece may be subject to variations in color, shade, texture, pores and mineral intrusion. This should be considered an asset as it adds value to the final product, making it unique and exclusive.  Lead time: 6-8 weeks.[\/vc_column_text][vc_column_text trp_param_show_language=&quot;fr_FR&quot; trp_param_show=&quot;true&quot;]Le banc Ran incarne l\u2019\u00e9l\u00e9gance et la modernit\u00e9 \u00e0 travers des lignes \u00e9pur\u00e9es et des mat\u00e9riaux nobles. R\u00e9alis\u00e9 en onyx ivoire, il s\u00e9duit par ses courbes carr\u00e9es arrondies qui adoucissent son design et lui conf\u00e8rent une allure contemporaine.  Une banquette int\u00e9gr\u00e9e en velours mohair taupe vient sublimer cette pi\u00e8ce en apportant une touche de confort raffin\u00e9. Ce contraste entre la douceur du tissu et la puret\u00e9 de la pierre naturelle fait du banc Ran une cr\u00e9ation intemporelle qui s\u2019int\u00e8gre harmonieusement dans tous les int\u00e9rieurs, du plus minimaliste au plus sophistiqu\u00e9.  Pi\u00e8ce sculpturale \u00e0 part enti\u00e8re, ce banc devient un \u00e9l\u00e9ment central dans un salon, une chambre ou un hall d\u2019entr\u00e9e, offrant \u00e0 la fois esth\u00e9tisme et fonctionnalit\u00e9.  La banquette est r\u00e9alis\u00e9e avec un tissu de la Maison Pierre Frey.  Dimensions : L1860mm x l460mm x H410mm  Si vous souhaitez des mesures sp\u00e9cifiques, veuillez nous envoyer un email, nous pouvons fabriquer ce produit sur mesure en fonction de vos besoins.  Entretien : Votre pi\u00e8ce est unique et con\u00e7ue pour durer toute une vie. Tous nos marbres sont trait\u00e9s, cependant, un peu de soin assurera la long\u00e9vit\u00e9 de votre pi\u00e8ce en marbre. Nous vous recommandons d&#039;utiliser un chiffon non abrasif avec de l&#039;eau savonneuse douce. \u00c9vitez l&#039;eau de Javel, le vinaigre ou les produits de nettoyage similaires.  Variations : Toutes nos pi\u00e8ces sont faites \u00e0 la main et fabriqu\u00e9es avec des mat\u00e9riaux naturels. Pour cette raison, chaque pi\u00e8ce peut \u00eatre sujette \u00e0 des variations de couleur, de teinte, de texture, de pores et d&#039;intrusion de min\u00e9raux. Ceci doit \u00eatre consid\u00e9r\u00e9 comme un atout car il ajoute de la valeur au produit final, le rendant unique et exclusif.  D\u00e9lai de r\u00e9alisation : 2 \u00e0 3 semaines.[\/vc_column_text][\/vc_column][\/vc_row]\" \/>\n<meta name=\"twitter:label1\" content=\"Dur\u00e9e de lecture estim\u00e9e\" \/>\n\t<meta name=\"twitter:data1\" content=\"1 minute\" \/>\n<script type=\"application\/ld+json\" class=\"yoast-schema-graph\">{\"@context\":\"https:\\\/\\\/schema.org\",\"@graph\":[{\"@type\":\"WebPage\",\"@id\":\"https:\\\/\\\/marbera-studio.com\\\/produit\\\/ran-bench\\\/\",\"url\":\"https:\\\/\\\/marbera-studio.com\\\/produit\\\/ran-bench\\\/\",\"name\":\"Ran Ivory Onyx Bench - Marbera\",\"isPartOf\":{\"@id\":\"https:\\\/\\\/marbera-studio.com\\\/#website\"},\"primaryImageOfPage\":{\"@id\":\"https:\\\/\\\/marbera-studio.com\\\/produit\\\/ran-bench\\\/#primaryimage\"},\"image\":{\"@id\":\"https:\\\/\\\/marbera-studio.com\\\/produit\\\/ran-bench\\\/#primaryimage\"},\"thumbnailUrl\":\"https:\\\/\\\/marbera-studio.com\\\/wp-content\\\/uploads\\\/2021\\\/02\\\/banc_ran_5_marbera_Back_View_2.webp\",\"datePublished\":\"2021-02-24T06:59:00+00:00\",\"dateModified\":\"2026-01-08T15:44:52+00:00\",\"breadcrumb\":{\"@id\":\"https:\\\/\\\/marbera-studio.com\\\/produit\\\/ran-bench\\\/#breadcrumb\"},\"inLanguage\":\"fr-FR\",\"potentialAction\":[{\"@type\":\"ReadAction\",\"target\":[\"https:\\\/\\\/marbera-studio.com\\\/produit\\\/ran-bench\\\/\"]}]},{\"@type\":\"ImageObject\",\"inLanguage\":\"fr-FR\",\"@id\":\"https:\\\/\\\/marbera-studio.com\\\/produit\\\/ran-bench\\\/#primaryimage\",\"url\":\"https:\\\/\\\/marbera-studio.com\\\/wp-content\\\/uploads\\\/2021\\\/02\\\/banc_ran_5_marbera_Back_View_2.webp\",\"contentUrl\":\"https:\\\/\\\/marbera-studio.com\\\/wp-content\\\/uploads\\\/2021\\\/02\\\/banc_ran_5_marbera_Back_View_2.webp\",\"width\":1512,\"height\":2016},{\"@type\":\"BreadcrumbList\",\"@id\":\"https:\\\/\\\/marbera-studio.com\\\/produit\\\/ran-bench\\\/#breadcrumb\",\"itemListElement\":[{\"@type\":\"ListItem\",\"position\":1,\"name\":\"Home\",\"item\":\"https:\\\/\\\/marbera-studio.com\\\/\"},{\"@type\":\"ListItem\",\"position\":2,\"name\":\"Shop\",\"item\":\"https:\\\/\\\/marbera-studio.com\\\/shop\\\/\"},{\"@type\":\"ListItem\",\"position\":3,\"name\":\"Ran Ivory Onyx Bench\"}]},{\"@type\":\"WebSite\",\"@id\":\"https:\\\/\\\/marbera-studio.com\\\/#website\",\"url\":\"https:\\\/\\\/marbera-studio.com\\\/\",\"name\":\"Marbera\",\"description\":\"Marbera cr\u00e9e du mobilier d\u2019art en marbre et onyx : tables design, pi\u00e8ces sur mesure, savoir-faire artisanal et livraison internationale.\",\"publisher\":{\"@id\":\"https:\\\/\\\/marbera-studio.com\\\/#organization\"},\"potentialAction\":[{\"@type\":\"SearchAction\",\"target\":{\"@type\":\"EntryPoint\",\"urlTemplate\":\"https:\\\/\\\/marbera-studio.com\\\/?s={search_term_string}\"},\"query-input\":{\"@type\":\"PropertyValueSpecification\",\"valueRequired\":true,\"valueName\":\"search_term_string\"}}],\"inLanguage\":\"fr-FR\"},{\"@type\":\"Organization\",\"@id\":\"https:\\\/\\\/marbera-studio.com\\\/#organization\",\"name\":\"Marbera\",\"url\":\"https:\\\/\\\/marbera-studio.com\\\/\",\"logo\":{\"@type\":\"ImageObject\",\"inLanguage\":\"fr-FR\",\"@id\":\"https:\\\/\\\/marbera-studio.com\\\/#\\\/schema\\\/logo\\\/image\\\/\",\"url\":\"https:\\\/\\\/marbera-studio.com\\\/wp-content\\\/uploads\\\/2025\\\/07\\\/MARBERA-LOGO-2025-black.webp\",\"contentUrl\":\"https:\\\/\\\/marbera-studio.com\\\/wp-content\\\/uploads\\\/2025\\\/07\\\/MARBERA-LOGO-2025-black.webp\",\"width\":500,\"height\":62,\"caption\":\"Marbera\"},\"image\":{\"@id\":\"https:\\\/\\\/marbera-studio.com\\\/#\\\/schema\\\/logo\\\/image\\\/\"},\"sameAs\":[\"https:\\\/\\\/www.instagram.com\\\/marbera_\\\/\"]}]}<\/script>\n<!-- \/ Yoast SEO plugin. -->","yoast_head_json":{"title":"Ran Ivory Onyx Bench - Marbera","robots":{"index":"index","follow":"follow","max-snippet":"max-snippet:-1","max-image-preview":"max-image-preview:large","max-video-preview":"max-video-preview:-1"},"canonical":"https:\/\/marbera-studio.com\/fr\/produit\/ran-bench\/","og_locale":"fr_FR","og_type":"article","og_title":"Ran Ivory Onyx Bench - Marbera","og_url":"https:\/\/marbera-studio.com\/fr\/produit\/ran-bench\/","og_site_name":"Marbera","article_modified_time":"2026-01-08T15:44:52+00:00","og_image":[{"width":1512,"height":2016,"url":"https:\/\/marbera-studio.com\/wp-content\/uploads\/2021\/02\/banc_ran_5_marbera_Back_View_2.webp","type":"image\/webp"}],"twitter_card":"summary_large_image","twitter_description":"[vc_row][vc_column][vc_column_text trp_param_show_language=\"en_GB\" trp_param_show=\"true\"]The Ran bench embodies elegance and modernity through sleek lines and noble materials. Crafted from ivory onyx, it captivates with its softly rounded square curves, giving it a contemporary and refined aesthetic.  An integrated seat in taupe mohair velvet enhances this piece, adding a touch of luxurious comfort. The contrast between the softness of the fabric and the purity of natural stone makes the Ran bench a timeless creation that fits seamlessly into any interior, from minimalist to sophisticated spaces.  A sculptural piece in its own right, this bench becomes a statement element in a living room, bedroom, or entryway, offering both aesthetics and functionality.  The bench seat is made from fabric by Maison Pierre Frey.  Dimensions : L1860mm x W460mm x H410mm  If you want specific measures, please to send us an email, we can custom made this product according to your needs.  Maintenance : Your piece is unique and designed to last a lifetime. All our marbles are treated, however, a little care will ensure the longevity of your marble piece. We recommend to use a non-abrasive cloth with mild soapy water. Avoid bleach, vinegar or similar cleaning products.  Variations: All our pieces are handmade and made with natural materials. For this reason, each piece may be subject to variations in color, shade, texture, pores and mineral intrusion. This should be considered an asset as it adds value to the final product, making it unique and exclusive.  Lead time: 6-8 weeks.[\/vc_column_text][vc_column_text trp_param_show_language=\"fr_FR\" trp_param_show=\"true\"]Le banc Ran incarne l\u2019\u00e9l\u00e9gance et la modernit\u00e9 \u00e0 travers des lignes \u00e9pur\u00e9es et des mat\u00e9riaux nobles. R\u00e9alis\u00e9 en onyx ivoire, il s\u00e9duit par ses courbes carr\u00e9es arrondies qui adoucissent son design et lui conf\u00e8rent une allure contemporaine.  Une banquette int\u00e9gr\u00e9e en velours mohair taupe vient sublimer cette pi\u00e8ce en apportant une touche de confort raffin\u00e9. Ce contraste entre la douceur du tissu et la puret\u00e9 de la pierre naturelle fait du banc Ran une cr\u00e9ation intemporelle qui s\u2019int\u00e8gre harmonieusement dans tous les int\u00e9rieurs, du plus minimaliste au plus sophistiqu\u00e9.  Pi\u00e8ce sculpturale \u00e0 part enti\u00e8re, ce banc devient un \u00e9l\u00e9ment central dans un salon, une chambre ou un hall d\u2019entr\u00e9e, offrant \u00e0 la fois esth\u00e9tisme et fonctionnalit\u00e9.  La banquette est r\u00e9alis\u00e9e avec un tissu de la Maison Pierre Frey.  Dimensions : L1860mm x l460mm x H410mm  Si vous souhaitez des mesures sp\u00e9cifiques, veuillez nous envoyer un email, nous pouvons fabriquer ce produit sur mesure en fonction de vos besoins.  Entretien : Votre pi\u00e8ce est unique et con\u00e7ue pour durer toute une vie. Tous nos marbres sont trait\u00e9s, cependant, un peu de soin assurera la long\u00e9vit\u00e9 de votre pi\u00e8ce en marbre. Nous vous recommandons d'utiliser un chiffon non abrasif avec de l'eau savonneuse douce. \u00c9vitez l'eau de Javel, le vinaigre ou les produits de nettoyage similaires.  Variations : Toutes nos pi\u00e8ces sont faites \u00e0 la main et fabriqu\u00e9es avec des mat\u00e9riaux naturels. Pour cette raison, chaque pi\u00e8ce peut \u00eatre sujette \u00e0 des variations de couleur, de teinte, de texture, de pores et d'intrusion de min\u00e9raux. Ceci doit \u00eatre consid\u00e9r\u00e9 comme un atout car il ajoute de la valeur au produit final, le rendant unique et exclusif.  D\u00e9lai de r\u00e9alisation : 2 \u00e0 3 semaines.[\/vc_column_text][\/vc_column][\/vc_row]","twitter_misc":{"Dur\u00e9e de lecture estim\u00e9e":"1 minute"},"schema":{"@context":"https:\/\/schema.org","@graph":[{"@type":"WebPage","@id":"https:\/\/marbera-studio.com\/produit\/ran-bench\/","url":"https:\/\/marbera-studio.com\/produit\/ran-bench\/","name":"Ran Ivory Onyx Bench - Marbera","isPartOf":{"@id":"https:\/\/marbera-studio.com\/#website"},"primaryImageOfPage":{"@id":"https:\/\/marbera-studio.com\/produit\/ran-bench\/#primaryimage"},"image":{"@id":"https:\/\/marbera-studio.com\/produit\/ran-bench\/#primaryimage"},"thumbnailUrl":"https:\/\/marbera-studio.com\/wp-content\/uploads\/2021\/02\/banc_ran_5_marbera_Back_View_2.webp","datePublished":"2021-02-24T06:59:00+00:00","dateModified":"2026-01-08T15:44:52+00:00","breadcrumb":{"@id":"https:\/\/marbera-studio.com\/produit\/ran-bench\/#breadcrumb"},"inLanguage":"fr-FR","potentialAction":[{"@type":"ReadAction","target":["https:\/\/marbera-studio.com\/produit\/ran-bench\/"]}]},{"@type":"ImageObject","inLanguage":"fr-FR","@id":"https:\/\/marbera-studio.com\/produit\/ran-bench\/#primaryimage","url":"https:\/\/marbera-studio.com\/wp-content\/uploads\/2021\/02\/banc_ran_5_marbera_Back_View_2.webp","contentUrl":"https:\/\/marbera-studio.com\/wp-content\/uploads\/2021\/02\/banc_ran_5_marbera_Back_View_2.webp","width":1512,"height":2016},{"@type":"BreadcrumbList","@id":"https:\/\/marbera-studio.com\/produit\/ran-bench\/#breadcrumb","itemListElement":[{"@type":"ListItem","position":1,"name":"Home","item":"https:\/\/marbera-studio.com\/"},{"@type":"ListItem","position":2,"name":"Shop","item":"https:\/\/marbera-studio.com\/shop\/"},{"@type":"ListItem","position":3,"name":"Ran Ivory Onyx Bench"}]},{"@type":"WebSite","@id":"https:\/\/marbera-studio.com\/#website","url":"https:\/\/marbera-studio.com\/","name":"Marbera","description":"Marbera cr\u00e9e du mobilier d\u2019art en marbre et onyx : tables design, pi\u00e8ces sur mesure, savoir-faire artisanal et livraison internationale.","publisher":{"@id":"https:\/\/marbera-studio.com\/#organization"},"potentialAction":[{"@type":"SearchAction","target":{"@type":"EntryPoint","urlTemplate":"https:\/\/marbera-studio.com\/?s={search_term_string}"},"query-input":{"@type":"PropertyValueSpecification","valueRequired":true,"valueName":"search_term_string"}}],"inLanguage":"fr-FR"},{"@type":"Organization","@id":"https:\/\/marbera-studio.com\/#organization","name":"Marbera","url":"https:\/\/marbera-studio.com\/","logo":{"@type":"ImageObject","inLanguage":"fr-FR","@id":"https:\/\/marbera-studio.com\/#\/schema\/logo\/image\/","url":"https:\/\/marbera-studio.com\/wp-content\/uploads\/2025\/07\/MARBERA-LOGO-2025-black.webp","contentUrl":"https:\/\/marbera-studio.com\/wp-content\/uploads\/2025\/07\/MARBERA-LOGO-2025-black.webp","width":500,"height":62,"caption":"Marbera"},"image":{"@id":"https:\/\/marbera-studio.com\/#\/schema\/logo\/image\/"},"sameAs":["https:\/\/www.instagram.com\/marbera_\/"]}]}},"jetpack_sharing_enabled":true,"_links":{"self":[{"href":"https:\/\/marbera-studio.com\/fr\/wp-json\/wp\/v2\/product\/7215","targetHints":{"allow":["GET"]}}],"collection":[{"href":"https:\/\/marbera-studio.com\/fr\/wp-json\/wp\/v2\/product"}],"about":[{"href":"https:\/\/marbera-studio.com\/fr\/wp-json\/wp\/v2\/types\/product"}],"replies":[{"embeddable":true,"href":"https:\/\/marbera-studio.com\/fr\/wp-json\/wp\/v2\/comments?post=7215"}],"wp:featuredmedia":[{"embeddable":true,"href":"https:\/\/marbera-studio.com\/fr\/wp-json\/wp\/v2\/media\/9200"}],"wp:attachment":[{"href":"https:\/\/marbera-studio.com\/fr\/wp-json\/wp\/v2\/media?parent=7215"}],"wp:term":[{"taxonomy":"product_brand","embeddable":true,"href":"https:\/\/marbera-studio.com\/fr\/wp-json\/wp\/v2\/product_brand?post=7215"},{"taxonomy":"product_cat","embeddable":true,"href":"https:\/\/marbera-studio.com\/fr\/wp-json\/wp\/v2\/product_cat?post=7215"},{"taxonomy":"product_tag","embeddable":true,"href":"https:\/\/marbera-studio.com\/fr\/wp-json\/wp\/v2\/product_tag?post=7215"}],"curies":[{"name":"wp","href":"https:\/\/api.w.org\/{rel}","templated":true}]}}