{"id":7559,"date":"2021-04-23T06:34:34","date_gmt":"2021-04-23T04:34:34","guid":{"rendered":"https:\/\/marbera-studio.com\/?post_type=product&#038;p=7559"},"modified":"2026-01-07T17:07:16","modified_gmt":"2026-01-07T16:07:16","slug":"alexis-duo-tables-cipolino-marble-wood","status":"publish","type":"product","link":"https:\/\/marbera-studio.com\/fr\/produit\/alexis-duo-tables-cipolino-marble-wood\/","title":{"rendered":"Alexis Duo Wood And Cipolino Marble"},"content":{"rendered":"","protected":false},"excerpt":{"rendered":"<div class=\"vc_row wpb_row row top-row wpb_custom_034b39d9bc6c6b310d69e39f0ccf274f\"><div class=\"vc_column_container col-md-12\"><div class=\"wpb_wrapper vc_column-inner\">\r\n\t<div class=\"wpb_text_column wpb_content_element wpb_custom_7c91d232724f73626cc933bd95b25ff0\" >\r\n\t\t<div class=\"wpb_wrapper\">\r\n\t\t\t<p>Les tables Alexis incarnent une harmonie parfaite entre la chaleur du bois et la noblesse du marbre. Leur base ronde, r\u00e9alis\u00e9e en noyer massif, soutient un double plateau, l\u2019un en noyer, l\u2019autre en marbre Cipolino. Ce contraste subtil mais naturel met en valeur la beaut\u00e9 et la compl\u00e9mentarit\u00e9 de ces deux mat\u00e9riaux.<\/p>\n<p>Le veinage chaleureux du marbre Cipolino fait \u00e9cho aux nuances profondes du noyer, cr\u00e9ant un dialogue visuel apaisant et raffin\u00e9. Ensemble, ils apportent une \u00e9l\u00e9gance discr\u00e8te et une sophistication organique \u00e0 l\u2019espace, tout en c\u00e9l\u00e9brant la richesse naturelle des mat\u00e9riaux nobles.<\/p>\n<p>Dimensions : L850mm x l800mm x H400mm &#8211; L750mm x l700mm x H350mm<\/p>\n<p>Si vous souhaitez des mesures sp\u00e9cifiques, veuillez nous envoyer un email, nous pouvons fabriquer ce produit sur mesure en fonction de vos besoins.<\/p>\n<p>Entretien : Votre pi\u00e8ce est unique et con\u00e7ue pour durer toute une vie. Tous nos marbres sont trait\u00e9s, cependant, un peu de soin assurera la long\u00e9vit\u00e9 de votre pi\u00e8ce en marbre. Nous vous recommandons d&#8217;utiliser un chiffon non abrasif avec de l&#8217;eau savonneuse douce. \u00c9vitez l&#8217;eau de Javel, le vinaigre ou les produits de nettoyage similaires.<\/p>\n<p>Variations : Toutes nos pi\u00e8ces sont faites \u00e0 la main et fabriqu\u00e9es avec des mat\u00e9riaux naturels. Pour cette raison, chaque pi\u00e8ce peut \u00eatre sujette \u00e0 des variations de couleur, de teinte, de texture, de pores et d&#8217;intrusion de min\u00e9raux. Ceci doit \u00eatre consid\u00e9r\u00e9 comme un atout car il ajoute de la valeur au produit final, le rendant unique et exclusif.<\/p>\n<p>D\u00e9lai de r\u00e9alisation : 6 \u00e0 8 semaines.<\/p>\n\r\n\t\t<\/div>\r\n\t<\/div>\r\n<\/div><\/div><\/div>","protected":false},"featured_media":8783,"comment_status":"open","ping_status":"closed","template":"","meta":[],"product_brand":[],"product_cat":[210,97,96,101,151,15,191],"product_tag":[],"class_list":{"0":"post-7559","1":"product","2":"type-product","3":"status-publish","4":"has-post-thumbnail","6":"product_cat-alexis-coffee-tables","7":"product_cat-all-products","8":"product_cat-casters","9":"product_cat-coffee-tables","10":"product_cat-joan","11":"product_cat-marbera","12":"product_cat-marbera-collection","14":"first","15":"instock","16":"shipping-taxable","17":"purchasable","18":"product-type-simple"},"yoast_head":"<!-- This site is optimized with the Yoast SEO plugin v27.3 - https:\/\/yoast.com\/product\/yoast-seo-wordpress\/ -->\n<title>Alexis Duo Wood And Cipolino Marble - Marbera<\/title>\n<meta name=\"robots\" content=\"index, follow, max-snippet:-1, max-image-preview:large, max-video-preview:-1\" \/>\n<link rel=\"canonical\" href=\"https:\/\/marbera-studio.com\/fr\/produit\/alexis-duo-tables-cipolino-marble-wood\/\" \/>\n<meta property=\"og:locale\" content=\"fr_FR\" \/>\n<meta property=\"og:type\" content=\"article\" \/>\n<meta property=\"og:title\" content=\"Alexis Duo Wood And Cipolino Marble - Marbera\" \/>\n<meta property=\"og:url\" content=\"https:\/\/marbera-studio.com\/fr\/produit\/alexis-duo-tables-cipolino-marble-wood\/\" \/>\n<meta property=\"og:site_name\" content=\"Marbera\" \/>\n<meta property=\"article:modified_time\" content=\"2026-01-07T16:07:16+00:00\" \/>\n<meta property=\"og:image\" content=\"https:\/\/marbera-studio.com\/wp-content\/uploads\/2021\/04\/marbera-alexis-duo-cipolino.png\" \/>\n\t<meta property=\"og:image:width\" content=\"1485\" \/>\n\t<meta property=\"og:image:height\" content=\"1980\" \/>\n\t<meta property=\"og:image:type\" content=\"image\/png\" \/>\n<meta name=\"twitter:card\" content=\"summary_large_image\" \/>\n<meta name=\"twitter:description\" content=\"[vc_row][vc_column][vc_column_text trp_param_show_language=&quot;en_GB&quot; trp_param_show=&quot;true&quot;]The Alexis tables embody a perfect harmony between the warmth of wood and the nobility of marble. Their round base, crafted from solid walnut, supports a double top, one in walnut and the other in Cipolino marble. This subtle yet natural contrast highlights the beauty and complementarity of both materials.  The warm veining of the Cipolino marble echoes the deep tones of the walnut, creating a serene and refined visual dialogue. Together, they bring a sense of understated elegance and organic sophistication to the space, while celebrating the natural richness of noble materials.  Dimensions : L850mm x W800mm x H400mm - L750mm x W700mm x H350mm  If you want specific measures, please to send us an email, we can custom made this product according to your needs.  Maintenance : Your piece is unique and designed to last a lifetime. All our marbles are treated, however, a little care will ensure the longevity of your marble piece. We recommend to use a non-abrasive cloth with mild soapy water. Avoid bleach, vinegar or similar cleaning products.  Variations: All our pieces are handmade and made with natural materials. For this reason, each piece may be subject to variations in color, shade, texture, pores and mineral intrusion. This should be considered an asset as it adds value to the final product, making it unique and exclusive.  Lead time: 6-8 weeks.[\/vc_column_text][vc_column_text trp_param_show_language=&quot;fr_FR&quot; trp_param_show=&quot;true&quot;]  Les tables Alexis incarnent une harmonie parfaite entre la chaleur du bois et la noblesse du marbre. Leur base ronde, r\u00e9alis\u00e9e en noyer massif, soutient un double plateau, l\u2019un en noyer, l\u2019autre en marbre Cipolino. Ce contraste subtil mais naturel met en valeur la beaut\u00e9 et la compl\u00e9mentarit\u00e9 de ces deux mat\u00e9riaux.  Le veinage chaleureux du marbre Cipolino fait \u00e9cho aux nuances profondes du noyer, cr\u00e9ant un dialogue visuel apaisant et raffin\u00e9. Ensemble, ils apportent une \u00e9l\u00e9gance discr\u00e8te et une sophistication organique \u00e0 l\u2019espace, tout en c\u00e9l\u00e9brant la richesse naturelle des mat\u00e9riaux nobles.  Dimensions : L850mm x l800mm x H400mm - L750mm x l700mm x H350mm  Si vous souhaitez des mesures sp\u00e9cifiques, veuillez nous envoyer un email, nous pouvons fabriquer ce produit sur mesure en fonction de vos besoins.  Entretien : Votre pi\u00e8ce est unique et con\u00e7ue pour durer toute une vie. Tous nos marbres sont trait\u00e9s, cependant, un peu de soin assurera la long\u00e9vit\u00e9 de votre pi\u00e8ce en marbre. Nous vous recommandons d&#039;utiliser un chiffon non abrasif avec de l&#039;eau savonneuse douce. \u00c9vitez l&#039;eau de Javel, le vinaigre ou les produits de nettoyage similaires.  Variations : Toutes nos pi\u00e8ces sont faites \u00e0 la main et fabriqu\u00e9es avec des mat\u00e9riaux naturels. Pour cette raison, chaque pi\u00e8ce peut \u00eatre sujette \u00e0 des variations de couleur, de teinte, de texture, de pores et d&#039;intrusion de min\u00e9raux. Ceci doit \u00eatre consid\u00e9r\u00e9 comme un atout car il ajoute de la valeur au produit final, le rendant unique et exclusif.  D\u00e9lai de r\u00e9alisation : 6 \u00e0 8 semaines.[\/vc_column_text][\/vc_column][\/vc_row]\" \/>\n<meta name=\"twitter:label1\" content=\"Dur\u00e9e de lecture estim\u00e9e\" \/>\n\t<meta name=\"twitter:data1\" content=\"1 minute\" \/>\n<script type=\"application\/ld+json\" class=\"yoast-schema-graph\">{\"@context\":\"https:\\\/\\\/schema.org\",\"@graph\":[{\"@type\":\"WebPage\",\"@id\":\"https:\\\/\\\/marbera-studio.com\\\/produit\\\/alexis-duo-tables-cipolino-marble-wood\\\/\",\"url\":\"https:\\\/\\\/marbera-studio.com\\\/produit\\\/alexis-duo-tables-cipolino-marble-wood\\\/\",\"name\":\"Alexis Duo Wood And Cipolino Marble - Marbera\",\"isPartOf\":{\"@id\":\"https:\\\/\\\/marbera-studio.com\\\/#website\"},\"primaryImageOfPage\":{\"@id\":\"https:\\\/\\\/marbera-studio.com\\\/produit\\\/alexis-duo-tables-cipolino-marble-wood\\\/#primaryimage\"},\"image\":{\"@id\":\"https:\\\/\\\/marbera-studio.com\\\/produit\\\/alexis-duo-tables-cipolino-marble-wood\\\/#primaryimage\"},\"thumbnailUrl\":\"https:\\\/\\\/marbera-studio.com\\\/wp-content\\\/uploads\\\/2021\\\/04\\\/marbera-alexis-duo-cipolino.png\",\"datePublished\":\"2021-04-23T04:34:34+00:00\",\"dateModified\":\"2026-01-07T16:07:16+00:00\",\"breadcrumb\":{\"@id\":\"https:\\\/\\\/marbera-studio.com\\\/produit\\\/alexis-duo-tables-cipolino-marble-wood\\\/#breadcrumb\"},\"inLanguage\":\"fr-FR\",\"potentialAction\":[{\"@type\":\"ReadAction\",\"target\":[\"https:\\\/\\\/marbera-studio.com\\\/produit\\\/alexis-duo-tables-cipolino-marble-wood\\\/\"]}]},{\"@type\":\"ImageObject\",\"inLanguage\":\"fr-FR\",\"@id\":\"https:\\\/\\\/marbera-studio.com\\\/produit\\\/alexis-duo-tables-cipolino-marble-wood\\\/#primaryimage\",\"url\":\"https:\\\/\\\/marbera-studio.com\\\/wp-content\\\/uploads\\\/2021\\\/04\\\/marbera-alexis-duo-cipolino.png\",\"contentUrl\":\"https:\\\/\\\/marbera-studio.com\\\/wp-content\\\/uploads\\\/2021\\\/04\\\/marbera-alexis-duo-cipolino.png\",\"width\":1485,\"height\":1980},{\"@type\":\"BreadcrumbList\",\"@id\":\"https:\\\/\\\/marbera-studio.com\\\/produit\\\/alexis-duo-tables-cipolino-marble-wood\\\/#breadcrumb\",\"itemListElement\":[{\"@type\":\"ListItem\",\"position\":1,\"name\":\"Home\",\"item\":\"https:\\\/\\\/marbera-studio.com\\\/\"},{\"@type\":\"ListItem\",\"position\":2,\"name\":\"Shop\",\"item\":\"https:\\\/\\\/marbera-studio.com\\\/shop\\\/\"},{\"@type\":\"ListItem\",\"position\":3,\"name\":\"Alexis Duo Wood And Cipolino Marble\"}]},{\"@type\":\"WebSite\",\"@id\":\"https:\\\/\\\/marbera-studio.com\\\/#website\",\"url\":\"https:\\\/\\\/marbera-studio.com\\\/\",\"name\":\"Marbera\",\"description\":\"Marbera cr\u00e9e du mobilier d\u2019art en marbre et onyx : tables design, pi\u00e8ces sur mesure, savoir-faire artisanal et livraison internationale.\",\"publisher\":{\"@id\":\"https:\\\/\\\/marbera-studio.com\\\/#organization\"},\"potentialAction\":[{\"@type\":\"SearchAction\",\"target\":{\"@type\":\"EntryPoint\",\"urlTemplate\":\"https:\\\/\\\/marbera-studio.com\\\/?s={search_term_string}\"},\"query-input\":{\"@type\":\"PropertyValueSpecification\",\"valueRequired\":true,\"valueName\":\"search_term_string\"}}],\"inLanguage\":\"fr-FR\"},{\"@type\":\"Organization\",\"@id\":\"https:\\\/\\\/marbera-studio.com\\\/#organization\",\"name\":\"Marbera\",\"url\":\"https:\\\/\\\/marbera-studio.com\\\/\",\"logo\":{\"@type\":\"ImageObject\",\"inLanguage\":\"fr-FR\",\"@id\":\"https:\\\/\\\/marbera-studio.com\\\/#\\\/schema\\\/logo\\\/image\\\/\",\"url\":\"https:\\\/\\\/marbera-studio.com\\\/wp-content\\\/uploads\\\/2025\\\/07\\\/MARBERA-LOGO-2025-black.webp\",\"contentUrl\":\"https:\\\/\\\/marbera-studio.com\\\/wp-content\\\/uploads\\\/2025\\\/07\\\/MARBERA-LOGO-2025-black.webp\",\"width\":500,\"height\":62,\"caption\":\"Marbera\"},\"image\":{\"@id\":\"https:\\\/\\\/marbera-studio.com\\\/#\\\/schema\\\/logo\\\/image\\\/\"},\"sameAs\":[\"https:\\\/\\\/www.instagram.com\\\/marbera_\\\/\"]}]}<\/script>\n<!-- \/ Yoast SEO plugin. -->","yoast_head_json":{"title":"Alexis Duo Wood And Cipolino Marble - Marbera","robots":{"index":"index","follow":"follow","max-snippet":"max-snippet:-1","max-image-preview":"max-image-preview:large","max-video-preview":"max-video-preview:-1"},"canonical":"https:\/\/marbera-studio.com\/fr\/produit\/alexis-duo-tables-cipolino-marble-wood\/","og_locale":"fr_FR","og_type":"article","og_title":"Alexis Duo Wood And Cipolino Marble - Marbera","og_url":"https:\/\/marbera-studio.com\/fr\/produit\/alexis-duo-tables-cipolino-marble-wood\/","og_site_name":"Marbera","article_modified_time":"2026-01-07T16:07:16+00:00","og_image":[{"width":1485,"height":1980,"url":"https:\/\/marbera-studio.com\/wp-content\/uploads\/2021\/04\/marbera-alexis-duo-cipolino.png","type":"image\/png"}],"twitter_card":"summary_large_image","twitter_description":"[vc_row][vc_column][vc_column_text trp_param_show_language=\"en_GB\" trp_param_show=\"true\"]The Alexis tables embody a perfect harmony between the warmth of wood and the nobility of marble. Their round base, crafted from solid walnut, supports a double top, one in walnut and the other in Cipolino marble. This subtle yet natural contrast highlights the beauty and complementarity of both materials.  The warm veining of the Cipolino marble echoes the deep tones of the walnut, creating a serene and refined visual dialogue. Together, they bring a sense of understated elegance and organic sophistication to the space, while celebrating the natural richness of noble materials.  Dimensions : L850mm x W800mm x H400mm - L750mm x W700mm x H350mm  If you want specific measures, please to send us an email, we can custom made this product according to your needs.  Maintenance : Your piece is unique and designed to last a lifetime. All our marbles are treated, however, a little care will ensure the longevity of your marble piece. We recommend to use a non-abrasive cloth with mild soapy water. Avoid bleach, vinegar or similar cleaning products.  Variations: All our pieces are handmade and made with natural materials. For this reason, each piece may be subject to variations in color, shade, texture, pores and mineral intrusion. This should be considered an asset as it adds value to the final product, making it unique and exclusive.  Lead time: 6-8 weeks.[\/vc_column_text][vc_column_text trp_param_show_language=\"fr_FR\" trp_param_show=\"true\"]  Les tables Alexis incarnent une harmonie parfaite entre la chaleur du bois et la noblesse du marbre. Leur base ronde, r\u00e9alis\u00e9e en noyer massif, soutient un double plateau, l\u2019un en noyer, l\u2019autre en marbre Cipolino. Ce contraste subtil mais naturel met en valeur la beaut\u00e9 et la compl\u00e9mentarit\u00e9 de ces deux mat\u00e9riaux.  Le veinage chaleureux du marbre Cipolino fait \u00e9cho aux nuances profondes du noyer, cr\u00e9ant un dialogue visuel apaisant et raffin\u00e9. Ensemble, ils apportent une \u00e9l\u00e9gance discr\u00e8te et une sophistication organique \u00e0 l\u2019espace, tout en c\u00e9l\u00e9brant la richesse naturelle des mat\u00e9riaux nobles.  Dimensions : L850mm x l800mm x H400mm - L750mm x l700mm x H350mm  Si vous souhaitez des mesures sp\u00e9cifiques, veuillez nous envoyer un email, nous pouvons fabriquer ce produit sur mesure en fonction de vos besoins.  Entretien : Votre pi\u00e8ce est unique et con\u00e7ue pour durer toute une vie. Tous nos marbres sont trait\u00e9s, cependant, un peu de soin assurera la long\u00e9vit\u00e9 de votre pi\u00e8ce en marbre. Nous vous recommandons d'utiliser un chiffon non abrasif avec de l'eau savonneuse douce. \u00c9vitez l'eau de Javel, le vinaigre ou les produits de nettoyage similaires.  Variations : Toutes nos pi\u00e8ces sont faites \u00e0 la main et fabriqu\u00e9es avec des mat\u00e9riaux naturels. Pour cette raison, chaque pi\u00e8ce peut \u00eatre sujette \u00e0 des variations de couleur, de teinte, de texture, de pores et d'intrusion de min\u00e9raux. Ceci doit \u00eatre consid\u00e9r\u00e9 comme un atout car il ajoute de la valeur au produit final, le rendant unique et exclusif.  D\u00e9lai de r\u00e9alisation : 6 \u00e0 8 semaines.[\/vc_column_text][\/vc_column][\/vc_row]","twitter_misc":{"Dur\u00e9e de lecture estim\u00e9e":"1 minute"},"schema":{"@context":"https:\/\/schema.org","@graph":[{"@type":"WebPage","@id":"https:\/\/marbera-studio.com\/produit\/alexis-duo-tables-cipolino-marble-wood\/","url":"https:\/\/marbera-studio.com\/produit\/alexis-duo-tables-cipolino-marble-wood\/","name":"Alexis Duo Wood And Cipolino Marble - Marbera","isPartOf":{"@id":"https:\/\/marbera-studio.com\/#website"},"primaryImageOfPage":{"@id":"https:\/\/marbera-studio.com\/produit\/alexis-duo-tables-cipolino-marble-wood\/#primaryimage"},"image":{"@id":"https:\/\/marbera-studio.com\/produit\/alexis-duo-tables-cipolino-marble-wood\/#primaryimage"},"thumbnailUrl":"https:\/\/marbera-studio.com\/wp-content\/uploads\/2021\/04\/marbera-alexis-duo-cipolino.png","datePublished":"2021-04-23T04:34:34+00:00","dateModified":"2026-01-07T16:07:16+00:00","breadcrumb":{"@id":"https:\/\/marbera-studio.com\/produit\/alexis-duo-tables-cipolino-marble-wood\/#breadcrumb"},"inLanguage":"fr-FR","potentialAction":[{"@type":"ReadAction","target":["https:\/\/marbera-studio.com\/produit\/alexis-duo-tables-cipolino-marble-wood\/"]}]},{"@type":"ImageObject","inLanguage":"fr-FR","@id":"https:\/\/marbera-studio.com\/produit\/alexis-duo-tables-cipolino-marble-wood\/#primaryimage","url":"https:\/\/marbera-studio.com\/wp-content\/uploads\/2021\/04\/marbera-alexis-duo-cipolino.png","contentUrl":"https:\/\/marbera-studio.com\/wp-content\/uploads\/2021\/04\/marbera-alexis-duo-cipolino.png","width":1485,"height":1980},{"@type":"BreadcrumbList","@id":"https:\/\/marbera-studio.com\/produit\/alexis-duo-tables-cipolino-marble-wood\/#breadcrumb","itemListElement":[{"@type":"ListItem","position":1,"name":"Home","item":"https:\/\/marbera-studio.com\/"},{"@type":"ListItem","position":2,"name":"Shop","item":"https:\/\/marbera-studio.com\/shop\/"},{"@type":"ListItem","position":3,"name":"Alexis Duo Wood And Cipolino Marble"}]},{"@type":"WebSite","@id":"https:\/\/marbera-studio.com\/#website","url":"https:\/\/marbera-studio.com\/","name":"Marbera","description":"Marbera cr\u00e9e du mobilier d\u2019art en marbre et onyx : tables design, pi\u00e8ces sur mesure, savoir-faire artisanal et livraison internationale.","publisher":{"@id":"https:\/\/marbera-studio.com\/#organization"},"potentialAction":[{"@type":"SearchAction","target":{"@type":"EntryPoint","urlTemplate":"https:\/\/marbera-studio.com\/?s={search_term_string}"},"query-input":{"@type":"PropertyValueSpecification","valueRequired":true,"valueName":"search_term_string"}}],"inLanguage":"fr-FR"},{"@type":"Organization","@id":"https:\/\/marbera-studio.com\/#organization","name":"Marbera","url":"https:\/\/marbera-studio.com\/","logo":{"@type":"ImageObject","inLanguage":"fr-FR","@id":"https:\/\/marbera-studio.com\/#\/schema\/logo\/image\/","url":"https:\/\/marbera-studio.com\/wp-content\/uploads\/2025\/07\/MARBERA-LOGO-2025-black.webp","contentUrl":"https:\/\/marbera-studio.com\/wp-content\/uploads\/2025\/07\/MARBERA-LOGO-2025-black.webp","width":500,"height":62,"caption":"Marbera"},"image":{"@id":"https:\/\/marbera-studio.com\/#\/schema\/logo\/image\/"},"sameAs":["https:\/\/www.instagram.com\/marbera_\/"]}]}},"jetpack_sharing_enabled":true,"_links":{"self":[{"href":"https:\/\/marbera-studio.com\/fr\/wp-json\/wp\/v2\/product\/7559","targetHints":{"allow":["GET"]}}],"collection":[{"href":"https:\/\/marbera-studio.com\/fr\/wp-json\/wp\/v2\/product"}],"about":[{"href":"https:\/\/marbera-studio.com\/fr\/wp-json\/wp\/v2\/types\/product"}],"replies":[{"embeddable":true,"href":"https:\/\/marbera-studio.com\/fr\/wp-json\/wp\/v2\/comments?post=7559"}],"wp:featuredmedia":[{"embeddable":true,"href":"https:\/\/marbera-studio.com\/fr\/wp-json\/wp\/v2\/media\/8783"}],"wp:attachment":[{"href":"https:\/\/marbera-studio.com\/fr\/wp-json\/wp\/v2\/media?parent=7559"}],"wp:term":[{"taxonomy":"product_brand","embeddable":true,"href":"https:\/\/marbera-studio.com\/fr\/wp-json\/wp\/v2\/product_brand?post=7559"},{"taxonomy":"product_cat","embeddable":true,"href":"https:\/\/marbera-studio.com\/fr\/wp-json\/wp\/v2\/product_cat?post=7559"},{"taxonomy":"product_tag","embeddable":true,"href":"https:\/\/marbera-studio.com\/fr\/wp-json\/wp\/v2\/product_tag?post=7559"}],"curies":[{"name":"wp","href":"https:\/\/api.w.org\/{rel}","templated":true}]}}