{"id":7587,"date":"2021-01-23T06:40:12","date_gmt":"2021-01-23T05:40:12","guid":{"rendered":"https:\/\/marbera-studio.com\/?post_type=product&#038;p=7587"},"modified":"2026-01-06T22:08:33","modified_gmt":"2026-01-06T21:08:33","slug":"ovio-mirror","status":"publish","type":"product","link":"https:\/\/marbera-studio.com\/fr\/produit\/ovio-mirror\/","title":{"rendered":"Ovio Mirror"},"content":{"rendered":"","protected":false},"excerpt":{"rendered":"<div class=\"vc_row wpb_row row top-row wpb_custom_034b39d9bc6c6b310d69e39f0ccf274f\"><div class=\"vc_column_container col-md-12\"><div class=\"wpb_wrapper vc_column-inner\">\r\n\t<div class=\"wpb_text_column wpb_content_element wpb_custom_7c91d232724f73626cc933bd95b25ff0\" >\r\n\t\t<div class=\"wpb_wrapper\">\r\n\t\t\t<p>Miroir autoportant \u00e0 double face &#8211; Inox poli miroir &amp; Onyx<\/p>\n<p>Ovio est le fruit d\u2019une collaboration unique entre deux univers compl\u00e9mentaires. D\u2019un c\u00f4t\u00e9, Marbera, atelier italien reconnu pour son travail contemporain et minimaliste de la pierre naturelle, qui allie pr\u00e9cision et puret\u00e9 des formes. De l\u2019autre, Dalaya Espace &amp; Objet, studio de design fond\u00e9 par Dounia et Yasmine Lahlou, qui m\u00eale savoir-faire artisanal, innovation technique et sensibilit\u00e9 dans l\u2019utilisation de mat\u00e9riaux nobles tels que l\u2019inox poli miroir et le verre.<\/p>\n<p>Cette rencontre a donn\u00e9 naissance \u00e0 un miroir autoportant \u00e0 l\u2019identit\u00e9 forte o\u00f9 s\u2019exprime la richesse d\u2019un double visage. L\u2019une des faces est r\u00e9alis\u00e9e en inox poli miroir et verre, offrant une surface r\u00e9fl\u00e9chissante d\u2019une grande finesse, capturant la lumi\u00e8re avec intensit\u00e9 et pr\u00e9cision. L\u2019autre face d\u00e9voile la profondeur et la beaut\u00e9 naturelle de l\u2019onyx sublim\u00e9 par le verre qui en r\u00e9v\u00e8le toutes les nuances et textures.<\/p>\n<p>Le contour en inox poli souligne avec \u00e9l\u00e9gance cette dualit\u00e9 des mat\u00e9riaux tandis que la structure interne pens\u00e9e avec rigueur permet au miroir de se tenir debout sans support visible, alliant ainsi l\u00e9g\u00e8ret\u00e9 visuelle et solidit\u00e9. Ovio d\u00e9passe la simple fonction de l\u2019usage pour devenir un objet de contemplation o\u00f9 mati\u00e8re et lumi\u00e8re s\u2019entrelacent dans une harmonie parfaite. Il s\u2019int\u00e8gre dans chaque espace, apportant une signature raffin\u00e9e et singuli\u00e8re.<\/p>\n<p>Dimensions : H33 cm x L20 cm x P9 cm<\/p>\n<p>Personnalisations possibles jusqu\u2019\u00e0 100 cm ou 150 cm de hauteur<\/p>\n<p>Entretient\u00a0 : Pour l\u2019inox et le verre : utiliser un chiffon doux avec un nettoyant adapt\u00e9 Pour l\u2019onyx sous verre : chiffon microfibre l\u00e9g\u00e8rement humide \u00c9viter les produits abrasifs ou corrosifs afin de pr\u00e9server l\u2019\u00e9clat des mat\u00e9riaux.<\/p>\n<p>Variations &amp; Personnalisation: L\u2019onyx peut \u00eatre s\u00e9lectionn\u00e9 dans diff\u00e9rentes teintes selon le projet Chaque pierre pr\u00e9sente des variations naturelles de nuances, textures et inclusions, rendant chaque miroir unique.<\/p>\n<p>D\u00e9lai de livraison : 4 \u00e0 6 semaines.<\/p>\n\r\n\t\t<\/div>\r\n\t<\/div>\r\n<\/div><\/div><\/div>","protected":false},"featured_media":8983,"comment_status":"open","ping_status":"closed","template":"","meta":[],"product_brand":[],"product_cat":[97,15,191,103],"product_tag":[],"class_list":{"0":"post-7587","1":"product","2":"type-product","3":"status-publish","4":"has-post-thumbnail","6":"product_cat-all-products","7":"product_cat-marbera","8":"product_cat-marbera-collection","9":"product_cat-accessories","11":"first","12":"instock","13":"shipping-taxable","14":"purchasable","15":"product-type-simple"},"yoast_head":"<!-- This site is optimized with the Yoast SEO plugin v27.5 - https:\/\/yoast.com\/product\/yoast-seo-wordpress\/ -->\n<title>Ovio Mirror - Marbera<\/title>\n<meta name=\"robots\" content=\"index, follow, max-snippet:-1, max-image-preview:large, max-video-preview:-1\" \/>\n<link rel=\"canonical\" href=\"https:\/\/marbera-studio.com\/fr\/produit\/ovio-mirror\/\" \/>\n<meta property=\"og:locale\" content=\"fr_FR\" \/>\n<meta property=\"og:type\" content=\"article\" \/>\n<meta property=\"og:title\" content=\"Ovio Mirror - Marbera\" \/>\n<meta property=\"og:url\" content=\"https:\/\/marbera-studio.com\/fr\/produit\/ovio-mirror\/\" \/>\n<meta property=\"og:site_name\" content=\"Marbera\" \/>\n<meta property=\"article:modified_time\" content=\"2026-01-06T21:08:33+00:00\" \/>\n<meta property=\"og:image\" content=\"https:\/\/marbera-studio.com\/wp-content\/uploads\/2021\/01\/miroir-ivio-marbera-dalaya-2_3_4_Left_View-copie.jpg\" \/>\n\t<meta property=\"og:image:width\" content=\"1792\" \/>\n\t<meta property=\"og:image:height\" content=\"2400\" \/>\n\t<meta property=\"og:image:type\" content=\"image\/jpeg\" \/>\n<meta name=\"twitter:card\" content=\"summary_large_image\" \/>\n<meta name=\"twitter:description\" content=\"[vc_row][vc_column][vc_column_text trp_param_show_language=&quot;en_GB&quot; trp_param_show=&quot;true&quot;]           Freestanding double-sided mirror - Polished mirror stainless steel &amp; Onyx         Ovio is the result of a unique collaboration between two complementary worlds. On one side, Marbera, an Italian atelier renowned for its contemporary and minimalist work with natural stone, known for precision and purity of form. On the other side, Dalaya Espace &amp; Objet, a design studio founded by Dounia and Yasmine Lahlou, blending artisanal craftsmanship, technical innovation, and a refined sensitivity in the use of noble materials such as polished mirror stainless steel and glass. This encounter gave birth to a freestanding mirror with a strong identity, revealing the richness of a dual character. One side is made of polished mirror stainless steel and glass, offering a refined reflective surface that captures light with intensity and precision. The other side unveils the depth and natural beauty of onyx, enhanced by glass that reveals its full range of nuances and textures. The polished stainless steel frame elegantly emphasizes the duality of the materials, while the rigorously engineered internal structure allows the mirror to stand upright with no visible support \u2014 combining visual lightness with structural solidity. Ovio transcends its functional purpose to become an object of contemplation, where material and light intertwine in perfect harmony. It fits seamlessly into any space, adding a refined and distinctive signature. Dimensions: H33 cm x W20 cm x D9 cmCustomization available up to 100 cm or 150 cm in height       Care instructions\u00a0 : For stainless steel and glass: use a soft cloth with a suitable cleaner. For onyx under glass: use a slightly damp microfiber cloth. Avoid abrasive or corrosive products to preserve the materials&#039; shine.  Variations &amp; Customization : The onyx can be selected in different shades depending on the project.Each stone features natural variations in tones, textures, and inclusions, making every mirror unique.  Lead time: 4-6 weeks.  [\/vc_column_text][vc_column_text trp_param_show_language=&quot;fr_FR&quot; trp_param_show=&quot;true&quot;]  Miroir autoportant \u00e0 double face - Inox poli miroir &amp; Onyx  Ovio est le fruit d\u2019une collaboration unique entre deux univers compl\u00e9mentaires. D\u2019un c\u00f4t\u00e9, Marbera, atelier italien reconnu pour son travail contemporain et minimaliste de la pierre naturelle, qui allie pr\u00e9cision et puret\u00e9 des formes. De l\u2019autre, Dalaya Espace &amp; Objet, studio de design fond\u00e9 par Dounia et Yasmine Lahlou, qui m\u00eale savoir-faire artisanal, innovation technique et sensibilit\u00e9 dans l\u2019utilisation de mat\u00e9riaux nobles tels que l\u2019inox poli miroir et le verre.  Cette rencontre a donn\u00e9 naissance \u00e0 un miroir autoportant \u00e0 l\u2019identit\u00e9 forte o\u00f9 s\u2019exprime la richesse d\u2019un double visage. L\u2019une des faces est r\u00e9alis\u00e9e en inox poli miroir et verre, offrant une surface r\u00e9fl\u00e9chissante d\u2019une grande finesse, capturant la lumi\u00e8re avec intensit\u00e9 et pr\u00e9cision. L\u2019autre face d\u00e9voile la profondeur et la beaut\u00e9 naturelle de l\u2019onyx sublim\u00e9 par le verre qui en r\u00e9v\u00e8le toutes les nuances et textures.  Le contour en inox poli souligne avec \u00e9l\u00e9gance cette dualit\u00e9 des mat\u00e9riaux tandis que la structure interne pens\u00e9e avec rigueur permet au miroir de se tenir debout sans support visible, alliant ainsi l\u00e9g\u00e8ret\u00e9 visuelle et solidit\u00e9. Ovio d\u00e9passe la simple fonction de l\u2019usage pour devenir un objet de contemplation o\u00f9 mati\u00e8re et lumi\u00e8re s\u2019entrelacent dans une harmonie parfaite. Il s\u2019int\u00e8gre dans chaque espace, apportant une signature raffin\u00e9e et singuli\u00e8re.  Dimensions : H33 cm x L20 cm x P9 cm  Personnalisations possibles jusqu\u2019\u00e0 100 cm ou 150 cm de hauteur  Entretient\u00a0 : Pour l\u2019inox et le verre : utiliser un chiffon doux avec un nettoyant adapt\u00e9 Pour l\u2019onyx sous verre : chiffon microfibre l\u00e9g\u00e8rement humide \u00c9viter les produits abrasifs ou corrosifs afin de pr\u00e9server l\u2019\u00e9clat des mat\u00e9riaux.  Variations &amp; Personnalisation: L\u2019onyx peut \u00eatre s\u00e9lectionn\u00e9 dans diff\u00e9rentes teintes selon le projet Chaque pierre pr\u00e9sente des variations naturelles de nuances, textures et inclusions, rendant chaque miroir unique.  D\u00e9lai de livraison : 4 \u00e0 6 semaines.  [\/vc_column_text][\/vc_column][\/vc_row]\" \/>\n<meta name=\"twitter:label1\" content=\"Dur\u00e9e de lecture estim\u00e9e\" \/>\n\t<meta name=\"twitter:data1\" content=\"1 minute\" \/>\n<script type=\"application\/ld+json\" class=\"yoast-schema-graph\">{\"@context\":\"https:\\\/\\\/schema.org\",\"@graph\":[{\"@type\":\"WebPage\",\"@id\":\"https:\\\/\\\/marbera-studio.com\\\/produit\\\/ovio-mirror\\\/\",\"url\":\"https:\\\/\\\/marbera-studio.com\\\/produit\\\/ovio-mirror\\\/\",\"name\":\"Ovio Mirror - Marbera\",\"isPartOf\":{\"@id\":\"https:\\\/\\\/marbera-studio.com\\\/#website\"},\"primaryImageOfPage\":{\"@id\":\"https:\\\/\\\/marbera-studio.com\\\/produit\\\/ovio-mirror\\\/#primaryimage\"},\"image\":{\"@id\":\"https:\\\/\\\/marbera-studio.com\\\/produit\\\/ovio-mirror\\\/#primaryimage\"},\"thumbnailUrl\":\"https:\\\/\\\/marbera-studio.com\\\/wp-content\\\/uploads\\\/2021\\\/01\\\/miroir-ivio-marbera-dalaya-2_3_4_Left_View-copie.jpg\",\"datePublished\":\"2021-01-23T05:40:12+00:00\",\"dateModified\":\"2026-01-06T21:08:33+00:00\",\"breadcrumb\":{\"@id\":\"https:\\\/\\\/marbera-studio.com\\\/produit\\\/ovio-mirror\\\/#breadcrumb\"},\"inLanguage\":\"fr-FR\",\"potentialAction\":[{\"@type\":\"ReadAction\",\"target\":[\"https:\\\/\\\/marbera-studio.com\\\/produit\\\/ovio-mirror\\\/\"]}]},{\"@type\":\"ImageObject\",\"inLanguage\":\"fr-FR\",\"@id\":\"https:\\\/\\\/marbera-studio.com\\\/produit\\\/ovio-mirror\\\/#primaryimage\",\"url\":\"https:\\\/\\\/marbera-studio.com\\\/wp-content\\\/uploads\\\/2021\\\/01\\\/miroir-ivio-marbera-dalaya-2_3_4_Left_View-copie.jpg\",\"contentUrl\":\"https:\\\/\\\/marbera-studio.com\\\/wp-content\\\/uploads\\\/2021\\\/01\\\/miroir-ivio-marbera-dalaya-2_3_4_Left_View-copie.jpg\",\"width\":1792,\"height\":2400},{\"@type\":\"BreadcrumbList\",\"@id\":\"https:\\\/\\\/marbera-studio.com\\\/produit\\\/ovio-mirror\\\/#breadcrumb\",\"itemListElement\":[{\"@type\":\"ListItem\",\"position\":1,\"name\":\"Home\",\"item\":\"https:\\\/\\\/marbera-studio.com\\\/\"},{\"@type\":\"ListItem\",\"position\":2,\"name\":\"Shop\",\"item\":\"https:\\\/\\\/marbera-studio.com\\\/shop\\\/\"},{\"@type\":\"ListItem\",\"position\":3,\"name\":\"Ovio Mirror\"}]},{\"@type\":\"WebSite\",\"@id\":\"https:\\\/\\\/marbera-studio.com\\\/#website\",\"url\":\"https:\\\/\\\/marbera-studio.com\\\/\",\"name\":\"Marbera\",\"description\":\"Marbera cr\u00e9e du mobilier d\u2019art en marbre et onyx : tables design, pi\u00e8ces sur mesure, savoir-faire artisanal et livraison internationale.\",\"publisher\":{\"@id\":\"https:\\\/\\\/marbera-studio.com\\\/#organization\"},\"potentialAction\":[{\"@type\":\"SearchAction\",\"target\":{\"@type\":\"EntryPoint\",\"urlTemplate\":\"https:\\\/\\\/marbera-studio.com\\\/?s={search_term_string}\"},\"query-input\":{\"@type\":\"PropertyValueSpecification\",\"valueRequired\":true,\"valueName\":\"search_term_string\"}}],\"inLanguage\":\"fr-FR\"},{\"@type\":\"Organization\",\"@id\":\"https:\\\/\\\/marbera-studio.com\\\/#organization\",\"name\":\"Marbera\",\"url\":\"https:\\\/\\\/marbera-studio.com\\\/\",\"logo\":{\"@type\":\"ImageObject\",\"inLanguage\":\"fr-FR\",\"@id\":\"https:\\\/\\\/marbera-studio.com\\\/#\\\/schema\\\/logo\\\/image\\\/\",\"url\":\"https:\\\/\\\/marbera-studio.com\\\/wp-content\\\/uploads\\\/2025\\\/07\\\/MARBERA-LOGO-2025-black.webp\",\"contentUrl\":\"https:\\\/\\\/marbera-studio.com\\\/wp-content\\\/uploads\\\/2025\\\/07\\\/MARBERA-LOGO-2025-black.webp\",\"width\":500,\"height\":62,\"caption\":\"Marbera\"},\"image\":{\"@id\":\"https:\\\/\\\/marbera-studio.com\\\/#\\\/schema\\\/logo\\\/image\\\/\"},\"sameAs\":[\"https:\\\/\\\/www.instagram.com\\\/marbera_\\\/\"]}]}<\/script>\n<!-- \/ Yoast SEO plugin. -->","yoast_head_json":{"title":"Ovio Mirror - Marbera","robots":{"index":"index","follow":"follow","max-snippet":"max-snippet:-1","max-image-preview":"max-image-preview:large","max-video-preview":"max-video-preview:-1"},"canonical":"https:\/\/marbera-studio.com\/fr\/produit\/ovio-mirror\/","og_locale":"fr_FR","og_type":"article","og_title":"Ovio Mirror - Marbera","og_url":"https:\/\/marbera-studio.com\/fr\/produit\/ovio-mirror\/","og_site_name":"Marbera","article_modified_time":"2026-01-06T21:08:33+00:00","og_image":[{"width":1792,"height":2400,"url":"https:\/\/marbera-studio.com\/wp-content\/uploads\/2021\/01\/miroir-ivio-marbera-dalaya-2_3_4_Left_View-copie.jpg","type":"image\/jpeg"}],"twitter_card":"summary_large_image","twitter_description":"[vc_row][vc_column][vc_column_text trp_param_show_language=\"en_GB\" trp_param_show=\"true\"]           Freestanding double-sided mirror - Polished mirror stainless steel &amp; Onyx         Ovio is the result of a unique collaboration between two complementary worlds. On one side, Marbera, an Italian atelier renowned for its contemporary and minimalist work with natural stone, known for precision and purity of form. On the other side, Dalaya Espace &amp; Objet, a design studio founded by Dounia and Yasmine Lahlou, blending artisanal craftsmanship, technical innovation, and a refined sensitivity in the use of noble materials such as polished mirror stainless steel and glass. This encounter gave birth to a freestanding mirror with a strong identity, revealing the richness of a dual character. One side is made of polished mirror stainless steel and glass, offering a refined reflective surface that captures light with intensity and precision. The other side unveils the depth and natural beauty of onyx, enhanced by glass that reveals its full range of nuances and textures. The polished stainless steel frame elegantly emphasizes the duality of the materials, while the rigorously engineered internal structure allows the mirror to stand upright with no visible support \u2014 combining visual lightness with structural solidity. Ovio transcends its functional purpose to become an object of contemplation, where material and light intertwine in perfect harmony. It fits seamlessly into any space, adding a refined and distinctive signature. Dimensions: H33 cm x W20 cm x D9 cmCustomization available up to 100 cm or 150 cm in height       Care instructions\u00a0 : For stainless steel and glass: use a soft cloth with a suitable cleaner. For onyx under glass: use a slightly damp microfiber cloth. Avoid abrasive or corrosive products to preserve the materials' shine.  Variations &amp; Customization : The onyx can be selected in different shades depending on the project.Each stone features natural variations in tones, textures, and inclusions, making every mirror unique.  Lead time: 4-6 weeks.  [\/vc_column_text][vc_column_text trp_param_show_language=\"fr_FR\" trp_param_show=\"true\"]  Miroir autoportant \u00e0 double face - Inox poli miroir &amp; Onyx  Ovio est le fruit d\u2019une collaboration unique entre deux univers compl\u00e9mentaires. D\u2019un c\u00f4t\u00e9, Marbera, atelier italien reconnu pour son travail contemporain et minimaliste de la pierre naturelle, qui allie pr\u00e9cision et puret\u00e9 des formes. De l\u2019autre, Dalaya Espace &amp; Objet, studio de design fond\u00e9 par Dounia et Yasmine Lahlou, qui m\u00eale savoir-faire artisanal, innovation technique et sensibilit\u00e9 dans l\u2019utilisation de mat\u00e9riaux nobles tels que l\u2019inox poli miroir et le verre.  Cette rencontre a donn\u00e9 naissance \u00e0 un miroir autoportant \u00e0 l\u2019identit\u00e9 forte o\u00f9 s\u2019exprime la richesse d\u2019un double visage. L\u2019une des faces est r\u00e9alis\u00e9e en inox poli miroir et verre, offrant une surface r\u00e9fl\u00e9chissante d\u2019une grande finesse, capturant la lumi\u00e8re avec intensit\u00e9 et pr\u00e9cision. L\u2019autre face d\u00e9voile la profondeur et la beaut\u00e9 naturelle de l\u2019onyx sublim\u00e9 par le verre qui en r\u00e9v\u00e8le toutes les nuances et textures.  Le contour en inox poli souligne avec \u00e9l\u00e9gance cette dualit\u00e9 des mat\u00e9riaux tandis que la structure interne pens\u00e9e avec rigueur permet au miroir de se tenir debout sans support visible, alliant ainsi l\u00e9g\u00e8ret\u00e9 visuelle et solidit\u00e9. Ovio d\u00e9passe la simple fonction de l\u2019usage pour devenir un objet de contemplation o\u00f9 mati\u00e8re et lumi\u00e8re s\u2019entrelacent dans une harmonie parfaite. Il s\u2019int\u00e8gre dans chaque espace, apportant une signature raffin\u00e9e et singuli\u00e8re.  Dimensions : H33 cm x L20 cm x P9 cm  Personnalisations possibles jusqu\u2019\u00e0 100 cm ou 150 cm de hauteur  Entretient\u00a0 : Pour l\u2019inox et le verre : utiliser un chiffon doux avec un nettoyant adapt\u00e9 Pour l\u2019onyx sous verre : chiffon microfibre l\u00e9g\u00e8rement humide \u00c9viter les produits abrasifs ou corrosifs afin de pr\u00e9server l\u2019\u00e9clat des mat\u00e9riaux.  Variations &amp; Personnalisation: L\u2019onyx peut \u00eatre s\u00e9lectionn\u00e9 dans diff\u00e9rentes teintes selon le projet Chaque pierre pr\u00e9sente des variations naturelles de nuances, textures et inclusions, rendant chaque miroir unique.  D\u00e9lai de livraison : 4 \u00e0 6 semaines.  [\/vc_column_text][\/vc_column][\/vc_row]","twitter_misc":{"Dur\u00e9e de lecture estim\u00e9e":"1 minute"},"schema":{"@context":"https:\/\/schema.org","@graph":[{"@type":"WebPage","@id":"https:\/\/marbera-studio.com\/produit\/ovio-mirror\/","url":"https:\/\/marbera-studio.com\/produit\/ovio-mirror\/","name":"Ovio Mirror - Marbera","isPartOf":{"@id":"https:\/\/marbera-studio.com\/#website"},"primaryImageOfPage":{"@id":"https:\/\/marbera-studio.com\/produit\/ovio-mirror\/#primaryimage"},"image":{"@id":"https:\/\/marbera-studio.com\/produit\/ovio-mirror\/#primaryimage"},"thumbnailUrl":"https:\/\/marbera-studio.com\/wp-content\/uploads\/2021\/01\/miroir-ivio-marbera-dalaya-2_3_4_Left_View-copie.jpg","datePublished":"2021-01-23T05:40:12+00:00","dateModified":"2026-01-06T21:08:33+00:00","breadcrumb":{"@id":"https:\/\/marbera-studio.com\/produit\/ovio-mirror\/#breadcrumb"},"inLanguage":"fr-FR","potentialAction":[{"@type":"ReadAction","target":["https:\/\/marbera-studio.com\/produit\/ovio-mirror\/"]}]},{"@type":"ImageObject","inLanguage":"fr-FR","@id":"https:\/\/marbera-studio.com\/produit\/ovio-mirror\/#primaryimage","url":"https:\/\/marbera-studio.com\/wp-content\/uploads\/2021\/01\/miroir-ivio-marbera-dalaya-2_3_4_Left_View-copie.jpg","contentUrl":"https:\/\/marbera-studio.com\/wp-content\/uploads\/2021\/01\/miroir-ivio-marbera-dalaya-2_3_4_Left_View-copie.jpg","width":1792,"height":2400},{"@type":"BreadcrumbList","@id":"https:\/\/marbera-studio.com\/produit\/ovio-mirror\/#breadcrumb","itemListElement":[{"@type":"ListItem","position":1,"name":"Home","item":"https:\/\/marbera-studio.com\/"},{"@type":"ListItem","position":2,"name":"Shop","item":"https:\/\/marbera-studio.com\/shop\/"},{"@type":"ListItem","position":3,"name":"Ovio Mirror"}]},{"@type":"WebSite","@id":"https:\/\/marbera-studio.com\/#website","url":"https:\/\/marbera-studio.com\/","name":"Marbera","description":"Marbera cr\u00e9e du mobilier d\u2019art en marbre et onyx : tables design, pi\u00e8ces sur mesure, savoir-faire artisanal et livraison internationale.","publisher":{"@id":"https:\/\/marbera-studio.com\/#organization"},"potentialAction":[{"@type":"SearchAction","target":{"@type":"EntryPoint","urlTemplate":"https:\/\/marbera-studio.com\/?s={search_term_string}"},"query-input":{"@type":"PropertyValueSpecification","valueRequired":true,"valueName":"search_term_string"}}],"inLanguage":"fr-FR"},{"@type":"Organization","@id":"https:\/\/marbera-studio.com\/#organization","name":"Marbera","url":"https:\/\/marbera-studio.com\/","logo":{"@type":"ImageObject","inLanguage":"fr-FR","@id":"https:\/\/marbera-studio.com\/#\/schema\/logo\/image\/","url":"https:\/\/marbera-studio.com\/wp-content\/uploads\/2025\/07\/MARBERA-LOGO-2025-black.webp","contentUrl":"https:\/\/marbera-studio.com\/wp-content\/uploads\/2025\/07\/MARBERA-LOGO-2025-black.webp","width":500,"height":62,"caption":"Marbera"},"image":{"@id":"https:\/\/marbera-studio.com\/#\/schema\/logo\/image\/"},"sameAs":["https:\/\/www.instagram.com\/marbera_\/"]}]}},"jetpack_sharing_enabled":true,"_links":{"self":[{"href":"https:\/\/marbera-studio.com\/fr\/wp-json\/wp\/v2\/product\/7587","targetHints":{"allow":["GET"]}}],"collection":[{"href":"https:\/\/marbera-studio.com\/fr\/wp-json\/wp\/v2\/product"}],"about":[{"href":"https:\/\/marbera-studio.com\/fr\/wp-json\/wp\/v2\/types\/product"}],"replies":[{"embeddable":true,"href":"https:\/\/marbera-studio.com\/fr\/wp-json\/wp\/v2\/comments?post=7587"}],"wp:featuredmedia":[{"embeddable":true,"href":"https:\/\/marbera-studio.com\/fr\/wp-json\/wp\/v2\/media\/8983"}],"wp:attachment":[{"href":"https:\/\/marbera-studio.com\/fr\/wp-json\/wp\/v2\/media?parent=7587"}],"wp:term":[{"taxonomy":"product_brand","embeddable":true,"href":"https:\/\/marbera-studio.com\/fr\/wp-json\/wp\/v2\/product_brand?post=7587"},{"taxonomy":"product_cat","embeddable":true,"href":"https:\/\/marbera-studio.com\/fr\/wp-json\/wp\/v2\/product_cat?post=7587"},{"taxonomy":"product_tag","embeddable":true,"href":"https:\/\/marbera-studio.com\/fr\/wp-json\/wp\/v2\/product_tag?post=7587"}],"curies":[{"name":"wp","href":"https:\/\/api.w.org\/{rel}","templated":true}]}}