{"id":7633,"date":"2021-03-24T08:28:45","date_gmt":"2021-03-24T07:28:45","guid":{"rendered":"https:\/\/marbera-studio.com\/?post_type=product&#038;p=7633"},"modified":"2026-01-28T15:11:46","modified_gmt":"2026-01-28T14:11:46","slug":"ida-wood-and-calacatta-viola-marble-console","status":"publish","type":"product","link":"https:\/\/marbera-studio.com\/fr\/produit\/ida-wood-and-calacatta-viola-marble-console\/","title":{"rendered":"Ida Wood And Calacatta Viola Marble Console"},"content":{"rendered":"","protected":false},"excerpt":{"rendered":"<div class=\"vc_row wpb_row row top-row wpb_custom_034b39d9bc6c6b310d69e39f0ccf274f\"><div class=\"vc_column_container col-md-12\"><div class=\"wpb_wrapper vc_column-inner\">\r\n\t<div class=\"wpb_text_column wpb_content_element wpb_custom_7c91d232724f73626cc933bd95b25ff0\" >\r\n\t\t<div class=\"wpb_wrapper\">\r\n\t\t\t<p>La console Ida sublime l\u2019alliance de mat\u00e9riaux pr\u00e9cieux avec un plateau en marbre Calacatta Viola, aux veines intenses et \u00e9l\u00e9gantes, reposant sur deux cylindres massifs en bois brillant. Ce contraste entre la noblesse de la pierre et la chaleur du bois lui conf\u00e8re un caract\u00e8re sculptural et intemporel. Son design minimaliste et contemporain \u00e9voque une pi\u00e8ce architecturale, o\u00f9 la puret\u00e9 des lignes et la richesse des textures cr\u00e9ent une harmonie raffin\u00e9e. V\u00e9ritable \u0153uvre d\u2019art fonctionnelle, elle s\u2019impose comme une pi\u00e8ce ma\u00eetresse dans tout int\u00e9rieur sophistiqu\u00e9.<\/p>\n<p>Dimensions: L1500mm x l350mm x H840mm<\/p>\n<p>Pour des tailles personnalis\u00e9es, ou des couleurs de marbres, veuillez nous contacter par e-mail.<\/p>\n<p>Entretien : Votre pi\u00e8ce est unique et con\u00e7ue pour durer toute une vie. Tous nos marbres sont trait\u00e9s, cependant, un peu de soin assurera la long\u00e9vit\u00e9 de votre pi\u00e8ce en marbre. Nous vous recommandons d&#8217;utiliser un chiffon non abrasif avec de l&#8217;eau savonneuse douce. \u00c9vitez l&#8217;eau de Javel, le vinaigre ou les produits de nettoyage similaires.<\/p>\n<p>Variations : Toutes nos pi\u00e8ces sont faites \u00e0 la main et fabriqu\u00e9es avec des mat\u00e9riaux naturels. Pour cette raison, chaque pi\u00e8ce peut \u00eatre sujette \u00e0 des variations de couleur, de teinte, de texture, de pores et d&#8217;intrusion de min\u00e9raux. Ceci doit \u00eatre consid\u00e9r\u00e9 comme un atout car il ajoute de la valeur au produit final, le rendant unique et exclusif.<\/p>\n<p>D\u00e9lai de r\u00e9alisation : 6 \u00e0 8 semaines<\/p>\n\r\n\t\t<\/div>\r\n\t<\/div>\r\n<\/div><\/div><\/div>","protected":false},"featured_media":8735,"comment_status":"open","ping_status":"closed","template":"","meta":[],"product_brand":[],"product_cat":[97,102,213,15,191],"product_tag":[],"class_list":{"0":"post-7633","1":"product","2":"type-product","3":"status-publish","4":"has-post-thumbnail","6":"product_cat-all-products","7":"product_cat-consoles","8":"product_cat-ida","9":"product_cat-marbera","10":"product_cat-marbera-collection","12":"first","13":"instock","14":"shipping-taxable","15":"purchasable","16":"product-type-simple"},"yoast_head":"<!-- This site is optimized with the Yoast SEO plugin v27.4 - https:\/\/yoast.com\/product\/yoast-seo-wordpress\/ -->\n<title>Ida Wood And Calacatta Viola Marble Console - Marbera<\/title>\n<meta name=\"robots\" content=\"index, follow, max-snippet:-1, max-image-preview:large, max-video-preview:-1\" \/>\n<link rel=\"canonical\" href=\"https:\/\/marbera-studio.com\/fr\/produit\/ida-wood-and-calacatta-viola-marble-console\/\" \/>\n<meta property=\"og:locale\" content=\"fr_FR\" \/>\n<meta property=\"og:type\" content=\"article\" \/>\n<meta property=\"og:title\" content=\"Ida Wood And Calacatta Viola Marble Console - Marbera\" \/>\n<meta property=\"og:url\" content=\"https:\/\/marbera-studio.com\/fr\/produit\/ida-wood-and-calacatta-viola-marble-console\/\" \/>\n<meta property=\"og:site_name\" content=\"Marbera\" \/>\n<meta property=\"article:modified_time\" content=\"2026-01-28T14:11:46+00:00\" \/>\n<meta property=\"og:image\" content=\"https:\/\/marbera-studio.com\/wp-content\/uploads\/2021\/03\/marbera-ida-wood-3.png\" \/>\n\t<meta property=\"og:image:width\" content=\"1312\" \/>\n\t<meta property=\"og:image:height\" content=\"2048\" \/>\n\t<meta property=\"og:image:type\" content=\"image\/png\" \/>\n<meta name=\"twitter:card\" content=\"summary_large_image\" \/>\n<meta name=\"twitter:description\" content=\"[vc_row][vc_column][vc_column_text trp_param_show_language=&quot;en_GB&quot; trp_param_show=&quot;true&quot;]The Ida console highlights the union of precious materials with a Calacatta Viola marble top, its intense and elegant veining resting on two massive glossy wood cylinders. The contrast between the nobility of the stone and the warmth of the wood gives it a sculptural and timeless character. Its minimalist and contemporary design evokes an architectural piece, where the purity of the lines and the richness of the textures create a refined harmony. A true functional work of art, it stands as a centerpiece in any sophisticated interior.  Dimensions: L1500mm x W350mm x H840mm  For custom sizes, or marble colors, please contact us by email.  Maintenance : Your piece is unique and designed to last a lifetime. All our marbles are treated, however, a little care will ensure the longevity of your marble piece. We recommend to use a non-abrasive cloth with mild soapy water. Avoid bleach, vinegar or similar cleaning products.  Variations: All our pieces are handmade and made with natural materials. For this reason, each piece may be subject to variations in color, shade, texture, pores and mineral intrusion. This should be considered an asset as it adds value to the final product, making it unique and exclusive.  Lead time: 6-8 weeks  [\/vc_column_text][vc_column_text trp_param_show_language=&quot;fr_FR&quot; trp_param_show=&quot;true&quot;]La console Ida sublime l\u2019alliance de mat\u00e9riaux pr\u00e9cieux avec un plateau en marbre Calacatta Viola, aux veines intenses et \u00e9l\u00e9gantes, reposant sur deux cylindres massifs en bois brillant. Ce contraste entre la noblesse de la pierre et la chaleur du bois lui conf\u00e8re un caract\u00e8re sculptural et intemporel. Son design minimaliste et contemporain \u00e9voque une pi\u00e8ce architecturale, o\u00f9 la puret\u00e9 des lignes et la richesse des textures cr\u00e9ent une harmonie raffin\u00e9e. V\u00e9ritable \u0153uvre d\u2019art fonctionnelle, elle s\u2019impose comme une pi\u00e8ce ma\u00eetresse dans tout int\u00e9rieur sophistiqu\u00e9.  Dimensions: L1500mm x l350mm x H840mm  Pour des tailles personnalis\u00e9es, ou des couleurs de marbres, veuillez nous contacter par e-mail.  Entretien : Votre pi\u00e8ce est unique et con\u00e7ue pour durer toute une vie. Tous nos marbres sont trait\u00e9s, cependant, un peu de soin assurera la long\u00e9vit\u00e9 de votre pi\u00e8ce en marbre. Nous vous recommandons d&#039;utiliser un chiffon non abrasif avec de l&#039;eau savonneuse douce. \u00c9vitez l&#039;eau de Javel, le vinaigre ou les produits de nettoyage similaires.  Variations : Toutes nos pi\u00e8ces sont faites \u00e0 la main et fabriqu\u00e9es avec des mat\u00e9riaux naturels. Pour cette raison, chaque pi\u00e8ce peut \u00eatre sujette \u00e0 des variations de couleur, de teinte, de texture, de pores et d&#039;intrusion de min\u00e9raux. Ceci doit \u00eatre consid\u00e9r\u00e9 comme un atout car il ajoute de la valeur au produit final, le rendant unique et exclusif.  D\u00e9lai de r\u00e9alisation : 6 \u00e0 8 semaines  [\/vc_column_text][\/vc_column][\/vc_row]\" \/>\n<meta name=\"twitter:label1\" content=\"Dur\u00e9e de lecture estim\u00e9e\" \/>\n\t<meta name=\"twitter:data1\" content=\"1 minute\" \/>\n<script type=\"application\/ld+json\" class=\"yoast-schema-graph\">{\"@context\":\"https:\\\/\\\/schema.org\",\"@graph\":[{\"@type\":\"WebPage\",\"@id\":\"https:\\\/\\\/marbera-studio.com\\\/produit\\\/ida-wood-and-calacatta-viola-marble-console\\\/\",\"url\":\"https:\\\/\\\/marbera-studio.com\\\/produit\\\/ida-wood-and-calacatta-viola-marble-console\\\/\",\"name\":\"Ida Wood And Calacatta Viola Marble Console - Marbera\",\"isPartOf\":{\"@id\":\"https:\\\/\\\/marbera-studio.com\\\/#website\"},\"primaryImageOfPage\":{\"@id\":\"https:\\\/\\\/marbera-studio.com\\\/produit\\\/ida-wood-and-calacatta-viola-marble-console\\\/#primaryimage\"},\"image\":{\"@id\":\"https:\\\/\\\/marbera-studio.com\\\/produit\\\/ida-wood-and-calacatta-viola-marble-console\\\/#primaryimage\"},\"thumbnailUrl\":\"https:\\\/\\\/marbera-studio.com\\\/wp-content\\\/uploads\\\/2021\\\/03\\\/marbera-ida-wood-3.png\",\"datePublished\":\"2021-03-24T07:28:45+00:00\",\"dateModified\":\"2026-01-28T14:11:46+00:00\",\"breadcrumb\":{\"@id\":\"https:\\\/\\\/marbera-studio.com\\\/produit\\\/ida-wood-and-calacatta-viola-marble-console\\\/#breadcrumb\"},\"inLanguage\":\"fr-FR\",\"potentialAction\":[{\"@type\":\"ReadAction\",\"target\":[\"https:\\\/\\\/marbera-studio.com\\\/produit\\\/ida-wood-and-calacatta-viola-marble-console\\\/\"]}]},{\"@type\":\"ImageObject\",\"inLanguage\":\"fr-FR\",\"@id\":\"https:\\\/\\\/marbera-studio.com\\\/produit\\\/ida-wood-and-calacatta-viola-marble-console\\\/#primaryimage\",\"url\":\"https:\\\/\\\/marbera-studio.com\\\/wp-content\\\/uploads\\\/2021\\\/03\\\/marbera-ida-wood-3.png\",\"contentUrl\":\"https:\\\/\\\/marbera-studio.com\\\/wp-content\\\/uploads\\\/2021\\\/03\\\/marbera-ida-wood-3.png\",\"width\":1312,\"height\":2048},{\"@type\":\"BreadcrumbList\",\"@id\":\"https:\\\/\\\/marbera-studio.com\\\/produit\\\/ida-wood-and-calacatta-viola-marble-console\\\/#breadcrumb\",\"itemListElement\":[{\"@type\":\"ListItem\",\"position\":1,\"name\":\"Home\",\"item\":\"https:\\\/\\\/marbera-studio.com\\\/\"},{\"@type\":\"ListItem\",\"position\":2,\"name\":\"Shop\",\"item\":\"https:\\\/\\\/marbera-studio.com\\\/shop\\\/\"},{\"@type\":\"ListItem\",\"position\":3,\"name\":\"Ida Wood And Calacatta Viola Marble Console\"}]},{\"@type\":\"WebSite\",\"@id\":\"https:\\\/\\\/marbera-studio.com\\\/#website\",\"url\":\"https:\\\/\\\/marbera-studio.com\\\/\",\"name\":\"Marbera\",\"description\":\"Marbera cr\u00e9e du mobilier d\u2019art en marbre et onyx : tables design, pi\u00e8ces sur mesure, savoir-faire artisanal et livraison internationale.\",\"publisher\":{\"@id\":\"https:\\\/\\\/marbera-studio.com\\\/#organization\"},\"potentialAction\":[{\"@type\":\"SearchAction\",\"target\":{\"@type\":\"EntryPoint\",\"urlTemplate\":\"https:\\\/\\\/marbera-studio.com\\\/?s={search_term_string}\"},\"query-input\":{\"@type\":\"PropertyValueSpecification\",\"valueRequired\":true,\"valueName\":\"search_term_string\"}}],\"inLanguage\":\"fr-FR\"},{\"@type\":\"Organization\",\"@id\":\"https:\\\/\\\/marbera-studio.com\\\/#organization\",\"name\":\"Marbera\",\"url\":\"https:\\\/\\\/marbera-studio.com\\\/\",\"logo\":{\"@type\":\"ImageObject\",\"inLanguage\":\"fr-FR\",\"@id\":\"https:\\\/\\\/marbera-studio.com\\\/#\\\/schema\\\/logo\\\/image\\\/\",\"url\":\"https:\\\/\\\/marbera-studio.com\\\/wp-content\\\/uploads\\\/2025\\\/07\\\/MARBERA-LOGO-2025-black.webp\",\"contentUrl\":\"https:\\\/\\\/marbera-studio.com\\\/wp-content\\\/uploads\\\/2025\\\/07\\\/MARBERA-LOGO-2025-black.webp\",\"width\":500,\"height\":62,\"caption\":\"Marbera\"},\"image\":{\"@id\":\"https:\\\/\\\/marbera-studio.com\\\/#\\\/schema\\\/logo\\\/image\\\/\"},\"sameAs\":[\"https:\\\/\\\/www.instagram.com\\\/marbera_\\\/\"]}]}<\/script>\n<!-- \/ Yoast SEO plugin. -->","yoast_head_json":{"title":"Ida Wood And Calacatta Viola Marble Console - Marbera","robots":{"index":"index","follow":"follow","max-snippet":"max-snippet:-1","max-image-preview":"max-image-preview:large","max-video-preview":"max-video-preview:-1"},"canonical":"https:\/\/marbera-studio.com\/fr\/produit\/ida-wood-and-calacatta-viola-marble-console\/","og_locale":"fr_FR","og_type":"article","og_title":"Ida Wood And Calacatta Viola Marble Console - Marbera","og_url":"https:\/\/marbera-studio.com\/fr\/produit\/ida-wood-and-calacatta-viola-marble-console\/","og_site_name":"Marbera","article_modified_time":"2026-01-28T14:11:46+00:00","og_image":[{"width":1312,"height":2048,"url":"https:\/\/marbera-studio.com\/wp-content\/uploads\/2021\/03\/marbera-ida-wood-3.png","type":"image\/png"}],"twitter_card":"summary_large_image","twitter_description":"[vc_row][vc_column][vc_column_text trp_param_show_language=\"en_GB\" trp_param_show=\"true\"]The Ida console highlights the union of precious materials with a Calacatta Viola marble top, its intense and elegant veining resting on two massive glossy wood cylinders. The contrast between the nobility of the stone and the warmth of the wood gives it a sculptural and timeless character. Its minimalist and contemporary design evokes an architectural piece, where the purity of the lines and the richness of the textures create a refined harmony. A true functional work of art, it stands as a centerpiece in any sophisticated interior.  Dimensions: L1500mm x W350mm x H840mm  For custom sizes, or marble colors, please contact us by email.  Maintenance : Your piece is unique and designed to last a lifetime. All our marbles are treated, however, a little care will ensure the longevity of your marble piece. We recommend to use a non-abrasive cloth with mild soapy water. Avoid bleach, vinegar or similar cleaning products.  Variations: All our pieces are handmade and made with natural materials. For this reason, each piece may be subject to variations in color, shade, texture, pores and mineral intrusion. This should be considered an asset as it adds value to the final product, making it unique and exclusive.  Lead time: 6-8 weeks  [\/vc_column_text][vc_column_text trp_param_show_language=\"fr_FR\" trp_param_show=\"true\"]La console Ida sublime l\u2019alliance de mat\u00e9riaux pr\u00e9cieux avec un plateau en marbre Calacatta Viola, aux veines intenses et \u00e9l\u00e9gantes, reposant sur deux cylindres massifs en bois brillant. Ce contraste entre la noblesse de la pierre et la chaleur du bois lui conf\u00e8re un caract\u00e8re sculptural et intemporel. Son design minimaliste et contemporain \u00e9voque une pi\u00e8ce architecturale, o\u00f9 la puret\u00e9 des lignes et la richesse des textures cr\u00e9ent une harmonie raffin\u00e9e. V\u00e9ritable \u0153uvre d\u2019art fonctionnelle, elle s\u2019impose comme une pi\u00e8ce ma\u00eetresse dans tout int\u00e9rieur sophistiqu\u00e9.  Dimensions: L1500mm x l350mm x H840mm  Pour des tailles personnalis\u00e9es, ou des couleurs de marbres, veuillez nous contacter par e-mail.  Entretien : Votre pi\u00e8ce est unique et con\u00e7ue pour durer toute une vie. Tous nos marbres sont trait\u00e9s, cependant, un peu de soin assurera la long\u00e9vit\u00e9 de votre pi\u00e8ce en marbre. Nous vous recommandons d'utiliser un chiffon non abrasif avec de l'eau savonneuse douce. \u00c9vitez l'eau de Javel, le vinaigre ou les produits de nettoyage similaires.  Variations : Toutes nos pi\u00e8ces sont faites \u00e0 la main et fabriqu\u00e9es avec des mat\u00e9riaux naturels. Pour cette raison, chaque pi\u00e8ce peut \u00eatre sujette \u00e0 des variations de couleur, de teinte, de texture, de pores et d'intrusion de min\u00e9raux. Ceci doit \u00eatre consid\u00e9r\u00e9 comme un atout car il ajoute de la valeur au produit final, le rendant unique et exclusif.  D\u00e9lai de r\u00e9alisation : 6 \u00e0 8 semaines  [\/vc_column_text][\/vc_column][\/vc_row]","twitter_misc":{"Dur\u00e9e de lecture estim\u00e9e":"1 minute"},"schema":{"@context":"https:\/\/schema.org","@graph":[{"@type":"WebPage","@id":"https:\/\/marbera-studio.com\/produit\/ida-wood-and-calacatta-viola-marble-console\/","url":"https:\/\/marbera-studio.com\/produit\/ida-wood-and-calacatta-viola-marble-console\/","name":"Ida Wood And Calacatta Viola Marble Console - Marbera","isPartOf":{"@id":"https:\/\/marbera-studio.com\/#website"},"primaryImageOfPage":{"@id":"https:\/\/marbera-studio.com\/produit\/ida-wood-and-calacatta-viola-marble-console\/#primaryimage"},"image":{"@id":"https:\/\/marbera-studio.com\/produit\/ida-wood-and-calacatta-viola-marble-console\/#primaryimage"},"thumbnailUrl":"https:\/\/marbera-studio.com\/wp-content\/uploads\/2021\/03\/marbera-ida-wood-3.png","datePublished":"2021-03-24T07:28:45+00:00","dateModified":"2026-01-28T14:11:46+00:00","breadcrumb":{"@id":"https:\/\/marbera-studio.com\/produit\/ida-wood-and-calacatta-viola-marble-console\/#breadcrumb"},"inLanguage":"fr-FR","potentialAction":[{"@type":"ReadAction","target":["https:\/\/marbera-studio.com\/produit\/ida-wood-and-calacatta-viola-marble-console\/"]}]},{"@type":"ImageObject","inLanguage":"fr-FR","@id":"https:\/\/marbera-studio.com\/produit\/ida-wood-and-calacatta-viola-marble-console\/#primaryimage","url":"https:\/\/marbera-studio.com\/wp-content\/uploads\/2021\/03\/marbera-ida-wood-3.png","contentUrl":"https:\/\/marbera-studio.com\/wp-content\/uploads\/2021\/03\/marbera-ida-wood-3.png","width":1312,"height":2048},{"@type":"BreadcrumbList","@id":"https:\/\/marbera-studio.com\/produit\/ida-wood-and-calacatta-viola-marble-console\/#breadcrumb","itemListElement":[{"@type":"ListItem","position":1,"name":"Home","item":"https:\/\/marbera-studio.com\/"},{"@type":"ListItem","position":2,"name":"Shop","item":"https:\/\/marbera-studio.com\/shop\/"},{"@type":"ListItem","position":3,"name":"Ida Wood And Calacatta Viola Marble Console"}]},{"@type":"WebSite","@id":"https:\/\/marbera-studio.com\/#website","url":"https:\/\/marbera-studio.com\/","name":"Marbera","description":"Marbera cr\u00e9e du mobilier d\u2019art en marbre et onyx : tables design, pi\u00e8ces sur mesure, savoir-faire artisanal et livraison internationale.","publisher":{"@id":"https:\/\/marbera-studio.com\/#organization"},"potentialAction":[{"@type":"SearchAction","target":{"@type":"EntryPoint","urlTemplate":"https:\/\/marbera-studio.com\/?s={search_term_string}"},"query-input":{"@type":"PropertyValueSpecification","valueRequired":true,"valueName":"search_term_string"}}],"inLanguage":"fr-FR"},{"@type":"Organization","@id":"https:\/\/marbera-studio.com\/#organization","name":"Marbera","url":"https:\/\/marbera-studio.com\/","logo":{"@type":"ImageObject","inLanguage":"fr-FR","@id":"https:\/\/marbera-studio.com\/#\/schema\/logo\/image\/","url":"https:\/\/marbera-studio.com\/wp-content\/uploads\/2025\/07\/MARBERA-LOGO-2025-black.webp","contentUrl":"https:\/\/marbera-studio.com\/wp-content\/uploads\/2025\/07\/MARBERA-LOGO-2025-black.webp","width":500,"height":62,"caption":"Marbera"},"image":{"@id":"https:\/\/marbera-studio.com\/#\/schema\/logo\/image\/"},"sameAs":["https:\/\/www.instagram.com\/marbera_\/"]}]}},"jetpack_sharing_enabled":true,"_links":{"self":[{"href":"https:\/\/marbera-studio.com\/fr\/wp-json\/wp\/v2\/product\/7633","targetHints":{"allow":["GET"]}}],"collection":[{"href":"https:\/\/marbera-studio.com\/fr\/wp-json\/wp\/v2\/product"}],"about":[{"href":"https:\/\/marbera-studio.com\/fr\/wp-json\/wp\/v2\/types\/product"}],"replies":[{"embeddable":true,"href":"https:\/\/marbera-studio.com\/fr\/wp-json\/wp\/v2\/comments?post=7633"}],"wp:featuredmedia":[{"embeddable":true,"href":"https:\/\/marbera-studio.com\/fr\/wp-json\/wp\/v2\/media\/8735"}],"wp:attachment":[{"href":"https:\/\/marbera-studio.com\/fr\/wp-json\/wp\/v2\/media?parent=7633"}],"wp:term":[{"taxonomy":"product_brand","embeddable":true,"href":"https:\/\/marbera-studio.com\/fr\/wp-json\/wp\/v2\/product_brand?post=7633"},{"taxonomy":"product_cat","embeddable":true,"href":"https:\/\/marbera-studio.com\/fr\/wp-json\/wp\/v2\/product_cat?post=7633"},{"taxonomy":"product_tag","embeddable":true,"href":"https:\/\/marbera-studio.com\/fr\/wp-json\/wp\/v2\/product_tag?post=7633"}],"curies":[{"name":"wp","href":"https:\/\/api.w.org\/{rel}","templated":true}]}}